{"id":11,"date":"2022-02-09T13:46:47","date_gmt":"2022-02-09T13:46:47","guid":{"rendered":"https:\/\/codesandideas.in\/icsa-wp\/?page_id=11"},"modified":"2022-04-07T06:15:17","modified_gmt":"2022-04-07T06:15:17","slug":"freight-forwarding","status":"publish","type":"page","link":"https:\/\/icsagroup.com\/de\/services\/shipping\/freight-forwarding\/","title":{"rendered":"Ekspedirovaniye gruzov"},"content":{"rendered":"<div id=\"pl-11\"  class=\"panel-layout\" ><div id=\"pg-11-0\"  class=\"panel-grid panel-has-style\" ><div class=\"siteorigin-panels-stretch panel-row-style panel-row-style-for-11-0\" data-stretch-type=\"full\" ><div id=\"pgc-11-0-0\"  class=\"panel-grid-cell\" ><div id=\"panel-11-0-0-0\" class=\"so-panel widget widget_media_image panel-first-child panel-last-child\" data-index=\"0\" ><img loading=\"lazy\" decoding=\"async\" width=\"1747\" height=\"1111\" src=\"https:\/\/icsagroup.com\/wp-content\/uploads\/2022\/02\/page-header-scaled-e1646977576981.jpg\" class=\"image wp-image-57  attachment-full size-full\" alt=\"\" style=\"max-width: 100%; height: auto;\" srcset=\"https:\/\/icsagroup.com\/wp-content\/uploads\/2022\/02\/page-header-scaled-e1646977576981.jpg 1747w, https:\/\/icsagroup.com\/wp-content\/uploads\/2022\/02\/page-header-scaled-e1646977576981-300x191.jpg 300w, https:\/\/icsagroup.com\/wp-content\/uploads\/2022\/02\/page-header-scaled-e1646977576981-1024x651.jpg 1024w, https:\/\/icsagroup.com\/wp-content\/uploads\/2022\/02\/page-header-scaled-e1646977576981-768x488.jpg 768w, https:\/\/icsagroup.com\/wp-content\/uploads\/2022\/02\/page-header-scaled-e1646977576981-1536x977.jpg 1536w\" sizes=\"auto, (max-width: 1747px) 100vw, 1747px\" \/><\/div><\/div><\/div><\/div><div id=\"pg-11-1\"  class=\"panel-grid panel-no-style\" ><div id=\"pgc-11-1-0\"  class=\"panel-grid-cell\" ><div id=\"panel-11-1-0-0\" class=\"so-panel widget widget_sow-editor panel-first-child panel-last-child\" data-index=\"1\" ><div class=\"so-widget-sow-editor so-widget-sow-editor-base\"><div class=\"siteorigin-widget-tinymce textwidget\">\n  <p>ICSA hat mit seiner umfassenden Erfahrung im Containerliniengesch\u00e4ft ein solides internes Frachtb\u00fcro aufgebaut. Wir bieten die besten Frachtraten f\u00fcr eine gro\u00dfe Auswahl an Schifffahrtsrouten und Luftfrachtoptionen, um die Lieferzeiten und Kostenerwartungen unserer Kunden zu erf\u00fcllen \u2013 mit vollst\u00e4ndiger Transparenz bei Transaktionen und Abl\u00e4ufen, ohne versteckte Kosten.<\/p>\n<p>ICSA ist ein registrierter und zertifizierter multimodaler Transporteur, wobei unser Multimodales Transportdokument durch erstklassige Versicherungen abgesichert ist. Wir sind zudem von der IATA akkreditiert und verf\u00fcgen \u00fcber Luftfrachtbrief-Best\u00e4nde aller f\u00fchrenden Fluggesellschaften in Indien. Wir genie\u00dfen ausgezeichnete Beziehungen und ein hohes Ansehen bei den f\u00fchrenden Reedereien und Fluggesellschaften am Markt.<\/p>\n<\/div><\/div><\/div><\/div><div id=\"pgc-11-1-1\"  class=\"panel-grid-cell\" ><div id=\"panel-11-1-1-0\" class=\"so-panel widget widget_sow-editor panel-first-child panel-last-child\" data-index=\"2\" ><div class=\"so-widget-sow-editor so-widget-sow-editor-base\"><div class=\"siteorigin-widget-tinymce textwidget\">\n  <ul>\n<li aria-level=\"1\">Breite Auswahl an Schifffahrtsdiensten zur Erf\u00fcllung der Lieferzeiten und Kostenerwartungen der Kunden<\/li>\n<li aria-level=\"1\">Vollst\u00e4ndige Transparenz bei Transaktionen und Abl\u00e4ufen, ohne versteckte Kosten<\/li>\n<li aria-level=\"1\">Ma\u00dfgeschneiderte Routenoptionen f\u00fcr bestes \u201eKosten-Nutzen\u201c-Verh\u00e4ltnis<\/li>\n<li aria-level=\"1\">Verpflichtung zu hochwertiger Kommunikation und Serviceunterst\u00fctzung in jeder Phase<\/li>\n<li aria-level=\"1\">Konsequente Anwendung von Best\u00e4ndigkeit, Zuverl\u00e4ssigkeit und Flexibilit\u00e4t in nachhaltigen L\u00f6sungen<\/li>\n<\/ul>\n<\/div><\/div><\/div><\/div><\/div><div id=\"pg-11-2\"  class=\"panel-grid panel-no-style\" ><div id=\"pgc-11-2-0\"  class=\"panel-grid-cell\" ><div id=\"panel-11-2-0-0\" class=\"so-panel widget widget_sow-editor panel-first-child panel-last-child\" data-index=\"3\" ><div class=\"so-widget-sow-editor so-widget-sow-editor-base\"><div class=\"siteorigin-widget-tinymce textwidget\">\n  <table>\n<tbody>\n<thead>\n<tr>\n<th><b>Seefracht &amp; Luftfracht<\/b>\n<\/th>\n<th><b>Massengut, St\u00fcckgut und \u00fcbergro\u00dfe Ladung (OD Cargo)<\/b>\n<\/th>\n<\/tr>\n<\/thead>\n<\/tbody>\n<tbody>\n<tr>\n<td><span style=\"font-weight: 400;\">FCL-Dienste zu und von weltweiten Zielen \u00fcber globale Frachtvertr\u00e4ge<\/span><\/td>\n<td><span style=\"font-weight: 400;\">Integriertes End-to-End-Logistikmanagement<\/span><\/td>\n<\/tr>\n<tr>\n<td><span style=\"font-weight: 400;\">Direkte LCL-Konsolidierung zu und von verschiedenen Bestimmungsorten<\/span><\/td>\n<td><span style=\"font-weight: 400;\">Sicherstellung operativer Exzellenz und pr\u00e4ziser Planung der Sendungen<\/span><\/td>\n<\/tr>\n<tr>\n<td><span style=\"font-weight: 400;\">Wettbewerbsf\u00e4hige Luftfrachtraten und Verf\u00fcgbarkeit von Frachtraum bei Fluggesellschaften<\/span><\/td>\n<td><span style=\"font-weight: 400;\">Weltweites Netzwerk von Agenten mit exklusivem Zugang zu spezialisierten St\u00fcckgutschiffen und Ausr\u00fcstungen wie 20'- und 40'-Open-Top-Containern, Flat Racks, Schwerlastplattformen usw.<\/span><\/td>\n<\/tr>\n<tr>\n<td><span style=\"font-weight: 400;\">Weltweites Netzwerk hochwertiger Agenten und B\u00fcros<\/span><\/td>\n<td><span style=\"font-weight: 400;\">Dienstleistungen in der Schiffscharter und Maklert\u00e4tigkeit<\/span><\/td>\n<\/tr>\n<tr>\n<td><span style=\"font-weight: 400;\">DDP-, DDU- und Door-to-Door-Services<\/span><\/td>\n<td><span style=\"font-weight: 400;\">Spezialisierte Massengut-Transportl\u00f6sungen (Schuten, Umlader, K\u00fcstenschifffahrt)<\/span><\/td>\n<\/tr>\n<tr>\n<td><span style=\"font-weight: 400;\">Importkonsolidierungsdienste (Seefracht \/ Luftfracht)<\/span><\/td>\n<td><span style=\"font-weight: 400;\">Spezialisierte Umschlagger\u00e4te (Kr\u00e4ne und Greifer)<\/span><\/td>\n<\/tr>\n<tr>\n<td><span style=\"font-weight: 400;\">Umladungsdienste und Switch B\/L \u00fcber ein weltweites Netzwerk von Agenten<\/span><\/td>\n<td><span style=\"font-weight: 400;\">L\u00f6sungen f\u00fcr den Umschlag von Fl\u00fcssigladungen (Fl\u00fcssiglagertanks, Tanker)<\/span><\/td>\n<\/tr>\n<\/tbody>\n<\/table>\n<\/div><\/div><\/div><\/div><\/div><div id=\"pg-11-3\"  class=\"panel-grid panel-no-style\" ><div id=\"pgc-11-3-0\"  class=\"panel-grid-cell\" ><div id=\"panel-11-3-0-0\" class=\"so-panel widget widget_sow-editor panel-first-child panel-last-child\" data-index=\"4\" ><div class=\"title-center panel-widget-style panel-widget-style-for-11-3-0-0\" ><div class=\"so-widget-sow-editor so-widget-sow-editor-base\">  <div class=\"section-title text-center mt-3 mb-4\">\n    <h2>Door to Door<\/h2>\n  <\/div>\n<div class=\"siteorigin-widget-tinymce textwidget\">\n  <p>We are members of leading global freight forwarding networks, which adds strengths to our global offering. Through our smart partnerships with like-minded companies in over 100countries, we offer door-to-door services, including first &amp; last-mile connectivity to minimize our customers' need to interact with multiple agencies, cater to your total logistics requirements &amp; simplify your supply chain.<\/p>\n<p>At ICSA, we can offer you the best experience and tailor-made routing options with the best cost-to-value options. Our commitment to quality communications and service support at every step of the way.<\/p>\n<p style=\"text-align: left;\">\t<div class=\"mt-2\">\n\t\t<ul class=\"list-unstyled m-0 p-0 dd-logos owl-carousel\">\n\t\t\t\t\t\t\t<li><a data-fancybox='group' href='https:\/\/icsagroup.com\/wp-content\/uploads\/2022\/04\/cgli-certificate.jpg'><img decoding=\"async\" src=\"https:\/\/icsagroup.com\/wp-content\/uploads\/2022\/02\/5.-c.jpg\" \/><\/a><\/li>\n\t\t\t\t\t\t\t<li><a data-fancybox='group' href='https:\/\/icsagroup.com\/wp-content\/uploads\/2022\/04\/wca-certificate.jpg'><img decoding=\"async\" src=\"https:\/\/icsagroup.com\/wp-content\/uploads\/2022\/02\/6.-wca.jpg\" \/><\/a><\/li>\n\t\t\t\t\t\t\t<li><a data-fancybox='group' href='https:\/\/icsagroup.com\/wp-content\/uploads\/2022\/02\/7.-amtoi.jpg'><img decoding=\"async\" src=\"https:\/\/icsagroup.com\/wp-content\/uploads\/2022\/02\/7.-amtoi.jpg\" \/><\/a><\/li>\n\t\t\t\t\t\t\t<li><a data-fancybox='group' href='https:\/\/icsagroup.com\/wp-content\/uploads\/2022\/02\/2.-aeo.jpg'><img decoding=\"async\" src=\"https:\/\/icsagroup.com\/wp-content\/uploads\/2022\/02\/2.-aeo.jpg\" \/><\/a><\/li>\n\t\t\t\t\t\t\t<li><a data-fancybox='group' href='https:\/\/icsagroup.com\/wp-content\/uploads\/2022\/04\/iso-certificate.jpg'><img decoding=\"async\" src=\"https:\/\/icsagroup.com\/wp-content\/uploads\/2022\/02\/1.-iso.jpg\" \/><\/a><\/li>\n\t\t\t\t\t<\/ul>\n\t<\/div>\n\n<\/p>\n<\/div><\/div><\/div><\/div><\/div><\/div><\/div>","protected":false},"excerpt":{"rendered":"<p>ICSA, with its vast experience in the Container line business, has developed a solid in-house Freight Desk. We offer the best freight rates to a wide selection of shipping routes and air freight to meet client delivery times and cost expectations with total transparency in transactions &amp; operations with no hidden costs. ICSA is a [&hellip;]<\/p>","protected":false},"author":1,"featured_media":0,"parent":9,"menu_order":0,"comment_status":"closed","ping_status":"closed","template":"","meta":{"footnotes":""},"class_list":["post-11","page","type-page","status-publish","hentry"],"_links":{"self":[{"href":"https:\/\/icsagroup.com\/de\/wp-json\/wp\/v2\/pages\/11","targetHints":{"allow":["GET"]}}],"collection":[{"href":"https:\/\/icsagroup.com\/de\/wp-json\/wp\/v2\/pages"}],"about":[{"href":"https:\/\/icsagroup.com\/de\/wp-json\/wp\/v2\/types\/page"}],"author":[{"embeddable":true,"href":"https:\/\/icsagroup.com\/de\/wp-json\/wp\/v2\/users\/1"}],"replies":[{"embeddable":true,"href":"https:\/\/icsagroup.com\/de\/wp-json\/wp\/v2\/comments?post=11"}],"version-history":[{"count":62,"href":"https:\/\/icsagroup.com\/de\/wp-json\/wp\/v2\/pages\/11\/revisions"}],"predecessor-version":[{"id":777,"href":"https:\/\/icsagroup.com\/de\/wp-json\/wp\/v2\/pages\/11\/revisions\/777"}],"up":[{"embeddable":true,"href":"https:\/\/icsagroup.com\/de\/wp-json\/wp\/v2\/pages\/9"}],"wp:attachment":[{"href":"https:\/\/icsagroup.com\/de\/wp-json\/wp\/v2\/media?parent=11"}],"curies":[{"name":"wp","href":"https:\/\/api.w.org\/{rel}","templated":true}]}}