{"id":23,"date":"2022-02-09T13:47:56","date_gmt":"2022-02-09T13:47:56","guid":{"rendered":"https:\/\/codesandideas.in\/icsa-wp\/?page_id=23"},"modified":"2025-05-06T10:50:41","modified_gmt":"2025-05-06T10:50:41","slug":"custom-clearances","status":"publish","type":"page","link":"https:\/\/icsagroup.com\/de\/services\/logistics\/custom-clearances\/","title":{"rendered":"Zollabfertigung"},"content":{"rendered":"<div id=\"pl-23\"  class=\"panel-layout\" ><div id=\"pg-23-0\"  class=\"panel-grid panel-no-style\" ><div id=\"pgc-23-0-0\"  class=\"panel-grid-cell\" ><div id=\"panel-23-0-0-0\" class=\"so-panel widget widget_media_image panel-first-child\" data-index=\"0\" ><img loading=\"lazy\" decoding=\"async\" width=\"300\" height=\"169\" src=\"https:\/\/icsagroup.com\/wp-content\/uploads\/2024\/06\/banner-300x169.png\" class=\"image wp-image-1176  attachment-medium size-medium\" alt=\"\" style=\"max-width: 100%; height: auto;\" srcset=\"https:\/\/icsagroup.com\/wp-content\/uploads\/2024\/06\/banner-300x169.png 300w, https:\/\/icsagroup.com\/wp-content\/uploads\/2024\/06\/banner-1024x577.png 1024w, https:\/\/icsagroup.com\/wp-content\/uploads\/2024\/06\/banner-768x432.png 768w, https:\/\/icsagroup.com\/wp-content\/uploads\/2024\/06\/banner.png 1499w\" sizes=\"auto, (max-width: 300px) 100vw, 300px\" \/><\/div><div id=\"panel-23-0-0-1\" class=\"so-panel widget widget_sow-editor panel-last-child\" data-index=\"1\" ><div class=\"so-widget-sow-editor so-widget-sow-editor-base\"><div class=\"siteorigin-widget-tinymce textwidget\">\n  <p>Die Zollabfertigung steht seit der Gr\u00fcndung im Mittelpunkt der Aktivit\u00e4ten der Gruppe. In den letzten 92 Jahren hat das Unternehmen sorgf\u00e4ltig einen tadellosen Ruf f\u00fcr Ehrlichkeit, Integrit\u00e4t und Transparenz im Umgang mit den Zollbeh\u00f6rden aufgebaut, deren Respekt gewonnen und genie\u00dft eine hervorragende Beziehung zu ihnen. In Verbindung mit seinen Kernwerten sowie einem hochqualifizierten und erfahrenen Team erm\u00f6glicht dies, einige der schnellsten und effizientesten Abfertigungszeiten in der gesamten Branche anzubieten und sich eindeutig als f\u00fchrender Anbieter im Land zu etablieren.<\/p>\n<p>ICSA wurde 2021 vom indischen Regierungsprogramm Gati Shakti als Bester Zollagent ausgezeichnet \u2013 eine prestigetr\u00e4chtige Auszeichnung, die unserem Gesch\u00e4ftsf\u00fchrer vom ehrenwerten Handels- und Industrieminister \u00fcberreicht wurde.<\/p>\n<p>Technologie ist ein zentrales Element unseres Angebots, und ICSA ist bereits online mit den Zollbeh\u00f6rden verbunden und vollst\u00e4ndig in der Lage, Dokumente elektronisch abzuwickeln. Um die Qualit\u00e4t der Dienstleistungen weiter zu verbessern und sich von anderen zu differenzieren, bietet ICSA seinen Kunden regelm\u00e4\u00dfige, stufenweise Fortschrittsberichte, die speziell auf ihre Anforderungen zugeschnitten sind. ICSA stellt stets die schnellsten und flexibelsten Zollabfertigungsdienste f\u00fcr alle Kunden sicher.<\/p>\n<p>Erfahrene und kompetente F\u00fchrungskr\u00e4fte sind die treibende Kraft der Organisation und gew\u00e4hrleisten die besten Logistikl\u00f6sungen. Eine makellose Erfolgsbilanz seit neun Jahrzehnten mit Hafen \/ CFS und Zoll. Langj\u00e4hrige Kundenbeziehungen mit einer durchschnittlichen Dauer von \u00fcber 30 Jahren.<\/p>\n<p>&nbsp;<\/p>\n<h5 style=\"text-align: center; color: #2b2e71; line-height: 1.5;\"><strong>Aktuelle Belegschaft und Kapazit\u00e4ten in der Zollabfertigung<\/strong><br \/>\n<strong>73 Zollautorisierte Personen, darunter 5 Lizenzinhaber (FORM-F)<\/strong><br \/>\n<strong>9 POA-Inhaber (FORM-G POA), 26 Senioren (FORM-G) und 33 Junioren (FORM-H). <\/strong><\/h5>\n<\/div><\/div><\/div><\/div><\/div><\/div>","protected":false},"excerpt":{"rendered":"<p>Custom Clearance has been at the core of the group&#8217;s activities since its inception. Over the last 92 years, the Company has carefully nurtured &amp; built an impeccable reputation of honesty, integrity &amp; transparency in its dealing with Customs authorities and gained their respect and enjoy an excellent rapport with them. Combined with its core [&hellip;]<\/p>","protected":false},"author":1,"featured_media":0,"parent":21,"menu_order":0,"comment_status":"closed","ping_status":"closed","template":"","meta":{"footnotes":""},"class_list":["post-23","page","type-page","status-publish","hentry"],"_links":{"self":[{"href":"https:\/\/icsagroup.com\/de\/wp-json\/wp\/v2\/pages\/23","targetHints":{"allow":["GET"]}}],"collection":[{"href":"https:\/\/icsagroup.com\/de\/wp-json\/wp\/v2\/pages"}],"about":[{"href":"https:\/\/icsagroup.com\/de\/wp-json\/wp\/v2\/types\/page"}],"author":[{"embeddable":true,"href":"https:\/\/icsagroup.com\/de\/wp-json\/wp\/v2\/users\/1"}],"replies":[{"embeddable":true,"href":"https:\/\/icsagroup.com\/de\/wp-json\/wp\/v2\/comments?post=23"}],"version-history":[{"count":38,"href":"https:\/\/icsagroup.com\/de\/wp-json\/wp\/v2\/pages\/23\/revisions"}],"predecessor-version":[{"id":1264,"href":"https:\/\/icsagroup.com\/de\/wp-json\/wp\/v2\/pages\/23\/revisions\/1264"}],"up":[{"embeddable":true,"href":"https:\/\/icsagroup.com\/de\/wp-json\/wp\/v2\/pages\/21"}],"wp:attachment":[{"href":"https:\/\/icsagroup.com\/de\/wp-json\/wp\/v2\/media?parent=23"}],"curies":[{"name":"wp","href":"https:\/\/api.w.org\/{rel}","templated":true}]}}