{"id":27,"date":"2022-02-09T13:48:43","date_gmt":"2022-02-09T13:48:43","guid":{"rendered":"https:\/\/codesandideas.in\/icsa-wp\/?page_id=27"},"modified":"2022-04-06T09:58:40","modified_gmt":"2022-04-06T09:58:40","slug":"warehousing-distribution","status":"publish","type":"page","link":"https:\/\/icsagroup.com\/de\/services\/logistics\/warehousing-distribution\/","title":{"rendered":"Lagerhaltung &amp; Distribution"},"content":{"rendered":"<div id=\"pl-27\"  class=\"panel-layout\" ><div id=\"pg-27-0\"  class=\"panel-grid panel-no-style\" ><div id=\"pgc-27-0-0\"  class=\"panel-grid-cell\" ><div id=\"panel-27-0-0-0\" class=\"so-panel widget widget_media_image panel-first-child\" data-index=\"0\" ><img loading=\"lazy\" decoding=\"async\" width=\"2048\" height=\"977\" src=\"https:\/\/icsagroup.com\/wp-content\/uploads\/2022\/02\/icsa-warehousing-and-distribution-e1646987570738.jpg\" class=\"image wp-image-166  attachment-full size-full\" alt=\"\" style=\"max-width: 100%; height: auto;\" srcset=\"https:\/\/icsagroup.com\/wp-content\/uploads\/2022\/02\/icsa-warehousing-and-distribution-e1646987570738.jpg 2048w, https:\/\/icsagroup.com\/wp-content\/uploads\/2022\/02\/icsa-warehousing-and-distribution-e1646987570738-300x143.jpg 300w, https:\/\/icsagroup.com\/wp-content\/uploads\/2022\/02\/icsa-warehousing-and-distribution-e1646987570738-1024x489.jpg 1024w, https:\/\/icsagroup.com\/wp-content\/uploads\/2022\/02\/icsa-warehousing-and-distribution-e1646987570738-768x366.jpg 768w, https:\/\/icsagroup.com\/wp-content\/uploads\/2022\/02\/icsa-warehousing-and-distribution-e1646987570738-1536x733.jpg 1536w\" sizes=\"auto, (max-width: 2048px) 100vw, 2048px\" \/><\/div><div id=\"panel-27-0-0-1\" class=\"so-panel widget widget_sow-editor panel-last-child\" data-index=\"1\" ><div class=\"so-widget-sow-editor so-widget-sow-editor-base\"><div class=\"siteorigin-widget-tinymce textwidget\">\n  <p>ICSA verf\u00fcgt \u00fcber exklusive Partnerschaften mit Lagerhaltungsunternehmen im ganzen Land mit dedizierten Lagerfl\u00e4chen f\u00fcr die Aufbewahrung sowie Transitpunkte f\u00fcr die Weiterverteilung. Wir \u00fcbernehmen au\u00dferdem spezialisierte Dienstleistungen wie das Entpacken und erneute Verpacken gem\u00e4\u00df den Anforderungen unserer Kunden.<\/p>\n<p>Durch unsere eigene Lkw-Sparte bieten wir First-Mile- und Last-Mile-Connectivity, entweder in Form von Haust\u00fcrabholungen und -lieferungen oder durch komplexe Distributionsnetzwerke, die speziell auf die Bed\u00fcrfnisse unserer Kunden zugeschnitten sind.<\/p>\n<\/div><\/div><\/div><\/div><\/div><\/div>","protected":false},"excerpt":{"rendered":"<p>ICSA has exclusive tie-ups with warehousing companies across the country with dedicated warehouse space for storage and transit points for onward distribution. We also undertake specialized services such as unpacking &amp; repacking as per the requirements of our customers. Through our trucking arm, we offer first mile &amp; last-mile connectivity either in the form of [&hellip;]<\/p>","protected":false},"author":1,"featured_media":0,"parent":21,"menu_order":0,"comment_status":"closed","ping_status":"closed","template":"","meta":{"footnotes":""},"class_list":["post-27","page","type-page","status-publish","hentry"],"_links":{"self":[{"href":"https:\/\/icsagroup.com\/de\/wp-json\/wp\/v2\/pages\/27","targetHints":{"allow":["GET"]}}],"collection":[{"href":"https:\/\/icsagroup.com\/de\/wp-json\/wp\/v2\/pages"}],"about":[{"href":"https:\/\/icsagroup.com\/de\/wp-json\/wp\/v2\/types\/page"}],"author":[{"embeddable":true,"href":"https:\/\/icsagroup.com\/de\/wp-json\/wp\/v2\/users\/1"}],"replies":[{"embeddable":true,"href":"https:\/\/icsagroup.com\/de\/wp-json\/wp\/v2\/comments?post=27"}],"version-history":[{"count":13,"href":"https:\/\/icsagroup.com\/de\/wp-json\/wp\/v2\/pages\/27\/revisions"}],"predecessor-version":[{"id":769,"href":"https:\/\/icsagroup.com\/de\/wp-json\/wp\/v2\/pages\/27\/revisions\/769"}],"up":[{"embeddable":true,"href":"https:\/\/icsagroup.com\/de\/wp-json\/wp\/v2\/pages\/21"}],"wp:attachment":[{"href":"https:\/\/icsagroup.com\/de\/wp-json\/wp\/v2\/media?parent=27"}],"curies":[{"name":"wp","href":"https:\/\/api.w.org\/{rel}","templated":true}]}}