{"id":33,"date":"2022-02-09T13:49:25","date_gmt":"2022-02-09T13:49:25","guid":{"rendered":"https:\/\/codesandideas.in\/icsa-wp\/?page_id=33"},"modified":"2026-03-28T05:24:43","modified_gmt":"2026-03-28T05:24:43","slug":"projects-break-bulk","status":"publish","type":"page","link":"https:\/\/icsagroup.com\/de\/services\/shipping\/projects-break-bulk\/","title":{"rendered":"Projekte und St\u00fcckgut"},"content":{"rendered":"<div id=\"pl-33\"  class=\"panel-layout\" ><div id=\"pg-33-0\"  class=\"panel-grid panel-no-style\" ><div id=\"pgc-33-0-0\"  class=\"panel-grid-cell\" ><div id=\"panel-33-0-0-0\" class=\"so-panel widget widget_media_image panel-first-child panel-last-child\" data-index=\"0\" ><img loading=\"lazy\" decoding=\"async\" width=\"1000\" height=\"563\" src=\"https:\/\/icsagroup.com\/wp-content\/uploads\/2024\/04\/ICSA-Projects-Break-Bulk-Picture-V1-min.jpeg\" class=\"image wp-image-1142  attachment-full size-full\" alt=\"\" style=\"max-width: 100%; height: auto;\" srcset=\"https:\/\/icsagroup.com\/wp-content\/uploads\/2024\/04\/ICSA-Projects-Break-Bulk-Picture-V1-min.jpeg 1000w, https:\/\/icsagroup.com\/wp-content\/uploads\/2024\/04\/ICSA-Projects-Break-Bulk-Picture-V1-min-300x169.jpeg 300w, https:\/\/icsagroup.com\/wp-content\/uploads\/2024\/04\/ICSA-Projects-Break-Bulk-Picture-V1-min-768x432.jpeg 768w\" sizes=\"auto, (max-width: 1000px) 100vw, 1000px\" \/><\/div><\/div><\/div><div id=\"pg-33-1\"  class=\"panel-grid panel-no-style\" ><div id=\"pgc-33-1-0\"  class=\"panel-grid-cell\" ><div id=\"panel-33-1-0-0\" class=\"so-panel widget widget_media_image panel-first-child panel-last-child\" data-index=\"1\" ><img loading=\"lazy\" decoding=\"async\" width=\"300\" height=\"300\" src=\"https:\/\/icsagroup.com\/wp-content\/uploads\/2024\/03\/ICSA-web-site-min-300x300.png\" class=\"image wp-image-1136  attachment-medium size-medium\" alt=\"\" style=\"max-width: 100%; height: auto;\" srcset=\"https:\/\/icsagroup.com\/wp-content\/uploads\/2024\/03\/ICSA-web-site-min-300x300.png 300w, https:\/\/icsagroup.com\/wp-content\/uploads\/2024\/03\/ICSA-web-site-min-150x150.png 150w, https:\/\/icsagroup.com\/wp-content\/uploads\/2024\/03\/ICSA-web-site-min-768x768.png 768w, https:\/\/icsagroup.com\/wp-content\/uploads\/2024\/03\/ICSA-web-site-min.png 1000w\" sizes=\"auto, (max-width: 300px) 100vw, 300px\" \/><\/div><\/div><div id=\"pgc-33-1-1\"  class=\"panel-grid-cell\" ><div id=\"panel-33-1-1-0\" class=\"so-panel widget widget_sow-editor panel-first-child panel-last-child\" data-index=\"2\" ><div class=\"so-widget-sow-editor so-widget-sow-editor-base\"><div class=\"siteorigin-widget-tinymce textwidget\">\n  <p>Die Projektabteilung von ICSA verf\u00fcgt \u00fcber umfassendes Wissen und Fachkompetenz in der Planung und Durchf\u00fchrung gro\u00dfer Projekte sowie beim Transport von ODC-Fracht (Over Dimensional Cargo). Durch langj\u00e4hrige Erfahrung sind wir in der Lage, integrierte L\u00f6sungen f\u00fcr alle Ihre Projekte und ODC-Transporte bereitzustellen.<\/p>\n<p>ICSA ist stolz auf seinen systematischen Ansatz und das Point-to-Point-Management mit pr\u00e4ziser Routen- und \u00dcbergabepunktplanung, um eine termingerechte Abholung und Lieferung von \u00fcbergro\u00dfen Sendungen und Projektladungen sicherzustellen.<\/p>\n<p>Ob Windkraftanlagenfl\u00fcgel oder Gasturbinen, Generatoren oder Kessel \u2013 jedes ODC und Projekt durchl\u00e4uft einen \u201eVier-Stufen\u201c-Prozess wie nachstehend aufgef\u00fchrt.<\/p>\n<\/div><\/div><\/div><\/div><\/div><div id=\"pg-33-2\"  class=\"panel-grid panel-has-style\" ><div class=\"has-project-columns panel-row-style panel-row-style-for-33-2\" ><div id=\"pgc-33-2-0\"  class=\"panel-grid-cell\" ><div id=\"panel-33-2-0-0\" class=\"so-panel widget widget_sow-editor panel-first-child panel-last-child\" data-index=\"3\" ><div class=\"so-widget-sow-editor so-widget-sow-editor-base\">  <div class=\"section-title text-left mt-3 mb-4\">\n    <h2>Planung und Design<\/h2>\n  <\/div>\n<div class=\"siteorigin-widget-tinymce textwidget\">\n  <ul>\n<li>Verst\u00e4ndnis des Gesch\u00e4fts, seiner Anforderungen und Bed\u00fcrfnisse<\/li>\n<li>Analyse der Dimensionen und Einschr\u00e4nkungen der ODC-Bewegungen<\/li>\n<li>Pr\u00e4zisionsplanung<\/li>\n<li>Identifizierung der f\u00fcr den Transport erforderlichen Ressourcen<\/li>\n<li>Durchf\u00fchrung von Streckenerhebungen und Auswahl zuverl\u00e4ssiger Frachtf\u00fchrer<\/li>\n<li>Ma\u00dfgeschneiderte und kosteneffiziente Preisgestaltung<\/li>\n<li>Entwicklung eines optimalen Plans, der von allen Beteiligten akzeptiert wird<\/li>\n<\/ul>\n<\/div><\/div><\/div><\/div><div id=\"pgc-33-2-1\"  class=\"panel-grid-cell\" ><div id=\"panel-33-2-1-0\" class=\"so-panel widget widget_sow-editor panel-first-child panel-last-child\" data-index=\"4\" ><div class=\"so-widget-sow-editor so-widget-sow-editor-base\">  <div class=\"section-title text-left mt-3 mb-4\">\n    <h2>Strategie und Umsetzung<\/h2>\n  <\/div>\n<div class=\"siteorigin-widget-tinymce textwidget\">\n  <ul>\n<li>Integriertes End-to-End-Logistikmanagement<\/li>\n<li>Durchf\u00fchrung von Projekten durch sorgf\u00e4ltige Planung und termingerechte Abholung &amp; Lieferung<\/li>\n<li>Organisation von Sicherheit zur Begleitung sensibler Fracht<\/li>\n<li>Vor-Ort-Management &amp; Koordination mit Kunden<\/li>\n<li>Ad-hoc-Entscheidungen und alternative Pl\u00e4ne<\/li>\n<li>Gew\u00e4hrleistung korrekter Verzurrung &amp; Blockierung sowie Bereitstellung von ausreichend Stauholz f\u00fcr den Transport<\/li>\n<\/ul>\n<\/div><\/div><\/div><\/div><\/div><\/div><div id=\"pg-33-3\"  class=\"panel-grid panel-has-style\" ><div class=\"has-project-columns panel-row-style panel-row-style-for-33-3\" ><div id=\"pgc-33-3-0\"  class=\"panel-grid-cell\" ><div id=\"panel-33-3-0-0\" class=\"so-panel widget widget_sow-editor panel-first-child panel-last-child\" data-index=\"5\" ><div class=\"so-widget-sow-editor so-widget-sow-editor-base\">  <div class=\"section-title text-left mt-3 mb-4\">\n    <h2>Transport und Infrastruktur<\/h2>\n  <\/div>\n<div class=\"siteorigin-widget-tinymce textwidget\">\n  <ul>\n<li>Zugang zu einem umfassenden Netzwerk hochentwickelter Lkw und Anh\u00e4nger wie Hochbett-, Tieflader-, Mehrachs- und Schwerlastfahrzeuge sowie speziell gefertigte Transportmittel f\u00fcr ODC-Transporte<\/li>\n<li>Spezialisierte Umschlagger\u00e4te (Krane &amp; Hebezeuge, Zangen &amp; Greifer)<\/li>\n<\/ul>\n<\/div><\/div><\/div><\/div><div id=\"pgc-33-3-1\"  class=\"panel-grid-cell\" ><div id=\"panel-33-3-1-0\" class=\"so-panel widget widget_sow-editor panel-first-child panel-last-child\" data-index=\"6\" ><div class=\"so-widget-sow-editor so-widget-sow-editor-base\">  <div class=\"section-title text-left mt-3 mb-4\">\n    <h2>Schifffahrt und Fracht<\/h2>\n  <\/div>\n<div class=\"siteorigin-widget-tinymce textwidget\">\n  <ul>\n<li>Worldwide network of professional Agents with exclusive access to specialized break bulk ships and equipment like 20\u2019and 40 \u2018Open tops, Flat racks, Heavy Duty and Mafi, etc.<\/li>\n<li>Schiffs- und Luftcharterdienste<\/li>\n<li>Spezialisierte Massengut-Transportl\u00f6sungen (Schuten, Umlader, K\u00fcstenschifffahrt)<\/li>\n<\/ul>\n<\/div><\/div><\/div><\/div><\/div><\/div><div id=\"pg-33-4\"  class=\"panel-grid panel-no-style\" ><div id=\"pgc-33-4-0\"  class=\"panel-grid-cell\" ><div id=\"panel-33-4-0-0\" class=\"so-panel widget widget_text panel-first-child panel-last-child\" data-index=\"7\" >\t\t\t<div class=\"textwidget\">\t<div class=\"image-gallery px-5 mb-5\">\n\t\t<div class=\"owl-carousel gallery-carousel\">\n\t\t\t\t\t<\/div>\n\t<\/div>\n\n\n<\/div>\n\t\t<\/div><\/div><\/div><\/div>","protected":false},"excerpt":{"rendered":"<p>ICSA Projects division has extensive knowledge and expertise in planning and executing large Projects and OD Cargo movement. Wisdom gained by experience helps us to provide integrated solutions to all your Projects and OD Cargo movements. ICSA prides itself on its systematic approach and point-to-point management with planning routes and transfer points to ensure prompt [&hellip;]<\/p>","protected":false},"author":1,"featured_media":0,"parent":9,"menu_order":0,"comment_status":"closed","ping_status":"closed","template":"","meta":{"footnotes":""},"class_list":["post-33","page","type-page","status-publish","hentry"],"_links":{"self":[{"href":"https:\/\/icsagroup.com\/de\/wp-json\/wp\/v2\/pages\/33","targetHints":{"allow":["GET"]}}],"collection":[{"href":"https:\/\/icsagroup.com\/de\/wp-json\/wp\/v2\/pages"}],"about":[{"href":"https:\/\/icsagroup.com\/de\/wp-json\/wp\/v2\/types\/page"}],"author":[{"embeddable":true,"href":"https:\/\/icsagroup.com\/de\/wp-json\/wp\/v2\/users\/1"}],"replies":[{"embeddable":true,"href":"https:\/\/icsagroup.com\/de\/wp-json\/wp\/v2\/comments?post=33"}],"version-history":[{"count":28,"href":"https:\/\/icsagroup.com\/de\/wp-json\/wp\/v2\/pages\/33\/revisions"}],"predecessor-version":[{"id":1336,"href":"https:\/\/icsagroup.com\/de\/wp-json\/wp\/v2\/pages\/33\/revisions\/1336"}],"up":[{"embeddable":true,"href":"https:\/\/icsagroup.com\/de\/wp-json\/wp\/v2\/pages\/9"}],"wp:attachment":[{"href":"https:\/\/icsagroup.com\/de\/wp-json\/wp\/v2\/media?parent=33"}],"curies":[{"name":"wp","href":"https:\/\/api.w.org\/{rel}","templated":true}]}}