{"id":85,"date":"2022-02-09T16:05:07","date_gmt":"2022-02-09T16:05:07","guid":{"rendered":"https:\/\/codesandideas.in\/icsa-wp\/?page_id=85"},"modified":"2022-07-04T11:08:01","modified_gmt":"2022-07-04T11:08:01","slug":"who-we-are","status":"publish","type":"page","link":"https:\/\/icsagroup.com\/de\/about-us\/who-we-are\/","title":{"rendered":"Wer wir sind"},"content":{"rendered":"<div id=\"pl-85\"  class=\"panel-layout\" ><div id=\"pg-85-0\"  class=\"panel-grid panel-has-style\" ><div class=\"panel-row-style panel-row-style-for-85-0\" ><div id=\"pgc-85-0-0\"  class=\"panel-grid-cell\" ><div id=\"panel-85-0-0-0\" class=\"so-panel widget widget_media_image panel-first-child panel-last-child\" data-index=\"0\" ><img loading=\"lazy\" decoding=\"async\" width=\"853\" height=\"431\" src=\"https:\/\/icsagroup.com\/wp-content\/uploads\/2022\/04\/icsa-who-we-are.jpeg\" class=\"image wp-image-783  attachment-full size-full\" alt=\"\" style=\"max-width: 100%; height: auto;\" srcset=\"https:\/\/icsagroup.com\/wp-content\/uploads\/2022\/04\/icsa-who-we-are.jpeg 853w, https:\/\/icsagroup.com\/wp-content\/uploads\/2022\/04\/icsa-who-we-are-300x152.jpeg 300w, https:\/\/icsagroup.com\/wp-content\/uploads\/2022\/04\/icsa-who-we-are-768x388.jpeg 768w\" sizes=\"auto, (max-width: 853px) 100vw, 853px\" \/><\/div><\/div><\/div><\/div><div id=\"pg-85-1\"  class=\"panel-grid panel-has-style\" ><div class=\"panel-row-style panel-row-style-for-85-1\" ><div id=\"pgc-85-1-0\"  class=\"panel-grid-cell\" ><div id=\"panel-85-1-0-0\" class=\"so-panel widget widget_sow-editor panel-first-child panel-last-child\" data-index=\"1\" ><div class=\"so-widget-sow-editor so-widget-sow-editor-base\"><div class=\"siteorigin-widget-tinymce textwidget\">\n  <p>ICSA ist ein langj\u00e4hriger und gut etablierter Anbieter integrierter Logistikdienstleistungen mit Hauptsitz in Chennai und Niederlassungen in \u00fcber 10 gro\u00dfen St\u00e4dten Indiens. In den letzten 90 Jahren seit seiner Gr\u00fcndung hat sich ICSA zu einem f\u00fchrenden Akteur im Bereich Schifffahrtslogistik und Mobilit\u00e4t entwickelt.<\/p>\n<p>Das Unternehmen ist stets auf der Suche nach spannenden M\u00f6glichkeiten, innovative L\u00f6sungen zu entwerfen und umzusetzen, indem es eine Kombination aus maritimen und landgest\u00fctzten Ressourcen nutzt. ICSA setzt auf den Aufbau strategischer Netzwerke und starker globaler Partnerschaften, um neue Wege zu erschlie\u00dfen. Wir priorisieren unsere Ressourcen, Erfahrung und Marktkenntnisse, um Einblicke in einzigartige Marktchancen zu gewinnen.<\/p>\n<\/div><\/div><\/div><\/div><div id=\"pgc-85-1-1\"  class=\"panel-grid-cell\" ><div id=\"panel-85-1-1-0\" class=\"so-panel widget widget_sow-editor panel-first-child panel-last-child\" data-index=\"2\" ><div class=\"so-widget-sow-editor so-widget-sow-editor-base\"><div class=\"siteorigin-widget-tinymce textwidget\">\n  <p>ICSA genie\u00dft gro\u00dfen Respekt bei den indischen Zoll- und See\u00adbeh\u00f6rden. In Zusammenarbeit mit diesen hat das Unternehmen viele wichtige Regierungsinitiativen ma\u00dfgeblich mitgestaltet und federf\u00fchrend umgesetzt \u2013 zum Nutzen des Handels. Die Regierung Indiens hat den Beitrag der Gruppe zur Branche offiziell anerkannt.<\/p>\n<p>In den letzten neun Jahrzehnten hat ICSA zahlreiche Greenfield-M\u00f6glichkeiten erschlossen und starke, loyale Kundenbeziehungen aufgebaut, die das Fundament unseres Erfolgs bilden. Wir glauben fest an den Aufbau langfristiger Beziehungen zu Kunden und Stakeholdern. Transparenz und Ethik stehen f\u00fcr uns an erster Stelle, um Vertrauen zu schaffen, und ICSA ist stolz darauf, \u00fcber die Jahrzehnte hinweg viele solcher Beziehungen aufgebaut zu haben.<\/p>\n<\/div><\/div><\/div><\/div><\/div><\/div><\/div>","protected":false},"excerpt":{"rendered":"<p>ICSA is a long-standing and well-established Integrated Logistics Service Provider Headquartered in Chennai, with branches over 10 major cities in India. Over the last 90 years since its beginning, ICSA today has evolved into a leading player in Shipping Logistics and Mobility. The organisation is always looking for exciting opportunities to design and implement innovative [&hellip;]<\/p>","protected":false},"author":1,"featured_media":0,"parent":83,"menu_order":0,"comment_status":"closed","ping_status":"closed","template":"","meta":{"footnotes":""},"class_list":["post-85","page","type-page","status-publish","hentry"],"_links":{"self":[{"href":"https:\/\/icsagroup.com\/de\/wp-json\/wp\/v2\/pages\/85","targetHints":{"allow":["GET"]}}],"collection":[{"href":"https:\/\/icsagroup.com\/de\/wp-json\/wp\/v2\/pages"}],"about":[{"href":"https:\/\/icsagroup.com\/de\/wp-json\/wp\/v2\/types\/page"}],"author":[{"embeddable":true,"href":"https:\/\/icsagroup.com\/de\/wp-json\/wp\/v2\/users\/1"}],"replies":[{"embeddable":true,"href":"https:\/\/icsagroup.com\/de\/wp-json\/wp\/v2\/comments?post=85"}],"version-history":[{"count":68,"href":"https:\/\/icsagroup.com\/de\/wp-json\/wp\/v2\/pages\/85\/revisions"}],"predecessor-version":[{"id":329,"href":"https:\/\/icsagroup.com\/de\/wp-json\/wp\/v2\/pages\/85\/revisions\/329"}],"up":[{"embeddable":true,"href":"https:\/\/icsagroup.com\/de\/wp-json\/wp\/v2\/pages\/83"}],"wp:attachment":[{"href":"https:\/\/icsagroup.com\/de\/wp-json\/wp\/v2\/media?parent=85"}],"curies":[{"name":"wp","href":"https:\/\/api.w.org\/{rel}","templated":true}]}}