{"id":87,"date":"2022-02-09T16:05:32","date_gmt":"2022-02-09T16:05:32","guid":{"rendered":"https:\/\/codesandideas.in\/icsa-wp\/?page_id=87"},"modified":"2022-03-28T11:19:53","modified_gmt":"2022-03-28T11:19:53","slug":"vision-mission-quality-policy-philosophy","status":"publish","type":"page","link":"https:\/\/icsagroup.com\/de\/about-us\/vision-mission-quality-policy-philosophy\/","title":{"rendered":"Vision, Mission, Qualit\u00e4tspolitik &amp; Philosophie"},"content":{"rendered":"<div id=\"pl-87\"  class=\"panel-layout\" ><div id=\"pg-87-0\"  class=\"panel-grid panel-has-style\" ><div class=\"panel-row-style panel-row-style-for-87-0\" ><div id=\"pgc-87-0-0\"  class=\"panel-grid-cell\" ><div id=\"panel-87-0-0-0\" class=\"so-panel widget widget_sow-editor panel-first-child panel-last-child\" data-index=\"0\" ><div class=\"title-left panel-widget-style panel-widget-style-for-87-0-0-0\" ><div class=\"so-widget-sow-editor so-widget-sow-editor-base\"><div class=\"siteorigin-widget-tinymce textwidget\">\n  \t<div class=\"vm-grid d-flex gap-5 flex-column mb-5 mt-3\">\n\t\t\t\t\t<div class=\"vm-item\">\n\t\t\t\t<h3 class=\"fw-bold\">Unsere Vision<\/h3>\n\t\t\t\t<div class=\"d-flex jusitify-content-between content\">\n\t\t\t\t\t<div class=\"icon\"><img decoding=\"async\" src=\"https:\/\/icsagroup.com\/wp-content\/uploads\/2022\/03\/1.png\" alt=\"\"><\/div>\n\t\t\t\t\t<div class=\"text\">Eine ikonische Marke mit globaler Pr\u00e4senz zu sein, die spezifische L\u00f6sungen bietet, um die einzigartigen Logistikherausforderungen unserer Kunden zu bew\u00e4ltigen \u2013 durch einen logischen und analytischen Ansatz mit einer optimalen Kombination aus Menschen, Prozessen und Technologie.  <\/div>\n\t\t\t\t<\/div>\n\t\t\t<\/div>\n\t\t\t\t\t<div class=\"vm-item\">\n\t\t\t\t<h3 class=\"fw-bold\">Unsere Mission<\/h3>\n\t\t\t\t<div class=\"d-flex jusitify-content-between content\">\n\t\t\t\t\t<div class=\"icon\"><img decoding=\"async\" src=\"https:\/\/icsagroup.com\/wp-content\/uploads\/2022\/03\/2.png\" alt=\"\"><\/div>\n\t\t\t\t\t<div class=\"text\">Ein engagiertes Team hochqualifizierter Fachkr\u00e4fte zu f\u00f6rdern und zu bef\u00e4higen, den Schwerpunkt auf den Aufbau langfristiger Beziehungen zu legen, indem ein beratender Ansatz verfolgt wird, um Transparenz und Reaktionsf\u00e4higkeit gegen\u00fcber all unseren Partnern sicherzustellen und so ein nachhaltiges und integratives Wachstum zum gegenseitigen Nutzen aller unserer Interessengruppen zu gew\u00e4hrleisten.<\/div>\n\t\t\t\t<\/div>\n\t\t\t<\/div>\n\t\t\t\t\t<div class=\"vm-item\">\n\t\t\t\t<h3 class=\"fw-bold\">Qualit\u00e4tspolitik<\/h3>\n\t\t\t\t<div class=\"d-flex jusitify-content-between content\">\n\t\t\t\t\t<div class=\"icon\"><img decoding=\"async\" src=\"https:\/\/icsagroup.com\/wp-content\/uploads\/2022\/03\/3.png\" alt=\"\"><\/div>\n\t\t\t\t\t<div class=\"text\">Wir verpflichten uns, all unseren Kunden ein einzigartiges Wertversprechen zu bieten \u2013 durch kosteneffiziente, branchenf\u00fchrende L\u00f6sungen unter effektiver Nutzung von Technologie und Innovation, um sie jedes Mal aufs Neue zu begeistern. <\/div>\n\t\t\t\t<\/div>\n\t\t\t<\/div>\n\t\t\t<\/div>\n\n\n<\/div><\/div><\/div><\/div><\/div><\/div><\/div><div id=\"pg-87-1\"  class=\"panel-grid panel-has-style\" ><div class=\"siteorigin-panels-stretch panel-row-style panel-row-style-for-87-1\" data-stretch-type=\"full\" ><div id=\"pgc-87-1-0\"  class=\"panel-grid-cell\" ><div id=\"panel-87-1-0-0\" class=\"so-panel widget widget_sow-editor panel-first-child panel-last-child\" data-index=\"1\" ><div class=\"title-center panel-widget-style panel-widget-style-for-87-1-0-0\" ><div class=\"so-widget-sow-editor so-widget-sow-editor-base\">  <div class=\"section-title text-center mt-3 mb-4\">\n    <h2>KERNWERTE<\/h2>\n  <\/div>\n<div class=\"siteorigin-widget-tinymce textwidget\">\n  <table class=\"icsa-group-table mt-5\">\n<tbody>\n<tr>\n<td>I<\/td>\n<td>Integrit\u00e4t und Transparenz in unseren Worten und unseren Handlungen<\/td>\n<\/tr>\n<tr>\n<td>C<\/td>\n<td>Engagiert, unser Bestes zu geben durch sorgf\u00e4ltige Analyse und logisches Denken<\/td>\n<\/tr>\n<tr>\n<td>S<\/td>\n<td>Aufrichtig in unseren Bem\u00fchungen, unsere Kunden zu begeistern<\/td>\n<\/tr>\n<tr>\n<td>A<\/td>\n<td>Agil und flexibel in unserer F\u00e4higkeit, uns an Ver\u00e4nderungen anzupassen<\/td>\n<\/tr>\n<tr>\n<td>G<\/td>\n<td>Wachstumsorientiert in unserem Ansatz \u2013 nachhaltig und inklusiv<\/td>\n<\/tr>\n<tr>\n<td>R<\/td>\n<td>Verantwortungsbewusst in unseren Handlungen \u2013 gegen\u00fcber der Gesellschaft und unseren Mitarbeitern<\/td>\n<\/tr>\n<tr>\n<td>O<\/td>\n<td>Unkonventionell in unserem Denken \u2013 innovativ und kreativ<\/td>\n<\/tr>\n<tr>\n<td>U<\/td>\n<td>Unbeirrt in unseren Bem\u00fchungen, Widrigkeiten zu \u00fcberwinden<\/td>\n<\/tr>\n<tr>\n<td>P<\/td>\n<td>Professionelles und motiviertes Personal \u2013 unsere St\u00e4rke, unser R\u00fcckgrat<\/td>\n<\/tr>\n<\/tbody>\n<\/table>\n<\/div><\/div><\/div><\/div><\/div><\/div><\/div><\/div>","protected":false},"excerpt":{"rendered":"<p>I Integrity &amp; Transparency in our Words &amp; our Actions C Committed to give our best through careful analysis &amp; logical thought S Sincere in our Efforts to Delight our Customers A Agile &amp; Flexible in our Ability to Adapt to Change G Growth Focussed in our Approach, Sustainably &amp; Inclusively R Responsible in our [&hellip;]<\/p>","protected":false},"author":1,"featured_media":0,"parent":83,"menu_order":0,"comment_status":"closed","ping_status":"closed","template":"","meta":{"footnotes":""},"class_list":["post-87","page","type-page","status-publish","hentry"],"_links":{"self":[{"href":"https:\/\/icsagroup.com\/de\/wp-json\/wp\/v2\/pages\/87","targetHints":{"allow":["GET"]}}],"collection":[{"href":"https:\/\/icsagroup.com\/de\/wp-json\/wp\/v2\/pages"}],"about":[{"href":"https:\/\/icsagroup.com\/de\/wp-json\/wp\/v2\/types\/page"}],"author":[{"embeddable":true,"href":"https:\/\/icsagroup.com\/de\/wp-json\/wp\/v2\/users\/1"}],"replies":[{"embeddable":true,"href":"https:\/\/icsagroup.com\/de\/wp-json\/wp\/v2\/comments?post=87"}],"version-history":[{"count":75,"href":"https:\/\/icsagroup.com\/de\/wp-json\/wp\/v2\/pages\/87\/revisions"}],"predecessor-version":[{"id":710,"href":"https:\/\/icsagroup.com\/de\/wp-json\/wp\/v2\/pages\/87\/revisions\/710"}],"up":[{"embeddable":true,"href":"https:\/\/icsagroup.com\/de\/wp-json\/wp\/v2\/pages\/83"}],"wp:attachment":[{"href":"https:\/\/icsagroup.com\/de\/wp-json\/wp\/v2\/media?parent=87"}],"curies":[{"name":"wp","href":"https:\/\/api.w.org\/{rel}","templated":true}]}}