{"id":89,"date":"2022-02-09T16:05:45","date_gmt":"2022-02-09T16:05:45","guid":{"rendered":"https:\/\/codesandideas.in\/icsa-wp\/?page_id=89"},"modified":"2022-07-28T05:51:44","modified_gmt":"2022-07-28T05:51:44","slug":"history","status":"publish","type":"page","link":"https:\/\/icsagroup.com\/de\/about-us\/history\/","title":{"rendered":"Unsere Geschichte"},"content":{"rendered":"<div id=\"pl-89\"  class=\"panel-layout\" ><div id=\"pg-89-0\"  class=\"panel-grid panel-no-style\" ><div id=\"pgc-89-0-0\"  class=\"panel-grid-cell\" ><div id=\"panel-89-0-0-0\" class=\"so-panel widget widget_sow-image panel-first-child\" data-index=\"0\" ><div class=\"so-widget-sow-image so-widget-sow-image-default-d6014b76747a-89\">\n\n<div class=\"sow-image-container\">\n\t\t<img decoding=\"async\" src=\"https:\/\/icsagroup.com\/wp-content\/uploads\/2022\/02\/K.-J.-SEETHARAMAN.png\" width=\"710\" height=\"650\" srcset=\"https:\/\/icsagroup.com\/wp-content\/uploads\/2022\/02\/K.-J.-SEETHARAMAN.png 710w, https:\/\/icsagroup.com\/wp-content\/uploads\/2022\/02\/K.-J.-SEETHARAMAN-300x275.png 300w\" sizes=\"auto, (max-width: 710px) 100vw, 710px\" title=\"K. J. SEETHARAMAN\" alt=\"\" loading=\"lazy\" \t\tclass=\"so-widget-image\"\/>\n\t<\/div>\n\n<\/div><\/div><div id=\"panel-89-0-0-1\" class=\"so-panel widget widget_sow-editor panel-last-child\" data-index=\"1\" ><div class=\"so-widget-sow-editor so-widget-sow-editor-base\"><div class=\"siteorigin-widget-tinymce textwidget\">\n  <p style=\"text-align: center;\"><strong>K. J. SEETHARAMAN<\/strong><br \/>\n31. M\u00e4r 1938 \u2013 06. Dez 1993<\/p>\n<\/div><\/div><\/div><\/div><div id=\"pgc-89-0-1\"  class=\"panel-grid-cell\" ><div id=\"panel-89-0-1-0\" class=\"so-panel widget widget_sow-image panel-first-child\" data-index=\"2\" ><div class=\"so-widget-sow-image so-widget-sow-image-default-d6014b76747a-89\">\n\n<div class=\"sow-image-container\">\n\t\t<img decoding=\"async\" src=\"https:\/\/icsagroup.com\/wp-content\/uploads\/2022\/02\/K.-S.-JANAKIRAMAN.png\" width=\"710\" height=\"650\" srcset=\"https:\/\/icsagroup.com\/wp-content\/uploads\/2022\/02\/K.-S.-JANAKIRAMAN.png 710w, https:\/\/icsagroup.com\/wp-content\/uploads\/2022\/02\/K.-S.-JANAKIRAMAN-300x275.png 300w\" sizes=\"auto, (max-width: 710px) 100vw, 710px\" title=\"K. S. JANAKIRAMAN\" alt=\"\" loading=\"lazy\" \t\tclass=\"so-widget-image\"\/>\n\t<\/div>\n\n<\/div><\/div><div id=\"panel-89-0-1-1\" class=\"so-panel widget widget_sow-editor panel-last-child\" data-index=\"3\" ><div class=\"so-widget-sow-editor so-widget-sow-editor-base\"><div class=\"siteorigin-widget-tinymce textwidget\">\n  <p style=\"text-align: center;\"><strong>K. S. JANAKIRAMAN<\/strong><br \/>\n24. Dez 1912 \u2013 20. Dez 1974<\/p>\n<\/div><\/div><\/div><\/div><div id=\"pgc-89-0-2\"  class=\"panel-grid-cell\" ><div id=\"panel-89-0-2-0\" class=\"so-panel widget widget_sow-image panel-first-child\" data-index=\"4\" ><div class=\"so-widget-sow-image so-widget-sow-image-default-d6014b76747a-89\">\n\n<div class=\"sow-image-container\">\n\t\t<img decoding=\"async\" src=\"https:\/\/icsagroup.com\/wp-content\/uploads\/2022\/02\/K.-J.-RAMASWAMY.png\" width=\"710\" height=\"650\" srcset=\"https:\/\/icsagroup.com\/wp-content\/uploads\/2022\/02\/K.-J.-RAMASWAMY.png 710w, https:\/\/icsagroup.com\/wp-content\/uploads\/2022\/02\/K.-J.-RAMASWAMY-300x275.png 300w\" sizes=\"auto, (max-width: 710px) 100vw, 710px\" title=\"K. J. RAMASWAMY\" alt=\"\" loading=\"lazy\" \t\tclass=\"so-widget-image\"\/>\n\t<\/div>\n\n<\/div><\/div><div id=\"panel-89-0-2-1\" class=\"so-panel widget widget_sow-editor panel-last-child\" data-index=\"5\" ><div class=\"so-widget-sow-editor so-widget-sow-editor-base\"><div class=\"siteorigin-widget-tinymce textwidget\">\n  <p style=\"text-align: center;\"><strong>K. J. RAMASWAMY<\/strong><br \/>\n07. M\u00e4r 1946 \u2013 30. Jul 2018<\/p>\n<\/div><\/div><\/div><\/div><\/div><div id=\"pg-89-1\"  class=\"panel-grid panel-no-style\" ><div id=\"pgc-89-1-0\"  class=\"panel-grid-cell\" ><div id=\"panel-89-1-0-0\" class=\"so-panel widget widget_sow-editor panel-first-child panel-last-child\" data-index=\"6\" ><div class=\"so-widget-sow-editor so-widget-sow-editor-base\"><div class=\"siteorigin-widget-tinymce textwidget\">\n  <p style=\"text-align: center;\">International Clearing and Shipping Agency (India) Private Limited ist das Flaggschiffunternehmen der ICSA-Gruppe. Die Geschichte der ICSA beginnt im Jahr 1931, lange bevor Indien seine Unabh\u00e4ngigkeit erlangte, als ICSA ihre bescheidenen Anf\u00e4nge als Zoll- und Abfertigungsstelle f\u00fcr aus dem Ausland importierte Waren machte. Im Jahr 1936 erwarb unser Gr\u00fcnder, Shri K.S. Janakiraman, ein sehr kluger und unternehmungslustiger Gentleman, dieses Unternehmen von den damaligen Eigent\u00fcmern und leitete damit die unternehmerische Reise f\u00fcr die kommenden Generationen ein. In den letzten Jahrzehnten hat die ICSA-Gruppe viele herausragende F\u00fchrungspers\u00f6nlichkeiten aus der Familie und von externen Fachleuten erlebt.<\/p>\n<p style=\"text-align: center;\">ICSA war ein Pionier im Bereich der Schifffahrtsagentur und verantwortlich f\u00fcr die Einf\u00fchrung des Containertransports im S\u00fcden Indiens. 1949 erhielt ICSA die erste direkte Ernennung als Agent f\u00fcr Gdynia America Shipping Lines (sp\u00e4ter East India Shipping Company, die anschlie\u00dfend von Polish Ocean Lines \u00fcbernommen wurde), und 1954 wurde ICSA au\u00dferdem als Generalagent f\u00fcr die Mitsui Line aus Japan an der Ostk\u00fcste Indiens bestellt. Dies markiert den Beginn der gro\u00dfen Fortschritte der Gruppe in der Schifffahrtsbranche.<\/p>\n<p style=\"text-align: center;\">Im Laufe der Jahrzehnte ist ICSA von einer St\u00e4rke zur n\u00e4chsten gewachsen und hat im S\u00fcden Indiens viele Premieren im Bereich der Schifffahrtsdienstleistungen erreicht. Derzeit wird das Unternehmen von der dritten Generation von F\u00fchrungskr\u00e4ften geleitet, die die Gruppe erfolgreich gesteuert und ihre F\u00fchrungsposition im Bereich Schifffahrt, Logistik und Mobilit\u00e4t gefestigt haben.<\/p>\n<\/div><\/div><\/div><\/div><\/div><\/div>","protected":false},"excerpt":{"rendered":"<p>K. J. SEETHARAMAN MAR 31, 1938 &#8211; DEC 06, 1993 K. S. JANAKIRAMAN DEC 24, 1912 &#8211; DEC 20, 1974 K. J. RAMASWAMY MAR 07, 1946 &#8211; JUL 30, 2018 International Clearing and Shipping Agency (India) Private Limited is the flagship company of the ICSA group. The Story of the ICSA begins in 1931, way [&hellip;]<\/p>","protected":false},"author":1,"featured_media":0,"parent":83,"menu_order":0,"comment_status":"closed","ping_status":"closed","template":"","meta":{"footnotes":""},"class_list":["post-89","page","type-page","status-publish","hentry"],"_links":{"self":[{"href":"https:\/\/icsagroup.com\/de\/wp-json\/wp\/v2\/pages\/89","targetHints":{"allow":["GET"]}}],"collection":[{"href":"https:\/\/icsagroup.com\/de\/wp-json\/wp\/v2\/pages"}],"about":[{"href":"https:\/\/icsagroup.com\/de\/wp-json\/wp\/v2\/types\/page"}],"author":[{"embeddable":true,"href":"https:\/\/icsagroup.com\/de\/wp-json\/wp\/v2\/users\/1"}],"replies":[{"embeddable":true,"href":"https:\/\/icsagroup.com\/de\/wp-json\/wp\/v2\/comments?post=89"}],"version-history":[{"count":32,"href":"https:\/\/icsagroup.com\/de\/wp-json\/wp\/v2\/pages\/89\/revisions"}],"predecessor-version":[{"id":1007,"href":"https:\/\/icsagroup.com\/de\/wp-json\/wp\/v2\/pages\/89\/revisions\/1007"}],"up":[{"embeddable":true,"href":"https:\/\/icsagroup.com\/de\/wp-json\/wp\/v2\/pages\/83"}],"wp:attachment":[{"href":"https:\/\/icsagroup.com\/de\/wp-json\/wp\/v2\/media?parent=89"}],"curies":[{"name":"wp","href":"https:\/\/api.w.org\/{rel}","templated":true}]}}