{"id":93,"date":"2022-02-09T16:06:18","date_gmt":"2022-02-09T16:06:18","guid":{"rendered":"https:\/\/codesandideas.in\/icsa-wp\/?page_id=93"},"modified":"2022-05-03T05:40:20","modified_gmt":"2022-05-03T05:40:20","slug":"business-approach","status":"publish","type":"page","link":"https:\/\/icsagroup.com\/de\/about-us\/business-approach\/","title":{"rendered":"Gesch\u00e4ftsansatz"},"content":{"rendered":"<div id=\"pl-93\"  class=\"panel-layout\" ><div id=\"pg-93-0\"  class=\"panel-grid panel-has-style\" ><div class=\"siteorigin-panels-stretch panel-row-style panel-row-style-for-93-0\" data-stretch-type=\"full\" ><div id=\"pgc-93-0-0\"  class=\"panel-grid-cell\" ><div id=\"panel-93-0-0-0\" class=\"so-panel widget widget_sow-editor panel-first-child panel-last-child\" data-index=\"0\" ><div class=\"text-center title-color-blue panel-widget-style panel-widget-style-for-93-0-0-0\" ><div class=\"so-widget-sow-editor so-widget-sow-editor-base\"><div class=\"siteorigin-widget-tinymce textwidget\">\n  <h5>Bei ICSA streben wir danach, unseren Kunden einen erheblichen Mehrwert zu bieten und ihre logistischen Herausforderungen zu l\u00f6sen. Wir sind fest davon \u00fcberzeugt, dass sich alle Herausforderungen und Probleme mit der richtigen Einstellung und Herangehensweise bew\u00e4ltigen lassen. Bei ICSA beherrschen wir genau diesen Ansatz. Unser Gesch\u00e4ftsmantra lautet, die beste Plattform zu bieten, bei der Menschen | Leistung | Partnerschaft perfekt ausbalanciert und konsequent mit unserem Serviceniveau und unseren Angeboten integriert sind.<\/h5>\n<\/div><\/div><\/div><\/div><\/div><div id=\"pgc-93-0-1\"  class=\"panel-grid-cell\" ><div id=\"panel-93-0-1-0\" class=\"so-panel widget widget_sow-image panel-first-child panel-last-child\" data-index=\"1\" ><div class=\"so-widget-sow-image so-widget-sow-image-default-4b231843ec72-93\">\n\n<div class=\"sow-image-container\">\n\t\t<img decoding=\"async\" src=\"https:\/\/icsagroup.com\/wp-content\/uploads\/2022\/02\/Mask-Group-1.png\" width=\"662\" height=\"619\" srcset=\"https:\/\/icsagroup.com\/wp-content\/uploads\/2022\/02\/Mask-Group-1.png 662w, https:\/\/icsagroup.com\/wp-content\/uploads\/2022\/02\/Mask-Group-1-300x281.png 300w\" sizes=\"auto, (max-width: 662px) 100vw, 662px\" title=\"Mask Group 1\" alt=\"\" loading=\"lazy\" \t\tclass=\"so-widget-image\"\/>\n\t<\/div>\n\n<\/div><\/div><\/div><\/div><\/div><div id=\"pg-93-1\"  class=\"panel-grid panel-no-style\" ><div id=\"pgc-93-1-0\"  class=\"panel-grid-cell\" ><div id=\"panel-93-1-0-0\" class=\"so-panel widget widget_sow-editor panel-first-child\" data-index=\"2\" ><div class=\"so-widget-sow-editor so-widget-sow-editor-base\">  <div class=\"section-title text-left mt-3 mb-4\">\n    <h2>Menschen<\/h2>\n  <\/div>\n<div class=\"siteorigin-widget-tinymce textwidget\">\n  <p>ICSA ist fest davon \u00fcberzeugt, unsere Mitarbeiter zu f\u00f6rdern und zu bef\u00e4higen, als Botschafter unserer Vision und Mission zu agieren und uns so von Mitbewerbern zu unterscheiden. Wir ermutigen unsere Mitarbeiter, logisch und analytisch zu denken, in ihren Handlungen transparent und ehrlich zu sein, Empathie zu zeigen und sich engagiert mit verschiedenen Interessengruppen auseinanderzusetzen.<\/p>\n<p><strong>BEI ICSA SIND UNSERE MENSCHEN UNSERE ST\u00c4RKE.<\/strong><\/p>\n<\/div><\/div><\/div><div id=\"panel-93-1-0-1\" class=\"so-panel widget widget_media_image panel-last-child\" data-index=\"3\" ><img loading=\"lazy\" decoding=\"async\" width=\"300\" height=\"267\" src=\"https:\/\/icsagroup.com\/wp-content\/uploads\/2022\/02\/People-300x267.jpg\" class=\"image wp-image-260  attachment-medium size-medium\" alt=\"\" style=\"max-width: 100%; height: auto;\" srcset=\"https:\/\/icsagroup.com\/wp-content\/uploads\/2022\/02\/People-300x267.jpg 300w, https:\/\/icsagroup.com\/wp-content\/uploads\/2022\/02\/People-768x682.jpg 768w, https:\/\/icsagroup.com\/wp-content\/uploads\/2022\/02\/People.jpg 806w\" sizes=\"auto, (max-width: 300px) 100vw, 300px\" \/><\/div><\/div><div id=\"pgc-93-1-1\"  class=\"panel-grid-cell\" ><div id=\"panel-93-1-1-0\" class=\"so-panel widget widget_media_image panel-first-child\" data-index=\"4\" ><div class=\"panel-widget-style panel-widget-style-for-93-1-1-0\" ><img loading=\"lazy\" decoding=\"async\" width=\"300\" height=\"267\" src=\"https:\/\/icsagroup.com\/wp-content\/uploads\/2022\/02\/Performance-300x267.jpg\" class=\"image wp-image-259  attachment-medium size-medium\" alt=\"\" style=\"max-width: 100%; height: auto;\" srcset=\"https:\/\/icsagroup.com\/wp-content\/uploads\/2022\/02\/Performance-300x267.jpg 300w, https:\/\/icsagroup.com\/wp-content\/uploads\/2022\/02\/Performance-768x682.jpg 768w, https:\/\/icsagroup.com\/wp-content\/uploads\/2022\/02\/Performance.jpg 806w\" sizes=\"auto, (max-width: 300px) 100vw, 300px\" \/><\/div><\/div><div id=\"panel-93-1-1-1\" class=\"so-panel widget widget_sow-editor panel-last-child\" data-index=\"5\" ><div class=\"so-widget-sow-editor so-widget-sow-editor-base\">  <div class=\"section-title text-left mt-3 mb-4\">\n    <h2>Leistung<\/h2>\n  <\/div>\n<div class=\"siteorigin-widget-tinymce textwidget\">\n  <p>Effektivit\u00e4t, Effizienz und Innovation stehen im Mittelpunkt unserer Leistungsausrichtung. Wir sind stolz auf unser umfangreiches Erbe und unser geb\u00fcndeltes Wissen, um die richtigen Logistikl\u00f6sungen f\u00fcr unsere Kunden zu verstehen, zu identifizieren, zu planen und makellos umzusetzen. Wir versprechen, dass wir Sie auf dem gesamten Weg begleiten.<\/p>\n<p><strong>DAS IST EIN VERSPRECHEN VON ICSA.<\/strong><\/p>\n<\/div><\/div><\/div><\/div><div id=\"pgc-93-1-2\"  class=\"panel-grid-cell\" ><div id=\"panel-93-1-2-0\" class=\"so-panel widget widget_sow-editor panel-first-child\" data-index=\"6\" ><div class=\"so-widget-sow-editor so-widget-sow-editor-base\">  <div class=\"section-title text-left mt-3 mb-4\">\n    <h2>Partnerschaft<\/h2>\n  <\/div>\n<div class=\"siteorigin-widget-tinymce textwidget\">\n  <p>Die St\u00e4rke unseres Netzwerks zu verstehen und intelligente Partnerschaften zu bilden, um die bestm\u00f6glichen L\u00f6sungen zu bieten, spielt eine wesentliche Rolle in unserem Leistungsangebot. Unsere St\u00e4rke liegt in unserer F\u00e4higkeit, alle Verbindungen herzustellen und sowohl im Inland als auch international mit verschiedenen Partnern zusammenzuarbeiten, um f\u00fcr Sie optimale Ergebnisse zu erzielen.<\/p>\n<p><strong>BEI ICSA SCHAFFEN WIR GEWINNBRINGENDE PARTNERSCHAFTEN.<\/strong><\/p>\n<\/div><\/div><\/div><div id=\"panel-93-1-2-1\" class=\"so-panel widget widget_media_image panel-last-child\" data-index=\"7\" ><img loading=\"lazy\" decoding=\"async\" width=\"300\" height=\"267\" src=\"https:\/\/icsagroup.com\/wp-content\/uploads\/2022\/02\/Partnerships-300x267.jpg\" class=\"image wp-image-261  attachment-medium size-medium\" alt=\"\" style=\"max-width: 100%; height: auto;\" srcset=\"https:\/\/icsagroup.com\/wp-content\/uploads\/2022\/02\/Partnerships-300x267.jpg 300w, https:\/\/icsagroup.com\/wp-content\/uploads\/2022\/02\/Partnerships-768x682.jpg 768w, https:\/\/icsagroup.com\/wp-content\/uploads\/2022\/02\/Partnerships.jpg 806w\" sizes=\"auto, (max-width: 300px) 100vw, 300px\" \/><\/div><\/div><\/div><\/div>","protected":false},"excerpt":{"rendered":"<p>At ICSA, we strive towards adding immense value and solving our customers&#8217; logistics challenges. We strongly believe all challenges and problems can be solved with the right attitude and approach towards it. At\u00a0 ICSA, we excel in this approach. Our Business mantra is to provide the best platform People | Performance | Partnership is perfectly\u00a0 [&hellip;]<\/p>","protected":false},"author":1,"featured_media":0,"parent":83,"menu_order":0,"comment_status":"closed","ping_status":"closed","template":"","meta":{"footnotes":""},"class_list":["post-93","page","type-page","status-publish","hentry"],"_links":{"self":[{"href":"https:\/\/icsagroup.com\/de\/wp-json\/wp\/v2\/pages\/93","targetHints":{"allow":["GET"]}}],"collection":[{"href":"https:\/\/icsagroup.com\/de\/wp-json\/wp\/v2\/pages"}],"about":[{"href":"https:\/\/icsagroup.com\/de\/wp-json\/wp\/v2\/types\/page"}],"author":[{"embeddable":true,"href":"https:\/\/icsagroup.com\/de\/wp-json\/wp\/v2\/users\/1"}],"replies":[{"embeddable":true,"href":"https:\/\/icsagroup.com\/de\/wp-json\/wp\/v2\/comments?post=93"}],"version-history":[{"count":42,"href":"https:\/\/icsagroup.com\/de\/wp-json\/wp\/v2\/pages\/93\/revisions"}],"predecessor-version":[{"id":886,"href":"https:\/\/icsagroup.com\/de\/wp-json\/wp\/v2\/pages\/93\/revisions\/886"}],"up":[{"embeddable":true,"href":"https:\/\/icsagroup.com\/de\/wp-json\/wp\/v2\/pages\/83"}],"wp:attachment":[{"href":"https:\/\/icsagroup.com\/de\/wp-json\/wp\/v2\/media?parent=93"}],"curies":[{"name":"wp","href":"https:\/\/api.w.org\/{rel}","templated":true}]}}