{"id":101,"date":"2022-02-09T16:07:36","date_gmt":"2022-02-09T16:07:36","guid":{"rendered":"https:\/\/codesandideas.in\/icsa-wp\/?page_id=101"},"modified":"2022-05-18T07:47:18","modified_gmt":"2022-05-18T07:47:18","slug":"management-board","status":"publish","type":"page","link":"https:\/\/icsagroup.com\/es\/people\/team\/management-board\/","title":{"rendered":"Management &#8211; Board"},"content":{"rendered":"<div id=\"pl-101\"  class=\"panel-layout\" ><div id=\"pg-101-0\"  class=\"panel-grid panel-no-style\" ><div id=\"pgc-101-0-0\"  class=\"panel-grid-cell\" ><div id=\"panel-101-0-0-0\" class=\"so-panel widget widget_sow-editor panel-first-child panel-last-child\" data-index=\"0\" ><div class=\"so-widget-sow-editor so-widget-sow-editor-base\"><div class=\"siteorigin-widget-tinymce textwidget\">\n  \t<div class=\"members board\">\n\t\t\t\t\t<div class=\"member position-relative\">\n\n\t\t\t\t<div class=\"image\">\n\t\t\t\t\t\t\t\t\t\t\t<img decoding=\"async\" src=\"https:\/\/icsagroup.com\/wp-content\/uploads\/2022\/05\/Deepak-Ramaswamy-.png\" alt=\"\">\n\t\t\t\t\t\t\t\t\t\t\t\t\t\t\t\t<a target=\"_blank\" href=\"https:\/\/www.linkedin.com\/in\/deepak-ramaswamy-8423aa47\/\" class=\"linkedin-link\"><i class=\"bi bi-linkedin\"><\/i><\/a>\n\t\t\t\t\t\t\t\t\t<\/div>\n\t\t\t\t<div class=\"info\">\n\t\t\t\t\t<h4 class=\"text-blue fw-bold\">Deepak Ramaswamy<\/h4>\n\t\t\t\t\t\t\t\t\t<\/div>\n\n\t\t\t\t<div class=\"details\" id=\"details-0\">\n\t\t\t\t\t<div class=\"row details-wrapper gy-lg-0 gy-4 gx-lg-5\">\n\t\t\t\t\t\t<div class=\"col-lg-4 text-center\">\n\t\t\t\t\t\t\t<div class=\"image\">\n\t\t\t\t\t\t\t\t\t\t\t\t\t\t\t\t\t<img decoding=\"async\" src=\"https:\/\/icsagroup.com\/wp-content\/uploads\/2022\/05\/Deepak-Ramaswamy-.png\" alt=\"\">\n\t\t\t\t\t\t\t\t\t\t\t\t\t\t\t<\/div>\n\t\t\t\t\t\t\t<div class=\"info\">\n\t\t\t\t\t\t\t\t<h4 class=\"text-blue fw-bold\">Deepak Ramaswamy<\/h4>\n\t\t\t\t\t\t\t\t\t\t\t\t\t\t\t<\/div>\n\t\t\t\t\t\t<\/div>\n\n\t\t\t\t\t\t<div class=\"col-lg-8\">\n\t\t\t\t\t\t\t<p>Deepak Ramaswamy represents the third generation of family leadership at the ICSA Group, which has interests in Integrated Logistics, Poultry Farming, Agriculture, Tyre Retreading, and Angel Investments. The Group has recently forayed into software development, primarily focusing on automating logistics processes.<\/p>\n<p>Posee una licenciatura en Econom\u00eda del Loyola College, Chennai, y un m\u00e1ster en Administraci\u00f3n de Empresas del Asian Institute of Management, Manila, Filipinas.<\/p>\n<p>Asimismo, es signatario autorizado de aduanas conforme a la Regla 6 de las actuales normativas de licencia de agentes de aduanas y est\u00e1 certificado en Reglamentaci\u00f3n de Mercanc\u00edas Peligrosas para el transporte a\u00e9reo de carga.<\/p>\n<p>Desde 2008, cuando la empresa insignia del grupo se transform\u00f3 de sociedad de personas en sociedad privada limitada bajo el nombre International Clearing &amp; Shipping Agency (I) Private Limited (ICSA), se ha desempe\u00f1ado como Director General bajo la presidencia de su padre, K. J. Ramaswamy, y tras el fallecimiento de este en julio de 2018, asumi\u00f3 de manera independiente el cargo en la misma capacidad.<\/p>\n<p>Cuenta con m\u00e1s de 25 a\u00f1os de experiencia en el sector log\u00edstico. Inici\u00f3 su carrera en 1994 como aprendiz, adquiriendo valiosa experiencia pr\u00e1ctica en las divisiones de agencia mar\u00edtima y despacho de aduanas, antes de ser nombrado socio en 1998. Desde entonces, con el apoyo de un equipo directivo altamente cualificado, el grupo ha expandido sus operaciones hacia nuevas \u00e1reas como transporte a\u00e9reo y mar\u00edtimo, transporte multimodal, almacenamiento y distribuci\u00f3n, operaciones portuarias, mientras fortalec\u00eda sus dos \u00e1reas principales. Tambi\u00e9n se le atribuye la fundaci\u00f3n y el desarrollo de la divisi\u00f3n de transporte por carretera del Grupo, que pas\u00f3 de solo 3 camiones en 1998 a m\u00e1s de 150 veh\u00edculos en menos de 15 a\u00f1os. Adem\u00e1s, supervis\u00f3 personalmente el establecimiento de la red internacional de socios de la empresa, que hoy permite a ICSA estar presente en m\u00e1s de 100 pa\u00edses y ofrecer servicios puerta a puerta sin interrupciones a nivel mundial.<\/p>\n<p>El grupo sigue siendo una entidad familiar con m\u00e1xima prioridad en mantener los niveles m\u00e1s altos de \u00e9tica y valores en sus actividades, principios muy arraigados en la familia. \u00c9l participa activamente en los asuntos diarios y su esfuerzo continuo se centra en transformar el grupo de una entidad tradicionalmente familiar a una organizaci\u00f3n gestionada profesionalmente conforme a est\u00e1ndares internacionales. Testimonio de ello es la certificaci\u00f3n ISO 9001\u20132015 obtenida en 2016 y, m\u00e1s recientemente, la certificaci\u00f3n y reconocimiento de la aduana india como Operador Econ\u00f3mico Autorizado en la categor\u00eda de Operador Log\u00edstico (AEO-LO).<\/p>\n<p>Es miembro activo de la Confederation of Indian Industry (CII) y ocup\u00f3 el cargo de presidente del cap\u00edtulo de Chennai de Young Indians (una parte integral de la CII) durante el a\u00f1o 2014\u20132015. Tambi\u00e9n desempe\u00f1\u00f3 el cargo de secretario del cap\u00edtulo del sur de la Association of Multi Modal Transport Operators of India (AMTOI), as\u00ed como coordinador regional sur.<\/p>\n<p>A t\u00edtulo personal, participa activamente en las asociaciones de antiguos alumnos de dos escuelas y del Asian Institute of Management, y trabaja con start-ups en Chennai, incluso en calidad de inversor \u00e1ngel.<\/p>\n<p>Le apasionan los viajes, el motociclismo, y su pasatiempo m\u00e1s preciado es el aeromodelismo y los coches radiocontrolados.<\/p>\n\t\t\t\t\t\t<\/div>\n\t\t\t\t\t<\/div>\n\t\t\t\t<\/div>\n\t\t\t\t<p class=\"small\">\n\t\t\t\t\t<span>Read More &rarr;<\/span>\n\t\t\t\t<\/p>\n\t\t\t\t<a href=\"#details-0\" class=\"stretched-link member-click\"><\/a>\n\t\t\t<\/div>\n\n\t\t\t\t\t<div class=\"member position-relative\">\n\n\t\t\t\t<div class=\"image\">\n\t\t\t\t\t\t\t\t\t\t\t<img decoding=\"async\" src=\"https:\/\/icsagroup.com\/wp-content\/uploads\/2022\/05\/Vicky-Chandhok.jpg\" alt=\"\">\n\t\t\t\t\t\t\t\t\t\t\t\t\t\t\t\t<a target=\"_blank\" href=\"https:\/\/www.linkedin.com\/in\/vicky-chandhok-3b50204a\/\" class=\"linkedin-link\"><i class=\"bi bi-linkedin\"><\/i><\/a>\n\t\t\t\t\t\t\t\t\t<\/div>\n\t\t\t\t<div class=\"info\">\n\t\t\t\t\t<h4 class=\"text-blue fw-bold\">Vicky Chandhok<\/h4>\n\t\t\t\t\t\t\t\t\t<\/div>\n\n\t\t\t\t<div class=\"details\" id=\"details-1\">\n\t\t\t\t\t<div class=\"row details-wrapper gy-lg-0 gy-4 gx-lg-5\">\n\t\t\t\t\t\t<div class=\"col-lg-4 text-center\">\n\t\t\t\t\t\t\t<div class=\"image\">\n\t\t\t\t\t\t\t\t\t\t\t\t\t\t\t\t\t<img decoding=\"async\" src=\"https:\/\/icsagroup.com\/wp-content\/uploads\/2022\/05\/Vicky-Chandhok.jpg\" alt=\"\">\n\t\t\t\t\t\t\t\t\t\t\t\t\t\t\t<\/div>\n\t\t\t\t\t\t\t<div class=\"info\">\n\t\t\t\t\t\t\t\t<h4 class=\"text-blue fw-bold\">Vicky Chandhok<\/h4>\n\t\t\t\t\t\t\t\t\t\t\t\t\t\t\t<\/div>\n\t\t\t\t\t\t<\/div>\n\n\t\t\t\t\t\t<div class=\"col-lg-8\">\n\t\t\t\t\t\t\t<p>Vicky fue presidente de la Federaci\u00f3n de Asociaciones de Deportes de Motor de la India (FMSCI) durante 7 de los 10 a\u00f1os de 2003 a 2013. Es vicepresidente del Madras Motorsports Club y fideicomisario del Madras Motorsports Trust, que gobierna la pista de carreras internacional de la India en Madras.<\/p>\n<p>Ha trabajado en el sector de repuestos de autom\u00f3viles y deportes de motor durante muchas d\u00e9cadas.<\/p>\n<ol>\n<li aria-level=\"1\">Comenz\u00f3 en el automovilismo en 1972 en el circuito de Sholavaram con un Ambassador y compiti\u00f3 hasta el a\u00f1o 2001.<\/li>\n<li aria-level=\"1\">Corri\u00f3 en Formula Ford en 1982 y ascendi\u00f3 a la Formula 2 desde 1983 hasta 1989. Compiti\u00f3 en Sholavaram (Madras), Safdarjung (Delhi) y Barrackpore (Calcuta). Tuvo el privilegio de enfrentarse a figuras como Vijay Mallya en un coche de F\u00f3rmula 1, el difunto Maharaj Kumar de Gondal en un F5000, el fallecido S. Karivardan en Formula Atlantic y otros destacados como Jim Crawford, Tiff Needell, Ajit Thomas, David Pieris, entre otros.<\/li>\n<li aria-level=\"1\">Tambi\u00e9n corri\u00f3 en Formula 3 en 1993.<\/li>\n<li aria-level=\"1\">Particip\u00f3 en numerosos rallyes y carreras nacionales y concluy\u00f3 su carrera deportiva tras ganar el South India Rally en el a\u00f1o 2000.<\/li>\n<li aria-level=\"1\">Ha participado en casi 500 eventos de todo tipo en el pa\u00eds y acumul\u00f3 una colecci\u00f3n de 360 trofeos a lo largo de los a\u00f1os. Don\u00f3 m\u00e1s de 200 trofeos hace unos a\u00f1os a diversas escuelas desfavorecidas de Madr\u00e1s, que los utilizaron en sus actividades deportivas.<\/li>\n<li aria-level=\"1\">Tambi\u00e9n tuvo el raro privilegio de participar en los Rallyes Nacionales de dos ruedas de m\u00e1s de 3.800 km como piloto oficial de f\u00e1brica para Royal Enfield y Vijai Scooters. Adem\u00e1s, gan\u00f3 el primer campeonato de motocross de la India con una motocicleta Enfield 200. WSRF introdujo tambi\u00e9n el Maruti 1000 en la escena del automovilismo y, con \u00e9l, gan\u00f3 en su debut el exigente South India Rally en Kodaikanal.<\/li>\n<li aria-level=\"1\">Vicky ha corrido por toda la India, incluso el Rally del Himalaya con un Ambassador, un Fiat y un Ford Escort Mark 2.<\/li>\n<li aria-level=\"1\">En 2005 tuvo el honor de liderar, en nombre de la FMSCI y por encargo de la Oficina del Primer Ministro de la India, la delegaci\u00f3n del Asean Rally compuesta por 60 veh\u00edculos. Este evento de 21 d\u00edas recorri\u00f3 India, Birmania, Tailandia, Laos, Camboya, Vietnam, Malasia, Singapur e Indonesia, estableciendo un enlace terrestre de m\u00e1s de 8.800 km en la regi\u00f3n de la Asean.<\/li>\n<li aria-level=\"1\">Vicky tambi\u00e9n form\u00f3 parte del organismo rector del automovilismo, la FIA, como delegado adjunto de la India y como miembro de la comisi\u00f3n de karting FIA-CIK. Fue vicepresidente de Operaciones Deportivas en el Gran Premio de F1 inaugural de la India y sigue asesorando a la JPSI, propietaria del Circuito Internacional Buddh.<\/li>\n<li aria-level=\"1\">En los \u00faltimos a\u00f1os ha organizado la llegada a la India de diversos eventos internacionales, entre ellos Formula Campus, Porsche Supercars, Formula Asia, Formula 3 y muchos otros.<\/li>\n<li aria-level=\"1\">Form\u00f3 el equipo MRF Motorsport en 1982 cuando debutaron en carreras y rallyes, y dirigi\u00f3 su programa hasta 1989. De 1993 a 2001 dirigi\u00f3 el programa de automovilismo de JK Tyre. WSRF tambi\u00e9n prepar\u00f3 siete coches para los Campeonatos Nacionales de Rally, de los cuales el equipo gan\u00f3 durante 5 a\u00f1os consecutivos.<\/li>\n<li aria-level=\"1\">\u00a0En 1987, junto con el fallecido S. Karivaradhan, WSRF construy\u00f3 30 monoplazas Formula Maruti que constituyeron la columna vertebral de todas las carreras monoplaza en la India y transformaron las competencias en circuito.<\/li>\n<li aria-level=\"1\">Hoy desempe\u00f1a un papel muy activo en la promoci\u00f3n y organizaci\u00f3n de eventos automovil\u00edsticos y en la supervisi\u00f3n de competiciones internacionales.<\/li>\n<\/ol>\n<p>&nbsp;<\/p>\n<p>&nbsp;<\/p>\n<p>&nbsp;<\/p>\n\t\t\t\t\t\t<\/div>\n\t\t\t\t\t<\/div>\n\t\t\t\t<\/div>\n\t\t\t\t<p class=\"small\">\n\t\t\t\t\t<span>Read More &rarr;<\/span>\n\t\t\t\t<\/p>\n\t\t\t\t<a href=\"#details-1\" class=\"stretched-link member-click\"><\/a>\n\t\t\t<\/div>\n\n\t\t\t\t\t<div class=\"member position-relative\">\n\n\t\t\t\t<div class=\"image\">\n\t\t\t\t\t\t\t\t\t\t\t<img decoding=\"async\" src=\"https:\/\/icsagroup.com\/wp-content\/uploads\/2022\/05\/chaitaly-mehta-e1653271434596.jpg\" alt=\"\">\n\t\t\t\t\t\t\t\t\t\t\t\t\t\t\t\t<a target=\"_blank\" href=\"https:\/\/www.linkedin.com\/in\/chaitalymehta\/\" class=\"linkedin-link\"><i class=\"bi bi-linkedin\"><\/i><\/a>\n\t\t\t\t\t\t\t\t\t<\/div>\n\t\t\t\t<div class=\"info\">\n\t\t\t\t\t<h4 class=\"text-blue fw-bold\">Chaitaly Mehta<\/h4>\n\t\t\t\t\t\t\t\t\t<\/div>\n\n\t\t\t\t<div class=\"details\" id=\"details-2\">\n\t\t\t\t\t<div class=\"row details-wrapper gy-lg-0 gy-4 gx-lg-5\">\n\t\t\t\t\t\t<div class=\"col-lg-4 text-center\">\n\t\t\t\t\t\t\t<div class=\"image\">\n\t\t\t\t\t\t\t\t\t\t\t\t\t\t\t\t\t<img decoding=\"async\" src=\"https:\/\/icsagroup.com\/wp-content\/uploads\/2022\/05\/chaitaly-mehta-e1653271434596.jpg\" alt=\"\">\n\t\t\t\t\t\t\t\t\t\t\t\t\t\t\t<\/div>\n\t\t\t\t\t\t\t<div class=\"info\">\n\t\t\t\t\t\t\t\t<h4 class=\"text-blue fw-bold\">Chaitaly Mehta<\/h4>\n\t\t\t\t\t\t\t\t\t\t\t\t\t\t\t<\/div>\n\t\t\t\t\t\t<\/div>\n\n\t\t\t\t\t\t<div class=\"col-lg-8\">\n\t\t\t\t\t\t\t<p><em>\u00ab La log\u00edstica es una palabra sencilla pero con una connotaci\u00f3n compleja \u2013 tiene tantas ramas que se interconectan y se superponen, pero constituye un fuerte hilo invisible que mantiene unida la econom\u00eda mundial como la telara\u00f1a de Spiderman. \u00bb<\/em><\/p>\n<p>Chaitaly Mehta cuenta con 25 a\u00f1os de experiencia como agente de aduanas de tercera generaci\u00f3n y transitaria de segunda generaci\u00f3n. Es conocida en la India como la Helicopter Lady y fue la primera ,<sup>st<\/sup> mujer en gestionar la log\u00edstica de helic\u00f3pteros de principio a fin. Dirige todos los compromisos estrat\u00e9gicos de su empresa \u2013 EKF Global Logistics Pvt Ltd, Mumbai, anteriormente denominada Express Kargo Forwarders Pvt Ltd.<\/p>\n<p>La capacidad innata de Chaitaly como resolutora de problemas y su aguda capacidad de observaci\u00f3n le han permitido aprender r\u00e1pidamente el oficio y crear un nicho propio en este sector din\u00e1mico. Su experiencia en carga a\u00e9rea y proyectos log\u00edsticos aporta un valor inmenso al grupo.<\/p>\n<p><strong>Foros p\u00fablicos y liderazgo:<\/strong><\/p>\n<p>Chaitaly fue la primera 1<sup>st<\/sup> mujer directiva de ACCAI Western Region \u2013 Air Cargo Agents Association of India, una asociaci\u00f3n nacional que representa a la industria de carga a\u00e9rea en la India.<\/p>\n<p>Fue invitada a formar parte del prestigioso CEO Forum, que re\u00fane a m\u00e1s de 120 directores generales y consejeros de las principales empresas de la India y del mundo, como Zydus Cadila, HCL Technologies, Raymond Group, Savex Technologies, Della Group, etc.<\/p>\n<p><strong>Reconocimientos y logros<\/strong>:<\/p>\n<p>Bhandarkar Shipping Times, Entrepreneur Excel \u2013 Entrepreneur of The Year, Mumbai Air Cargo Customs, India Business Group, y Navi Mumbai Chamber of Business &amp; Industries. Sus art\u00edculos han sido publicados en las principales revistas de carga, no solo en la India sino tambi\u00e9n en Am\u00e9rica del Norte.<\/p>\n<p><strong>Titulaciones<\/strong> :<\/p>\n<p>Licenciatura en Econom\u00eda \u2013 HR College of Commerce and Economics\nLLB \u2013 Licenciatura en Derecho \u2013 New Law College, Pune, India<\/p>\n<p><strong>Aficiones e intereses especiales<\/strong>:<\/p>\n<p>Es conferenciante TEDx \u2013 su inspiradora charla titulada \u00ab The Accidental Entrepreneur \u00bb puede encontrarse en la serie TedX Versova, donde explica c\u00f3mo comenz\u00f3 su carrera en la industria log\u00edstica.<\/p>\n\t\t\t\t\t\t<\/div>\n\t\t\t\t\t<\/div>\n\t\t\t\t<\/div>\n\t\t\t\t<p class=\"small\">\n\t\t\t\t\t<span>Read More &rarr;<\/span>\n\t\t\t\t<\/p>\n\t\t\t\t<a href=\"#details-2\" class=\"stretched-link member-click\"><\/a>\n\t\t\t<\/div>\n\n\t\t\t\t\t<div class=\"member position-relative\">\n\n\t\t\t\t<div class=\"image\">\n\t\t\t\t\t\t\t\t\t\t\t<img decoding=\"async\" src=\"https:\/\/icsagroup.com\/wp-content\/uploads\/2022\/05\/bala-icsa.png\" alt=\"\">\n\t\t\t\t\t\t\t\t\t\t\t\t\t\t\t\t<a target=\"_blank\" href=\"https:\/\/www.linkedin.com\/in\/balachandran-subramanian-b00a7a38\/\" class=\"linkedin-link\"><i class=\"bi bi-linkedin\"><\/i><\/a>\n\t\t\t\t\t\t\t\t\t<\/div>\n\t\t\t\t<div class=\"info\">\n\t\t\t\t\t<h4 class=\"text-blue fw-bold\">Subramanian Balachandran<\/h4>\n\t\t\t\t\t\t\t\t\t<\/div>\n\n\t\t\t\t<div class=\"details\" id=\"details-3\">\n\t\t\t\t\t<div class=\"row details-wrapper gy-lg-0 gy-4 gx-lg-5\">\n\t\t\t\t\t\t<div class=\"col-lg-4 text-center\">\n\t\t\t\t\t\t\t<div class=\"image\">\n\t\t\t\t\t\t\t\t\t\t\t\t\t\t\t\t\t<img decoding=\"async\" src=\"https:\/\/icsagroup.com\/wp-content\/uploads\/2022\/05\/bala-icsa.png\" alt=\"\">\n\t\t\t\t\t\t\t\t\t\t\t\t\t\t\t<\/div>\n\t\t\t\t\t\t\t<div class=\"info\">\n\t\t\t\t\t\t\t\t<h4 class=\"text-blue fw-bold\">Subramanian Balachandran<\/h4>\n\t\t\t\t\t\t\t\t\t\t\t\t\t\t\t<\/div>\n\t\t\t\t\t\t<\/div>\n\n\t\t\t\t\t\t<div class=\"col-lg-8\">\n\t\t\t\t\t\t\t<p>Balachandran es un miembro experimentado de la alta direcci\u00f3n con m\u00e1s de 25 a\u00f1os de trayectoria en sectores log\u00edsticos como agencia mar\u00edtima, despacho aduanero, flete mar\u00edtimo y a\u00e9reo, almacenamiento, transporte por carretera y transporte multimodal en distintos niveles. Su pensamiento visionario le ha permitido construir infraestructuras y productos empresariales desde cero, liderando a la vez un crecimiento rentable. Posee s\u00f3lidas habilidades multitarea con la capacidad de gestionar simult\u00e1neamente todas las \u00e1reas de la actividad log\u00edstica.<\/p>\n<p>Es licenciado en MBA y tambi\u00e9n Signatario Autorizado de Aduanas conforme a la Regla 6 de la actual normativa de licencias de agentes de aduanas, adem\u00e1s de estar certificado en Reglamentaci\u00f3n de Mercanc\u00edas Peligrosas para el transporte a\u00e9reo de carga.<\/p>\n<p>Su variada experiencia proporciona una perspectiva valiosa a la gesti\u00f3n, fomentando un esp\u00edritu de asociaci\u00f3n en todos los sectores de la empresa, fortaleciendo el trabajo en equipo, estableciendo objetivos en todos los niveles, y desarrollando visiones y estrategias que producen los mejores resultados posibles. Se esfuerza en equilibrar el impulso de crecimiento con la responsabilidad enfocada y el \u00e9nfasis en generar el mayor retorno sobre la inversi\u00f3n (ROI) posible.<\/p>\n<p>Comenz\u00f3 su carrera en ICSA en 1993 gestionando actividades de carga a\u00e9rea y conceptos b\u00e1sicos de CHA. Posteriormente, se traslad\u00f3 a la oficina de Bangalore para poner en marcha la divisi\u00f3n de carga a\u00e9rea.<\/p>\n<p>En el a\u00f1o 2000, desempe\u00f1\u00f3 un papel clave en la obtenci\u00f3n de la aprobaci\u00f3n de la IATA a nombre de ICSA y en el inicio de las actividades de carga a\u00e9rea en Bangalore. En 2005, tambi\u00e9n particip\u00f3 activamente en la extensi\u00f3n de la licencia aduanera de ICSA a la oficina de Bangalore y en 2010 obtuvo una nueva licencia CHB independiente a nombre de la empresa asociada M\/S Deepak Agencies Private Limited. Asimismo, gestion\u00f3 la agencia mar\u00edtima de Mitusi O.S.K. Lines y Zim Integrated Container Lines en la oficina de Bangalore durante casi una d\u00e9cada. Posteriormente, a partir de 2005, asumi\u00f3 la operaci\u00f3n de la sucursal, que inclu\u00eda CHB, flete, agencia de l\u00ednea y transporte.<\/p>\n<p>En 2013, fue ascendido a Gerente General con la responsabilidad global de gestionar CHB, flete y m\u00e1s tarde las actividades de transporte y CFS como Jefe de Operaciones.<\/p>\n\t\t\t\t\t\t<\/div>\n\t\t\t\t\t<\/div>\n\t\t\t\t<\/div>\n\t\t\t\t<p class=\"small\">\n\t\t\t\t\t<span>Read More &rarr;<\/span>\n\t\t\t\t<\/p>\n\t\t\t\t<a href=\"#details-3\" class=\"stretched-link member-click\"><\/a>\n\t\t\t<\/div>\n\n\t\t\t<\/div>\n\n\n<\/div><\/div><\/div><\/div><\/div><\/div>","protected":false},"excerpt":{"rendered":"<p>Deepak Ramaswamy Deepak Ramaswamy Deepak Ramaswamy represents the third generation of family leadership at the ICSA Group, which has interests in Integrated Logistics, Poultry Farming, Agriculture, Tyre Retreading, and Angel Investments. The Group has recently forayed into software development, primarily focusing on automating logistics processes. He holds a Bachelor\u2019s Degree in Economics from Loyola College, [&hellip;]<\/p>","protected":false},"author":1,"featured_media":0,"parent":99,"menu_order":0,"comment_status":"closed","ping_status":"closed","template":"","meta":{"footnotes":""},"class_list":["post-101","page","type-page","status-publish","hentry"],"_links":{"self":[{"href":"https:\/\/icsagroup.com\/es\/wp-json\/wp\/v2\/pages\/101","targetHints":{"allow":["GET"]}}],"collection":[{"href":"https:\/\/icsagroup.com\/es\/wp-json\/wp\/v2\/pages"}],"about":[{"href":"https:\/\/icsagroup.com\/es\/wp-json\/wp\/v2\/types\/page"}],"author":[{"embeddable":true,"href":"https:\/\/icsagroup.com\/es\/wp-json\/wp\/v2\/users\/1"}],"replies":[{"embeddable":true,"href":"https:\/\/icsagroup.com\/es\/wp-json\/wp\/v2\/comments?post=101"}],"version-history":[{"count":4,"href":"https:\/\/icsagroup.com\/es\/wp-json\/wp\/v2\/pages\/101\/revisions"}],"predecessor-version":[{"id":935,"href":"https:\/\/icsagroup.com\/es\/wp-json\/wp\/v2\/pages\/101\/revisions\/935"}],"up":[{"embeddable":true,"href":"https:\/\/icsagroup.com\/es\/wp-json\/wp\/v2\/pages\/99"}],"wp:attachment":[{"href":"https:\/\/icsagroup.com\/es\/wp-json\/wp\/v2\/media?parent=101"}],"curies":[{"name":"wp","href":"https:\/\/api.w.org\/{rel}","templated":true}]}}