{"id":11,"date":"2022-02-09T13:46:47","date_gmt":"2022-02-09T13:46:47","guid":{"rendered":"https:\/\/codesandideas.in\/icsa-wp\/?page_id=11"},"modified":"2022-04-07T06:15:17","modified_gmt":"2022-04-07T06:15:17","slug":"freight-forwarding","status":"publish","type":"page","link":"https:\/\/icsagroup.com\/es\/services\/shipping\/freight-forwarding\/","title":{"rendered":"Transporte de mercanc\u00edas"},"content":{"rendered":"<div id=\"pl-11\"  class=\"panel-layout\" ><div id=\"pg-11-0\"  class=\"panel-grid panel-has-style\" ><div class=\"siteorigin-panels-stretch panel-row-style panel-row-style-for-11-0\" data-stretch-type=\"full\" ><div id=\"pgc-11-0-0\"  class=\"panel-grid-cell\" ><div id=\"panel-11-0-0-0\" class=\"so-panel widget widget_media_image panel-first-child panel-last-child\" data-index=\"0\" ><img loading=\"lazy\" decoding=\"async\" width=\"1747\" height=\"1111\" src=\"https:\/\/icsagroup.com\/wp-content\/uploads\/2022\/02\/page-header-scaled-e1646977576981.jpg\" class=\"image wp-image-57  attachment-full size-full\" alt=\"\" style=\"max-width: 100%; height: auto;\" srcset=\"https:\/\/icsagroup.com\/wp-content\/uploads\/2022\/02\/page-header-scaled-e1646977576981.jpg 1747w, https:\/\/icsagroup.com\/wp-content\/uploads\/2022\/02\/page-header-scaled-e1646977576981-300x191.jpg 300w, https:\/\/icsagroup.com\/wp-content\/uploads\/2022\/02\/page-header-scaled-e1646977576981-1024x651.jpg 1024w, https:\/\/icsagroup.com\/wp-content\/uploads\/2022\/02\/page-header-scaled-e1646977576981-768x488.jpg 768w, https:\/\/icsagroup.com\/wp-content\/uploads\/2022\/02\/page-header-scaled-e1646977576981-1536x977.jpg 1536w\" sizes=\"auto, (max-width: 1747px) 100vw, 1747px\" \/><\/div><\/div><\/div><\/div><div id=\"pg-11-1\"  class=\"panel-grid panel-no-style\" ><div id=\"pgc-11-1-0\"  class=\"panel-grid-cell\" ><div id=\"panel-11-1-0-0\" class=\"so-panel widget widget_sow-editor panel-first-child panel-last-child\" data-index=\"1\" ><div class=\"so-widget-sow-editor so-widget-sow-editor-base\"><div class=\"siteorigin-widget-tinymce textwidget\">\n  <p>ICSA, con su amplia experiencia en el negocio de l\u00edneas de contenedores, ha desarrollado un s\u00f3lido departamento interno de carga. Ofrecemos las mejores tarifas de flete para una amplia selecci\u00f3n de rutas mar\u00edtimas y transporte a\u00e9reo, cumpliendo con los plazos de entrega y expectativas de costo de nuestros clientes, con total transparencia en las transacciones y operaciones, sin costes ocultos.<\/p>\n<p>ICSA es un Operador Multimodal registrado y certificado, respaldado por nuestro Documento de Transporte Multimodal cubierto con un seguro de primera clase. Tambi\u00e9n somos agentes acreditados por IATA y disponemos de existencias de conocimientos a\u00e9reos (Airway Bills) de todas las principales aerol\u00edneas en India. Disfrutamos de una excelente relaci\u00f3n y reputaci\u00f3n con las principales navieras y aerol\u00edneas del mercado.<\/p>\n<\/div><\/div><\/div><\/div><div id=\"pgc-11-1-1\"  class=\"panel-grid-cell\" ><div id=\"panel-11-1-1-0\" class=\"so-panel widget widget_sow-editor panel-first-child panel-last-child\" data-index=\"2\" ><div class=\"so-widget-sow-editor so-widget-sow-editor-base\"><div class=\"siteorigin-widget-tinymce textwidget\">\n  <ul>\n<li aria-level=\"1\">Amplia selecci\u00f3n de servicios mar\u00edtimos para cumplir con los plazos de entrega y expectativas de coste de los clientes<\/li>\n<li aria-level=\"1\">Transparencia total en las transacciones y operaciones, sin costes ocultos<\/li>\n<li aria-level=\"1\">Opciones de rutas personalizadas para el mejor \u201ccosto-beneficio\u201d<\/li>\n<li aria-level=\"1\">Compromiso con comunicaciones de calidad y soporte de servicio en cada etapa<\/li>\n<li aria-level=\"1\">Aplicaci\u00f3n constante de coherencia, fiabilidad y flexibilidad en soluciones sostenibles<\/li>\n<\/ul>\n<\/div><\/div><\/div><\/div><\/div><div id=\"pg-11-2\"  class=\"panel-grid panel-no-style\" ><div id=\"pgc-11-2-0\"  class=\"panel-grid-cell\" ><div id=\"panel-11-2-0-0\" class=\"so-panel widget widget_sow-editor panel-first-child panel-last-child\" data-index=\"3\" ><div class=\"so-widget-sow-editor so-widget-sow-editor-base\"><div class=\"siteorigin-widget-tinymce textwidget\">\n  <table>\n<tbody>\n<thead>\n<tr>\n<th><b>Flete Mar\u00edtimo &amp; Flete A\u00e9reo<\/b>\n<\/th>\n<th><b>Carga a Granel, Break Bulk y Carga Sobredimensionada (OD Cargo)<\/b>\n<\/th>\n<\/tr>\n<\/thead>\n<\/tbody>\n<tbody>\n<tr>\n<td><span style=\"font-weight: 400;\">Servicios FCL hacia y desde destinos en todo el mundo, mediante contratos de flete globales<\/span><\/td>\n<td><span style=\"font-weight: 400;\">Gesti\u00f3n log\u00edstica integrada de extremo a extremo<\/span><\/td>\n<\/tr>\n<tr>\n<td><span style=\"font-weight: 400;\">Consolidaci\u00f3n LCL directa hacia y desde varios destinos<\/span><\/td>\n<td><span style=\"font-weight: 400;\">Garantizar la excelencia operativa y la planificaci\u00f3n precisa de los env\u00edos<\/span><\/td>\n<\/tr>\n<tr>\n<td><span style=\"font-weight: 400;\">Tarifas a\u00e9reas competitivas y disponibilidad de espacio en aerol\u00edneas<\/span><\/td>\n<td><span style=\"font-weight: 400;\">Red mundial de agentes con acceso exclusivo a buques break bulk especializados y a equipos como contenedores Open Top de 20\u2019 y 40\u2019, Flat Racks, plataformas de carga pesada, etc.<\/span><\/td>\n<\/tr>\n<tr>\n<td><span style=\"font-weight: 400;\">Red mundial de agentes y oficinas de calidad<\/span><\/td>\n<td><span style=\"font-weight: 400;\">Servicios de fletamento y corretaje de buques<\/span><\/td>\n<\/tr>\n<tr>\n<td><span style=\"font-weight: 400;\">Servicios DDP, DDU y puerta a puerta<\/span><\/td>\n<td><span style=\"font-weight: 400;\">Soluciones especializadas de transporte de graneles (gabarra, transbordadores y cabotaje)<\/span><\/td>\n<\/tr>\n<tr>\n<td><span style=\"font-weight: 400;\">Servicios de consolidaci\u00f3n de importaciones (flete mar\u00edtimo \/ flete a\u00e9reo)<\/span><\/td>\n<td><span style=\"font-weight: 400;\">Equipos especializados de manipulaci\u00f3n de materiales (gr\u00faas y cucharas bivalvas)<\/span><\/td>\n<\/tr>\n<tr>\n<td><span style=\"font-weight: 400;\">Servicios de transbordo y Switch B\/L a trav\u00e9s de una red mundial de agentes<\/span><\/td>\n<td><span style=\"font-weight: 400;\">Soluciones para la manipulaci\u00f3n de granel l\u00edquido (terminales de almacenamiento de l\u00edquidos, buques cisterna)<\/span><\/td>\n<\/tr>\n<\/tbody>\n<\/table>\n<\/div><\/div><\/div><\/div><\/div><div id=\"pg-11-3\"  class=\"panel-grid panel-no-style\" ><div id=\"pgc-11-3-0\"  class=\"panel-grid-cell\" ><div id=\"panel-11-3-0-0\" class=\"so-panel widget widget_sow-editor panel-first-child panel-last-child\" data-index=\"4\" ><div class=\"title-center panel-widget-style panel-widget-style-for-11-3-0-0\" ><div class=\"so-widget-sow-editor so-widget-sow-editor-base\">  <div class=\"section-title text-center mt-3 mb-4\">\n    <h2>Door to Door<\/h2>\n  <\/div>\n<div class=\"siteorigin-widget-tinymce textwidget\">\n  <p>We are members of leading global freight forwarding networks, which adds strengths to our global offering. Through our smart partnerships with like-minded companies in over 100countries, we offer door-to-door services, including first &amp; last-mile connectivity to minimize our customers' need to interact with multiple agencies, cater to your total logistics requirements &amp; simplify your supply chain.<\/p>\n<p>At ICSA, we can offer you the best experience and tailor-made routing options with the best cost-to-value options. Our commitment to quality communications and service support at every step of the way.<\/p>\n<p style=\"text-align: left;\">\t<div class=\"mt-2\">\n\t\t<ul class=\"list-unstyled m-0 p-0 dd-logos owl-carousel\">\n\t\t\t\t\t\t\t<li><a data-fancybox='group' href='https:\/\/icsagroup.com\/wp-content\/uploads\/2022\/04\/cgli-certificate.jpg'><img decoding=\"async\" src=\"https:\/\/icsagroup.com\/wp-content\/uploads\/2022\/02\/5.-c.jpg\" \/><\/a><\/li>\n\t\t\t\t\t\t\t<li><a data-fancybox='group' href='https:\/\/icsagroup.com\/wp-content\/uploads\/2022\/04\/wca-certificate.jpg'><img decoding=\"async\" src=\"https:\/\/icsagroup.com\/wp-content\/uploads\/2022\/02\/6.-wca.jpg\" \/><\/a><\/li>\n\t\t\t\t\t\t\t<li><a data-fancybox='group' href='https:\/\/icsagroup.com\/wp-content\/uploads\/2022\/02\/7.-amtoi.jpg'><img decoding=\"async\" src=\"https:\/\/icsagroup.com\/wp-content\/uploads\/2022\/02\/7.-amtoi.jpg\" \/><\/a><\/li>\n\t\t\t\t\t\t\t<li><a data-fancybox='group' href='https:\/\/icsagroup.com\/wp-content\/uploads\/2022\/02\/2.-aeo.jpg'><img decoding=\"async\" src=\"https:\/\/icsagroup.com\/wp-content\/uploads\/2022\/02\/2.-aeo.jpg\" \/><\/a><\/li>\n\t\t\t\t\t\t\t<li><a data-fancybox='group' href='https:\/\/icsagroup.com\/wp-content\/uploads\/2022\/04\/iso-certificate.jpg'><img decoding=\"async\" src=\"https:\/\/icsagroup.com\/wp-content\/uploads\/2022\/02\/1.-iso.jpg\" \/><\/a><\/li>\n\t\t\t\t\t<\/ul>\n\t<\/div>\n\n<\/p>\n<\/div><\/div><\/div><\/div><\/div><\/div><\/div>","protected":false},"excerpt":{"rendered":"<p>ICSA, with its vast experience in the Container line business, has developed a solid in-house Freight Desk. We offer the best freight rates to a wide selection of shipping routes and air freight to meet client delivery times and cost expectations with total transparency in transactions &amp; operations with no hidden costs. ICSA is a [&hellip;]<\/p>","protected":false},"author":1,"featured_media":0,"parent":9,"menu_order":0,"comment_status":"closed","ping_status":"closed","template":"","meta":{"footnotes":""},"class_list":["post-11","page","type-page","status-publish","hentry"],"_links":{"self":[{"href":"https:\/\/icsagroup.com\/es\/wp-json\/wp\/v2\/pages\/11","targetHints":{"allow":["GET"]}}],"collection":[{"href":"https:\/\/icsagroup.com\/es\/wp-json\/wp\/v2\/pages"}],"about":[{"href":"https:\/\/icsagroup.com\/es\/wp-json\/wp\/v2\/types\/page"}],"author":[{"embeddable":true,"href":"https:\/\/icsagroup.com\/es\/wp-json\/wp\/v2\/users\/1"}],"replies":[{"embeddable":true,"href":"https:\/\/icsagroup.com\/es\/wp-json\/wp\/v2\/comments?post=11"}],"version-history":[{"count":62,"href":"https:\/\/icsagroup.com\/es\/wp-json\/wp\/v2\/pages\/11\/revisions"}],"predecessor-version":[{"id":777,"href":"https:\/\/icsagroup.com\/es\/wp-json\/wp\/v2\/pages\/11\/revisions\/777"}],"up":[{"embeddable":true,"href":"https:\/\/icsagroup.com\/es\/wp-json\/wp\/v2\/pages\/9"}],"wp:attachment":[{"href":"https:\/\/icsagroup.com\/es\/wp-json\/wp\/v2\/media?parent=11"}],"curies":[{"name":"wp","href":"https:\/\/api.w.org\/{rel}","templated":true}]}}