{"id":19,"date":"2022-02-09T13:47:31","date_gmt":"2022-02-09T13:47:31","guid":{"rendered":"https:\/\/codesandideas.in\/icsa-wp\/?page_id=19"},"modified":"2026-03-28T05:18:04","modified_gmt":"2026-03-28T05:18:04","slug":"ship-agency","status":"publish","type":"page","link":"https:\/\/icsagroup.com\/es\/services\/shipping\/ship-agency\/","title":{"rendered":"Agencia mar\u00edtima"},"content":{"rendered":"<div id=\"pl-19\"  class=\"panel-layout\" ><div id=\"pg-19-0\"  class=\"panel-grid panel-no-style\" ><div id=\"pgc-19-0-0\"  class=\"panel-grid-cell\" ><div id=\"panel-19-0-0-0\" class=\"so-panel widget widget_media_image panel-first-child\" data-index=\"0\" ><img loading=\"lazy\" decoding=\"async\" width=\"2560\" height=\"1273\" src=\"https:\/\/icsagroup.com\/wp-content\/uploads\/2022\/02\/icsa-ship-agency-scaled-e1646977853350.jpg\" class=\"image wp-image-165  attachment-full size-full\" alt=\"\" style=\"max-width: 100%; height: auto;\" srcset=\"https:\/\/icsagroup.com\/wp-content\/uploads\/2022\/02\/icsa-ship-agency-scaled-e1646977853350.jpg 2560w, https:\/\/icsagroup.com\/wp-content\/uploads\/2022\/02\/icsa-ship-agency-scaled-e1646977853350-300x149.jpg 300w, https:\/\/icsagroup.com\/wp-content\/uploads\/2022\/02\/icsa-ship-agency-scaled-e1646977853350-1024x509.jpg 1024w, https:\/\/icsagroup.com\/wp-content\/uploads\/2022\/02\/icsa-ship-agency-scaled-e1646977853350-768x382.jpg 768w, https:\/\/icsagroup.com\/wp-content\/uploads\/2022\/02\/icsa-ship-agency-scaled-e1646977853350-1536x764.jpg 1536w, https:\/\/icsagroup.com\/wp-content\/uploads\/2022\/02\/icsa-ship-agency-scaled-e1646977853350-2048x1018.jpg 2048w\" sizes=\"auto, (max-width: 2560px) 100vw, 2560px\" \/><\/div><div id=\"panel-19-0-0-1\" class=\"so-panel widget widget_sow-editor panel-last-child\" data-index=\"1\" ><div class=\"so-widget-sow-editor so-widget-sow-editor-base\"><div class=\"siteorigin-widget-tinymce textwidget\">\n  <p>ICSA cuenta con licencia en todos los principales puertos de la India para actuar como agente de los propietarios y operadores de buques. Esto incluye la gesti\u00f3n de todas las formalidades relacionadas con las autoridades aduaneras y de inmigraci\u00f3n, la administraci\u00f3n portuaria y otros requisitos en tierra del buque durante su estancia en el muelle.<\/p>\n<p>ICSA has also acted as exclusive booking agents for several shipping lines as Principals for over 70 years. The first such relationship was established way back in 1948 with Gdynia America Line (later renamed Polish Ocean Lines), which lasted for 41years.<br \/>\nNo obstante, la relaci\u00f3n de agencia m\u00e1s estrecha de ICSA hasta la fecha fue con Mitsui Line, iniciada en 1951 y continuada despu\u00e9s de 1964 bajo la nueva denominaci\u00f3n Mitsui O.S.K. Lines (tras su fusi\u00f3n con O.S.K.) hasta 2007, un per\u00edodo de m\u00e1s de 56 a\u00f1os.<\/p>\n<\/div><\/div><\/div><\/div><\/div><\/div>","protected":false},"excerpt":{"rendered":"<p>ICSA has licensed at all major ports in India to act as agents for Vessel Owner &amp; Operators. This includes handling all formalities related to customs &amp; immigration authorities, the Port Management &amp; other shore side requirements of the vessel during her stay at Berth. ICSA has also acted as exclusive booking agents for several [&hellip;]<\/p>","protected":false},"author":1,"featured_media":0,"parent":9,"menu_order":0,"comment_status":"closed","ping_status":"closed","template":"","meta":{"footnotes":""},"class_list":["post-19","page","type-page","status-publish","hentry"],"_links":{"self":[{"href":"https:\/\/icsagroup.com\/es\/wp-json\/wp\/v2\/pages\/19","targetHints":{"allow":["GET"]}}],"collection":[{"href":"https:\/\/icsagroup.com\/es\/wp-json\/wp\/v2\/pages"}],"about":[{"href":"https:\/\/icsagroup.com\/es\/wp-json\/wp\/v2\/types\/page"}],"author":[{"embeddable":true,"href":"https:\/\/icsagroup.com\/es\/wp-json\/wp\/v2\/users\/1"}],"replies":[{"embeddable":true,"href":"https:\/\/icsagroup.com\/es\/wp-json\/wp\/v2\/comments?post=19"}],"version-history":[{"count":29,"href":"https:\/\/icsagroup.com\/es\/wp-json\/wp\/v2\/pages\/19\/revisions"}],"predecessor-version":[{"id":1335,"href":"https:\/\/icsagroup.com\/es\/wp-json\/wp\/v2\/pages\/19\/revisions\/1335"}],"up":[{"embeddable":true,"href":"https:\/\/icsagroup.com\/es\/wp-json\/wp\/v2\/pages\/9"}],"wp:attachment":[{"href":"https:\/\/icsagroup.com\/es\/wp-json\/wp\/v2\/media?parent=19"}],"curies":[{"name":"wp","href":"https:\/\/api.w.org\/{rel}","templated":true}]}}