{"id":23,"date":"2022-02-09T13:47:56","date_gmt":"2022-02-09T13:47:56","guid":{"rendered":"https:\/\/codesandideas.in\/icsa-wp\/?page_id=23"},"modified":"2025-05-06T10:50:41","modified_gmt":"2025-05-06T10:50:41","slug":"custom-clearances","status":"publish","type":"page","link":"https:\/\/icsagroup.com\/es\/services\/logistics\/custom-clearances\/","title":{"rendered":"Despacho de aduanas"},"content":{"rendered":"<div id=\"pl-23\"  class=\"panel-layout\" ><div id=\"pg-23-0\"  class=\"panel-grid panel-no-style\" ><div id=\"pgc-23-0-0\"  class=\"panel-grid-cell\" ><div id=\"panel-23-0-0-0\" class=\"so-panel widget widget_media_image panel-first-child\" data-index=\"0\" ><img loading=\"lazy\" decoding=\"async\" width=\"300\" height=\"169\" src=\"https:\/\/icsagroup.com\/wp-content\/uploads\/2024\/06\/banner-300x169.png\" class=\"image wp-image-1176  attachment-medium size-medium\" alt=\"\" style=\"max-width: 100%; height: auto;\" srcset=\"https:\/\/icsagroup.com\/wp-content\/uploads\/2024\/06\/banner-300x169.png 300w, https:\/\/icsagroup.com\/wp-content\/uploads\/2024\/06\/banner-1024x577.png 1024w, https:\/\/icsagroup.com\/wp-content\/uploads\/2024\/06\/banner-768x432.png 768w, https:\/\/icsagroup.com\/wp-content\/uploads\/2024\/06\/banner.png 1499w\" sizes=\"auto, (max-width: 300px) 100vw, 300px\" \/><\/div><div id=\"panel-23-0-0-1\" class=\"so-panel widget widget_sow-editor panel-last-child\" data-index=\"1\" ><div class=\"so-widget-sow-editor so-widget-sow-editor-base\"><div class=\"siteorigin-widget-tinymce textwidget\">\n  <p>El despacho de aduanas ha sido el n\u00facleo de las actividades del grupo desde sus inicios. Durante los \u00faltimos 92 a\u00f1os, la compa\u00f1\u00eda ha cultivado cuidadosamente y construido una impecable reputaci\u00f3n de honestidad, integridad y transparencia en su relaci\u00f3n con las autoridades aduaneras, ganando su respeto y manteniendo una excelente relaci\u00f3n con ellas. Combinado con sus valores fundamentales y un equipo altamente profesional y experimentado, esto le permite ofrecer algunos de los tiempos de despacho m\u00e1s r\u00e1pidos y eficientes de toda la industria, estableci\u00e9ndose claramente como un l\u00edder en el pa\u00eds.<\/p>\n<p>ICSA fue reconocida en 2021 como el Mejor Agente de Aduanas por el programa Gati Shakti del Gobierno de la India, un prestigioso premio entregado a nuestro Director General por el Honorable Ministro de Comercio e Industria.<\/p>\n<p>La tecnolog\u00eda ha estado a la vanguardia de nuestra oferta y ICSA ya opera en l\u00ednea con la Aduana y est\u00e1 completamente equipada para despachar documentos electr\u00f3nicamente. Para mejorar a\u00fan m\u00e1s la calidad de los servicios y diferenciarse de otros, ICSA proporciona a sus clientes informes peri\u00f3dicos de progreso por etapas, expl\u00edcitamente adaptados a sus necesidades. ICSA siempre ofrece los servicios de despacho aduanero m\u00e1s r\u00e1pidos y flexibles a todos sus clientes.<\/p>\n<p>Un liderazgo experimentado y capacitado constituye la fuerza impulsora de la organizaci\u00f3n, proporcionando las mejores soluciones log\u00edsticas. Un historial impecable durante 9 d\u00e9cadas con el Puerto \/ CFS y la Aduana. Clientes de larga trayectoria con relaciones promedio de m\u00e1s de 30 a\u00f1os.<\/p>\n<p>&nbsp;<\/p>\n<h5 style=\"text-align: center; color: #2b2e71; line-height: 1.5;\"><strong>Fuerza laboral actual y capacidades en despacho de aduanas<\/strong><br \/>\n<strong>73 personas autorizadas por la Aduana, que comprenden 5 titulares de licencia (FORM-F)<\/strong><br \/>\n<strong>9 titulares de poder notarial (FORM-G POA), 26 Seniors (FORM-G) y 33 Juniors (FORM-H). <\/strong><\/h5>\n<\/div><\/div><\/div><\/div><\/div><\/div>","protected":false},"excerpt":{"rendered":"<p>Custom Clearance has been at the core of the group&#8217;s activities since its inception. Over the last 92 years, the Company has carefully nurtured &amp; built an impeccable reputation of honesty, integrity &amp; transparency in its dealing with Customs authorities and gained their respect and enjoy an excellent rapport with them. Combined with its core [&hellip;]<\/p>","protected":false},"author":1,"featured_media":0,"parent":21,"menu_order":0,"comment_status":"closed","ping_status":"closed","template":"","meta":{"footnotes":""},"class_list":["post-23","page","type-page","status-publish","hentry"],"_links":{"self":[{"href":"https:\/\/icsagroup.com\/es\/wp-json\/wp\/v2\/pages\/23","targetHints":{"allow":["GET"]}}],"collection":[{"href":"https:\/\/icsagroup.com\/es\/wp-json\/wp\/v2\/pages"}],"about":[{"href":"https:\/\/icsagroup.com\/es\/wp-json\/wp\/v2\/types\/page"}],"author":[{"embeddable":true,"href":"https:\/\/icsagroup.com\/es\/wp-json\/wp\/v2\/users\/1"}],"replies":[{"embeddable":true,"href":"https:\/\/icsagroup.com\/es\/wp-json\/wp\/v2\/comments?post=23"}],"version-history":[{"count":38,"href":"https:\/\/icsagroup.com\/es\/wp-json\/wp\/v2\/pages\/23\/revisions"}],"predecessor-version":[{"id":1264,"href":"https:\/\/icsagroup.com\/es\/wp-json\/wp\/v2\/pages\/23\/revisions\/1264"}],"up":[{"embeddable":true,"href":"https:\/\/icsagroup.com\/es\/wp-json\/wp\/v2\/pages\/21"}],"wp:attachment":[{"href":"https:\/\/icsagroup.com\/es\/wp-json\/wp\/v2\/media?parent=23"}],"curies":[{"name":"wp","href":"https:\/\/api.w.org\/{rel}","templated":true}]}}