{"id":25,"date":"2022-02-09T13:48:31","date_gmt":"2022-02-09T13:48:31","guid":{"rendered":"https:\/\/codesandideas.in\/icsa-wp\/?page_id=25"},"modified":"2024-05-03T05:51:13","modified_gmt":"2024-05-03T05:51:13","slug":"container-freight-stations","status":"publish","type":"page","link":"https:\/\/icsagroup.com\/es\/services\/logistics\/container-freight-stations\/","title":{"rendered":"Estaciones de carga de contenedores (CFS)"},"content":{"rendered":"<div id=\"pl-25\"  class=\"panel-layout\" ><div id=\"pg-25-0\"  class=\"panel-grid panel-no-style\" ><div id=\"pgc-25-0-0\"  class=\"panel-grid-cell\" ><div id=\"panel-25-0-0-0\" class=\"so-panel widget widget_media_image panel-first-child\" data-index=\"0\" ><img loading=\"lazy\" decoding=\"async\" width=\"1245\" height=\"605\" src=\"https:\/\/icsagroup.com\/wp-content\/uploads\/2024\/04\/ICSA-web-site-min-1-1.png\" class=\"image wp-image-1171  attachment-full size-full\" alt=\"\" style=\"max-width: 100%; height: auto;\" srcset=\"https:\/\/icsagroup.com\/wp-content\/uploads\/2024\/04\/ICSA-web-site-min-1-1.png 1245w, https:\/\/icsagroup.com\/wp-content\/uploads\/2024\/04\/ICSA-web-site-min-1-1-300x146.png 300w, https:\/\/icsagroup.com\/wp-content\/uploads\/2024\/04\/ICSA-web-site-min-1-1-1024x498.png 1024w, https:\/\/icsagroup.com\/wp-content\/uploads\/2024\/04\/ICSA-web-site-min-1-1-768x373.png 768w\" sizes=\"auto, (max-width: 1245px) 100vw, 1245px\" \/><\/div><div id=\"panel-25-0-0-1\" class=\"so-panel widget widget_sow-editor panel-last-child\" data-index=\"1\" ><div class=\"so-widget-sow-editor so-widget-sow-editor-base\"><div class=\"siteorigin-widget-tinymce textwidget\">\n  <p>En los \u00faltimos a\u00f1os, ICSA ha desarrollado experiencia en la gesti\u00f3n de estaciones de carga contenerizada (CFS) en nombre de los titulares de licencias.<\/p>\n<p>Esta es la incorporaci\u00f3n m\u00e1s reciente al portafolio de actividades log\u00edsticas del grupo, ya que cubri\u00f3 el vac\u00edo que exist\u00eda en el proceso de importaci\u00f3n y exportaci\u00f3n de carga. Esta adici\u00f3n ha brindado al grupo una gran ventaja sobre sus competidores, gracias a su cercan\u00eda al puerto y al hecho de que el grupo cuenta con su propia divisi\u00f3n de transporte registrada, lo que lo hace altamente competitivo en costos.<\/p>\n<p>ICSA ha firmado acuerdos operativos de CFS con los siguientes:<\/p>\n<ol>\n<li>STP Services Private Limited<\/li>\n<li>ICSA ha sido adjudicada por la Central Warehousing Corporation con el contrato para la manipulaci\u00f3n y transporte de contenedores y servicios asociados en el DPE Thiruvottiyur, Chennai.<\/li>\n<\/ol>\n<\/div><\/div><\/div><\/div><\/div><\/div>","protected":false},"excerpt":{"rendered":"<p>ICSA in the recent years has developed the expertise in Managing Container freight stations on behalf of the License holders. This is the most recent addition to the group&#8217;s logistics activity portfolio as it filled the one vacuum that existed in the import &amp; export process for cargo. This addition to the portfolio has given [&hellip;]<\/p>","protected":false},"author":1,"featured_media":0,"parent":21,"menu_order":0,"comment_status":"closed","ping_status":"closed","template":"","meta":{"footnotes":""},"class_list":["post-25","page","type-page","status-publish","hentry"],"_links":{"self":[{"href":"https:\/\/icsagroup.com\/es\/wp-json\/wp\/v2\/pages\/25","targetHints":{"allow":["GET"]}}],"collection":[{"href":"https:\/\/icsagroup.com\/es\/wp-json\/wp\/v2\/pages"}],"about":[{"href":"https:\/\/icsagroup.com\/es\/wp-json\/wp\/v2\/types\/page"}],"author":[{"embeddable":true,"href":"https:\/\/icsagroup.com\/es\/wp-json\/wp\/v2\/users\/1"}],"replies":[{"embeddable":true,"href":"https:\/\/icsagroup.com\/es\/wp-json\/wp\/v2\/comments?post=25"}],"version-history":[{"count":28,"href":"https:\/\/icsagroup.com\/es\/wp-json\/wp\/v2\/pages\/25\/revisions"}],"predecessor-version":[{"id":1174,"href":"https:\/\/icsagroup.com\/es\/wp-json\/wp\/v2\/pages\/25\/revisions\/1174"}],"up":[{"embeddable":true,"href":"https:\/\/icsagroup.com\/es\/wp-json\/wp\/v2\/pages\/21"}],"wp:attachment":[{"href":"https:\/\/icsagroup.com\/es\/wp-json\/wp\/v2\/media?parent=25"}],"curies":[{"name":"wp","href":"https:\/\/api.w.org\/{rel}","templated":true}]}}