{"id":33,"date":"2022-02-09T13:49:25","date_gmt":"2022-02-09T13:49:25","guid":{"rendered":"https:\/\/codesandideas.in\/icsa-wp\/?page_id=33"},"modified":"2026-03-28T05:24:43","modified_gmt":"2026-03-28T05:24:43","slug":"projects-break-bulk","status":"publish","type":"page","link":"https:\/\/icsagroup.com\/es\/services\/shipping\/projects-break-bulk\/","title":{"rendered":"Proyectos y carga fraccionada (Break Bulk)"},"content":{"rendered":"<div id=\"pl-33\"  class=\"panel-layout\" ><div id=\"pg-33-0\"  class=\"panel-grid panel-no-style\" ><div id=\"pgc-33-0-0\"  class=\"panel-grid-cell\" ><div id=\"panel-33-0-0-0\" class=\"so-panel widget widget_media_image panel-first-child panel-last-child\" data-index=\"0\" ><img loading=\"lazy\" decoding=\"async\" width=\"1000\" height=\"563\" src=\"https:\/\/icsagroup.com\/wp-content\/uploads\/2024\/04\/ICSA-Projects-Break-Bulk-Picture-V1-min.jpeg\" class=\"image wp-image-1142  attachment-full size-full\" alt=\"\" style=\"max-width: 100%; height: auto;\" srcset=\"https:\/\/icsagroup.com\/wp-content\/uploads\/2024\/04\/ICSA-Projects-Break-Bulk-Picture-V1-min.jpeg 1000w, https:\/\/icsagroup.com\/wp-content\/uploads\/2024\/04\/ICSA-Projects-Break-Bulk-Picture-V1-min-300x169.jpeg 300w, https:\/\/icsagroup.com\/wp-content\/uploads\/2024\/04\/ICSA-Projects-Break-Bulk-Picture-V1-min-768x432.jpeg 768w\" sizes=\"auto, (max-width: 1000px) 100vw, 1000px\" \/><\/div><\/div><\/div><div id=\"pg-33-1\"  class=\"panel-grid panel-no-style\" ><div id=\"pgc-33-1-0\"  class=\"panel-grid-cell\" ><div id=\"panel-33-1-0-0\" class=\"so-panel widget widget_media_image panel-first-child panel-last-child\" data-index=\"1\" ><img loading=\"lazy\" decoding=\"async\" width=\"300\" height=\"300\" src=\"https:\/\/icsagroup.com\/wp-content\/uploads\/2024\/03\/ICSA-web-site-min-300x300.png\" class=\"image wp-image-1136  attachment-medium size-medium\" alt=\"\" style=\"max-width: 100%; height: auto;\" srcset=\"https:\/\/icsagroup.com\/wp-content\/uploads\/2024\/03\/ICSA-web-site-min-300x300.png 300w, https:\/\/icsagroup.com\/wp-content\/uploads\/2024\/03\/ICSA-web-site-min-150x150.png 150w, https:\/\/icsagroup.com\/wp-content\/uploads\/2024\/03\/ICSA-web-site-min-768x768.png 768w, https:\/\/icsagroup.com\/wp-content\/uploads\/2024\/03\/ICSA-web-site-min.png 1000w\" sizes=\"auto, (max-width: 300px) 100vw, 300px\" \/><\/div><\/div><div id=\"pgc-33-1-1\"  class=\"panel-grid-cell\" ><div id=\"panel-33-1-1-0\" class=\"so-panel widget widget_sow-editor panel-first-child panel-last-child\" data-index=\"2\" ><div class=\"so-widget-sow-editor so-widget-sow-editor-base\"><div class=\"siteorigin-widget-tinymce textwidget\">\n  <p>La divisi\u00f3n de Proyectos de ICSA cuenta con un profundo conocimiento y experiencia en la planificaci\u00f3n y ejecuci\u00f3n de grandes proyectos y movimientos de carga sobredimensionada (ODC \u2013 Over Dimensional Cargo). La experiencia acumulada nos permite ofrecer soluciones integradas para todos sus proyectos y transportes ODC.<\/p>\n<p>ICSA se enorgullece de su enfoque sistem\u00e1tico y de su gesti\u00f3n punto a punto mediante la planificaci\u00f3n de rutas y puntos de transferencia para garantizar la recogida y entrega puntual de paquetes de tama\u00f1o especial y cargas de proyectos.<\/p>\n<p>Ya sean palas de aerogeneradores, turbinas de gas, generadores o calderas, cada ODC y proyecto atraviesa un proceso de \u201ccuatro etapas\u201d como se indica a continuaci\u00f3n.<\/p>\n<\/div><\/div><\/div><\/div><\/div><div id=\"pg-33-2\"  class=\"panel-grid panel-has-style\" ><div class=\"has-project-columns panel-row-style panel-row-style-for-33-2\" ><div id=\"pgc-33-2-0\"  class=\"panel-grid-cell\" ><div id=\"panel-33-2-0-0\" class=\"so-panel widget widget_sow-editor panel-first-child panel-last-child\" data-index=\"3\" ><div class=\"so-widget-sow-editor so-widget-sow-editor-base\">  <div class=\"section-title text-left mt-3 mb-4\">\n    <h2>Planificaci\u00f3n y Dise\u00f1o<\/h2>\n  <\/div>\n<div class=\"siteorigin-widget-tinymce textwidget\">\n  <ul>\n<li>Comprensi\u00f3n del negocio, sus requisitos y demandas<\/li>\n<li>Estudio de las dimensiones y limitaciones de los movimientos ODC<\/li>\n<li>Planificaci\u00f3n de precisi\u00f3n<\/li>\n<li>Identificaci\u00f3n de los recursos necesarios para el transporte<\/li>\n<li>Realizaci\u00f3n de estudios de ruta y selecci\u00f3n de transportistas confiables<\/li>\n<li>Tarifas personalizadas y rentables<\/li>\n<li>Definici\u00f3n del plan \u00f3ptimo aprobado por todas las partes interesadas<\/li>\n<\/ul>\n<\/div><\/div><\/div><\/div><div id=\"pgc-33-2-1\"  class=\"panel-grid-cell\" ><div id=\"panel-33-2-1-0\" class=\"so-panel widget widget_sow-editor panel-first-child panel-last-child\" data-index=\"4\" ><div class=\"so-widget-sow-editor so-widget-sow-editor-base\">  <div class=\"section-title text-left mt-3 mb-4\">\n    <h2>Estrategia y Ejecuci\u00f3n<\/h2>\n  <\/div>\n<div class=\"siteorigin-widget-tinymce textwidget\">\n  <ul>\n<li>Gesti\u00f3n log\u00edstica integrada de extremo a extremo<\/li>\n<li>Ejecuci\u00f3n de proyectos mediante planificaci\u00f3n meticulosa y asegurando recogida &amp; entrega puntuales<\/li>\n<li>Organizaci\u00f3n de escoltas de seguridad para carga sensible<\/li>\n<li>Gesti\u00f3n in situ &amp; coordinaci\u00f3n con clientes<\/li>\n<li>Decisiones inmediatas y planes alternativos<\/li>\n<li>Garantizamos un correcto trincaje y calce, y proporcionamos el estiba adecuada para el env\u00edo<\/li>\n<\/ul>\n<\/div><\/div><\/div><\/div><\/div><\/div><div id=\"pg-33-3\"  class=\"panel-grid panel-has-style\" ><div class=\"has-project-columns panel-row-style panel-row-style-for-33-3\" ><div id=\"pgc-33-3-0\"  class=\"panel-grid-cell\" ><div id=\"panel-33-3-0-0\" class=\"so-panel widget widget_sow-editor panel-first-child panel-last-child\" data-index=\"5\" ><div class=\"so-widget-sow-editor so-widget-sow-editor-base\">  <div class=\"section-title text-left mt-3 mb-4\">\n    <h2>Transporte e Infraestructura<\/h2>\n  <\/div>\n<div class=\"siteorigin-widget-tinymce textwidget\">\n  <ul>\n<li>Acceso a una red integral de camiones y remolques altamente especializados como remolques de plataforma alta, baja, multiejes, de gran capacidad y veh\u00edculos especialmente fabricados para el movimiento de cargas ODC<\/li>\n<li>Equipos especializados de manipulaci\u00f3n de materiales (gr\u00faas y polipastos, pinzas y cucharas)<\/li>\n<\/ul>\n<\/div><\/div><\/div><\/div><div id=\"pgc-33-3-1\"  class=\"panel-grid-cell\" ><div id=\"panel-33-3-1-0\" class=\"so-panel widget widget_sow-editor panel-first-child panel-last-child\" data-index=\"6\" ><div class=\"so-widget-sow-editor so-widget-sow-editor-base\">  <div class=\"section-title text-left mt-3 mb-4\">\n    <h2>Env\u00edos y Fletamento<\/h2>\n  <\/div>\n<div class=\"siteorigin-widget-tinymce textwidget\">\n  <ul>\n<li>Worldwide network of professional Agents with exclusive access to specialized break bulk ships and equipment like 20\u2019and 40 \u2018Open tops, Flat racks, Heavy Duty and Mafi, etc.<\/li>\n<li>Servicios de fletamento mar\u00edtimo y a\u00e9reo<\/li>\n<li>Soluciones especializadas de transporte de graneles (gabarra, transbordadores y cabotaje)<\/li>\n<\/ul>\n<\/div><\/div><\/div><\/div><\/div><\/div><div id=\"pg-33-4\"  class=\"panel-grid panel-no-style\" ><div id=\"pgc-33-4-0\"  class=\"panel-grid-cell\" ><div id=\"panel-33-4-0-0\" class=\"so-panel widget widget_text panel-first-child panel-last-child\" data-index=\"7\" >\t\t\t<div class=\"textwidget\">\t<div class=\"image-gallery px-5 mb-5\">\n\t\t<div class=\"owl-carousel gallery-carousel\">\n\t\t\t\t\t<\/div>\n\t<\/div>\n\n\n<\/div>\n\t\t<\/div><\/div><\/div><\/div>","protected":false},"excerpt":{"rendered":"<p>ICSA Projects division has extensive knowledge and expertise in planning and executing large Projects and OD Cargo movement. Wisdom gained by experience helps us to provide integrated solutions to all your Projects and OD Cargo movements. ICSA prides itself on its systematic approach and point-to-point management with planning routes and transfer points to ensure prompt [&hellip;]<\/p>","protected":false},"author":1,"featured_media":0,"parent":9,"menu_order":0,"comment_status":"closed","ping_status":"closed","template":"","meta":{"footnotes":""},"class_list":["post-33","page","type-page","status-publish","hentry"],"_links":{"self":[{"href":"https:\/\/icsagroup.com\/es\/wp-json\/wp\/v2\/pages\/33","targetHints":{"allow":["GET"]}}],"collection":[{"href":"https:\/\/icsagroup.com\/es\/wp-json\/wp\/v2\/pages"}],"about":[{"href":"https:\/\/icsagroup.com\/es\/wp-json\/wp\/v2\/types\/page"}],"author":[{"embeddable":true,"href":"https:\/\/icsagroup.com\/es\/wp-json\/wp\/v2\/users\/1"}],"replies":[{"embeddable":true,"href":"https:\/\/icsagroup.com\/es\/wp-json\/wp\/v2\/comments?post=33"}],"version-history":[{"count":28,"href":"https:\/\/icsagroup.com\/es\/wp-json\/wp\/v2\/pages\/33\/revisions"}],"predecessor-version":[{"id":1336,"href":"https:\/\/icsagroup.com\/es\/wp-json\/wp\/v2\/pages\/33\/revisions\/1336"}],"up":[{"embeddable":true,"href":"https:\/\/icsagroup.com\/es\/wp-json\/wp\/v2\/pages\/9"}],"wp:attachment":[{"href":"https:\/\/icsagroup.com\/es\/wp-json\/wp\/v2\/media?parent=33"}],"curies":[{"name":"wp","href":"https:\/\/api.w.org\/{rel}","templated":true}]}}