{"id":85,"date":"2022-02-09T16:05:07","date_gmt":"2022-02-09T16:05:07","guid":{"rendered":"https:\/\/codesandideas.in\/icsa-wp\/?page_id=85"},"modified":"2022-07-04T11:08:01","modified_gmt":"2022-07-04T11:08:01","slug":"who-we-are","status":"publish","type":"page","link":"https:\/\/icsagroup.com\/es\/about-us\/who-we-are\/","title":{"rendered":"Qui\u00e9nes somos"},"content":{"rendered":"<div id=\"pl-85\"  class=\"panel-layout\" ><div id=\"pg-85-0\"  class=\"panel-grid panel-has-style\" ><div class=\"panel-row-style panel-row-style-for-85-0\" ><div id=\"pgc-85-0-0\"  class=\"panel-grid-cell\" ><div id=\"panel-85-0-0-0\" class=\"so-panel widget widget_media_image panel-first-child panel-last-child\" data-index=\"0\" ><img loading=\"lazy\" decoding=\"async\" width=\"853\" height=\"431\" src=\"https:\/\/icsagroup.com\/wp-content\/uploads\/2022\/04\/icsa-who-we-are.jpeg\" class=\"image wp-image-783  attachment-full size-full\" alt=\"\" style=\"max-width: 100%; height: auto;\" srcset=\"https:\/\/icsagroup.com\/wp-content\/uploads\/2022\/04\/icsa-who-we-are.jpeg 853w, https:\/\/icsagroup.com\/wp-content\/uploads\/2022\/04\/icsa-who-we-are-300x152.jpeg 300w, https:\/\/icsagroup.com\/wp-content\/uploads\/2022\/04\/icsa-who-we-are-768x388.jpeg 768w\" sizes=\"auto, (max-width: 853px) 100vw, 853px\" \/><\/div><\/div><\/div><\/div><div id=\"pg-85-1\"  class=\"panel-grid panel-has-style\" ><div class=\"panel-row-style panel-row-style-for-85-1\" ><div id=\"pgc-85-1-0\"  class=\"panel-grid-cell\" ><div id=\"panel-85-1-0-0\" class=\"so-panel widget widget_sow-editor panel-first-child panel-last-child\" data-index=\"1\" ><div class=\"so-widget-sow-editor so-widget-sow-editor-base\"><div class=\"siteorigin-widget-tinymce textwidget\">\n  <p>ICSA es un proveedor de servicios log\u00edsticos integrados, con una larga trayectoria y bien consolidado, con sede en Chennai y sucursales en m\u00e1s de 10 de las principales ciudades de la India. A lo largo de los \u00faltimos 90 a\u00f1os desde su fundaci\u00f3n, ICSA se ha convertido en un actor l\u00edder en log\u00edstica mar\u00edtima y movilidad.<\/p>\n<p>La organizaci\u00f3n busca constantemente oportunidades emocionantes para dise\u00f1ar e implementar soluciones innovadoras, combinando activos mar\u00edtimos y terrestres. ICSA cree en el desarrollo de redes estrat\u00e9gicas y s\u00f3lidas asociaciones a nivel global para abrir nuevas rutas. Priorizamos nuestros recursos, experiencia y conocimiento del mercado para ofrecer una visi\u00f3n privilegiada de oportunidades \u00fanicas.<\/p>\n<\/div><\/div><\/div><\/div><div id=\"pgc-85-1-1\"  class=\"panel-grid-cell\" ><div id=\"panel-85-1-1-0\" class=\"so-panel widget widget_sow-editor panel-first-child panel-last-child\" data-index=\"2\" ><div class=\"so-widget-sow-editor so-widget-sow-editor-base\"><div class=\"siteorigin-widget-tinymce textwidget\">\n  <p>ICSA goza de gran respeto por parte de las autoridades aduaneras y mar\u00edtimas de la India. En colaboraci\u00f3n con ellas, ha sido pionera en numerosas iniciativas gubernamentales clave y ha liderado su ejecuci\u00f3n en beneficio del comercio. El Gobierno de la India ha reconocido oficialmente la contribuci\u00f3n del grupo a la industria.<\/p>\n<p>En las \u00faltimas nueve d\u00e9cadas, ICSA ha desarrollado m\u00faltiples oportunidades \u00abgreenfield\u00bb y ha forjado relaciones s\u00f3lidas y leales con nuestros clientes, quienes han sido la base de nuestro \u00e9xito. Creemos firmemente en construir relaciones duraderas con clientes y partes interesadas. La transparencia y la \u00e9tica deben ser lo primero para generar confianza, y en ICSA nos enorgullece haber creado muchas de estas relaciones a lo largo de las d\u00e9cadas.<\/p>\n<\/div><\/div><\/div><\/div><\/div><\/div><\/div>","protected":false},"excerpt":{"rendered":"<p>ICSA is a long-standing and well-established Integrated Logistics Service Provider Headquartered in Chennai, with branches over 10 major cities in India. Over the last 90 years since its beginning, ICSA today has evolved into a leading player in Shipping Logistics and Mobility. The organisation is always looking for exciting opportunities to design and implement innovative [&hellip;]<\/p>","protected":false},"author":1,"featured_media":0,"parent":83,"menu_order":0,"comment_status":"closed","ping_status":"closed","template":"","meta":{"footnotes":""},"class_list":["post-85","page","type-page","status-publish","hentry"],"_links":{"self":[{"href":"https:\/\/icsagroup.com\/es\/wp-json\/wp\/v2\/pages\/85","targetHints":{"allow":["GET"]}}],"collection":[{"href":"https:\/\/icsagroup.com\/es\/wp-json\/wp\/v2\/pages"}],"about":[{"href":"https:\/\/icsagroup.com\/es\/wp-json\/wp\/v2\/types\/page"}],"author":[{"embeddable":true,"href":"https:\/\/icsagroup.com\/es\/wp-json\/wp\/v2\/users\/1"}],"replies":[{"embeddable":true,"href":"https:\/\/icsagroup.com\/es\/wp-json\/wp\/v2\/comments?post=85"}],"version-history":[{"count":68,"href":"https:\/\/icsagroup.com\/es\/wp-json\/wp\/v2\/pages\/85\/revisions"}],"predecessor-version":[{"id":329,"href":"https:\/\/icsagroup.com\/es\/wp-json\/wp\/v2\/pages\/85\/revisions\/329"}],"up":[{"embeddable":true,"href":"https:\/\/icsagroup.com\/es\/wp-json\/wp\/v2\/pages\/83"}],"wp:attachment":[{"href":"https:\/\/icsagroup.com\/es\/wp-json\/wp\/v2\/media?parent=85"}],"curies":[{"name":"wp","href":"https:\/\/api.w.org\/{rel}","templated":true}]}}