{"id":87,"date":"2022-02-09T16:05:32","date_gmt":"2022-02-09T16:05:32","guid":{"rendered":"https:\/\/codesandideas.in\/icsa-wp\/?page_id=87"},"modified":"2022-03-28T11:19:53","modified_gmt":"2022-03-28T11:19:53","slug":"vision-mission-quality-policy-philosophy","status":"publish","type":"page","link":"https:\/\/icsagroup.com\/es\/about-us\/vision-mission-quality-policy-philosophy\/","title":{"rendered":"Visi\u00f3n, Misi\u00f3n, Pol\u00edtica de Calidad &amp; Filosof\u00eda"},"content":{"rendered":"<div id=\"pl-87\"  class=\"panel-layout\" ><div id=\"pg-87-0\"  class=\"panel-grid panel-has-style\" ><div class=\"panel-row-style panel-row-style-for-87-0\" ><div id=\"pgc-87-0-0\"  class=\"panel-grid-cell\" ><div id=\"panel-87-0-0-0\" class=\"so-panel widget widget_sow-editor panel-first-child panel-last-child\" data-index=\"0\" ><div class=\"title-left panel-widget-style panel-widget-style-for-87-0-0-0\" ><div class=\"so-widget-sow-editor so-widget-sow-editor-base\"><div class=\"siteorigin-widget-tinymce textwidget\">\n  \t<div class=\"vm-grid d-flex gap-5 flex-column mb-5 mt-3\">\n\t\t\t\t\t<div class=\"vm-item\">\n\t\t\t\t<h3 class=\"fw-bold\">Nuestra Visi\u00f3n<\/h3>\n\t\t\t\t<div class=\"d-flex jusitify-content-between content\">\n\t\t\t\t\t<div class=\"icon\"><img decoding=\"async\" src=\"https:\/\/icsagroup.com\/wp-content\/uploads\/2022\/03\/1.png\" alt=\"\"><\/div>\n\t\t\t\t\t<div class=\"text\">Ser una marca ic\u00f3nica con presencia global, que ofrezca soluciones espec\u00edficas para abordar los desaf\u00edos log\u00edsticos \u00fanicos de nuestros clientes, mediante un enfoque l\u00f3gico y anal\u00edtico, con una combinaci\u00f3n \u00f3ptima de personas, procesos y tecnolog\u00eda.  <\/div>\n\t\t\t\t<\/div>\n\t\t\t<\/div>\n\t\t\t\t\t<div class=\"vm-item\">\n\t\t\t\t<h3 class=\"fw-bold\">Nuestra Misi\u00f3n<\/h3>\n\t\t\t\t<div class=\"d-flex jusitify-content-between content\">\n\t\t\t\t\t<div class=\"icon\"><img decoding=\"async\" src=\"https:\/\/icsagroup.com\/wp-content\/uploads\/2022\/03\/2.png\" alt=\"\"><\/div>\n\t\t\t\t\t<div class=\"text\">Fomentar y capacitar a un equipo motivado de profesionales altamente cualificados, centr\u00e1ndonos en la construcci\u00f3n de relaciones a largo plazo, adoptando un enfoque consultivo para garantizar la transparencia y la capacidad de respuesta con todos nuestros socios, asegurando un crecimiento sostenible e inclusivo, para el beneficio mutuo de todos nuestros grupos de inter\u00e9s.<\/div>\n\t\t\t\t<\/div>\n\t\t\t<\/div>\n\t\t\t\t\t<div class=\"vm-item\">\n\t\t\t\t<h3 class=\"fw-bold\">Pol\u00edtica de Calidad<\/h3>\n\t\t\t\t<div class=\"d-flex jusitify-content-between content\">\n\t\t\t\t\t<div class=\"icon\"><img decoding=\"async\" src=\"https:\/\/icsagroup.com\/wp-content\/uploads\/2022\/03\/3.png\" alt=\"\"><\/div>\n\t\t\t\t\t<div class=\"text\">Nos comprometemos a ofrecer a todos nuestros clientes una propuesta de valor \u00fanica mediante soluciones rentables y de primera categor\u00eda, utilizando de manera eficaz la tecnolog\u00eda y la innovaci\u00f3n, para superar sus expectativas en todo momento. <\/div>\n\t\t\t\t<\/div>\n\t\t\t<\/div>\n\t\t\t<\/div>\n\n\n<\/div><\/div><\/div><\/div><\/div><\/div><\/div><div id=\"pg-87-1\"  class=\"panel-grid panel-has-style\" ><div class=\"siteorigin-panels-stretch panel-row-style panel-row-style-for-87-1\" data-stretch-type=\"full\" ><div id=\"pgc-87-1-0\"  class=\"panel-grid-cell\" ><div id=\"panel-87-1-0-0\" class=\"so-panel widget widget_sow-editor panel-first-child panel-last-child\" data-index=\"1\" ><div class=\"title-center panel-widget-style panel-widget-style-for-87-1-0-0\" ><div class=\"so-widget-sow-editor so-widget-sow-editor-base\">  <div class=\"section-title text-center mt-3 mb-4\">\n    <h2>VALORES FUNDAMENTALES<\/h2>\n  <\/div>\n<div class=\"siteorigin-widget-tinymce textwidget\">\n  <table class=\"icsa-group-table mt-5\">\n<tbody>\n<tr>\n<td>I<\/td>\n<td>Integridad y transparencia en nuestras palabras y nuestras acciones<\/td>\n<\/tr>\n<tr>\n<td>C<\/td>\n<td>Comprometidos a dar lo mejor de nosotros mediante un an\u00e1lisis cuidadoso y un pensamiento l\u00f3gico<\/td>\n<\/tr>\n<tr>\n<td>S<\/td>\n<td>Sinceros en nuestros esfuerzos por deleitar a nuestros clientes<\/td>\n<\/tr>\n<tr>\n<td>A<\/td>\n<td>\u00c1giles y flexibles en nuestra capacidad para adaptarnos al cambio<\/td>\n<\/tr>\n<tr>\n<td>G<\/td>\n<td>Enfocados en el crecimiento en nuestro enfoque \u2013 de manera sostenible e inclusiva<\/td>\n<\/tr>\n<tr>\n<td>R<\/td>\n<td>Responsables en nuestras acciones \u2013 hacia la sociedad y nuestros empleados<\/td>\n<\/tr>\n<tr>\n<td>O<\/td>\n<td>Pensamiento innovador y creativo, fuera de lo com\u00fan<\/td>\n<\/tr>\n<tr>\n<td>U<\/td>\n<td>Indetenibles en nuestros esfuerzos por superar las adversidades<\/td>\n<\/tr>\n<tr>\n<td>P<\/td>\n<td>Personal profesional y motivado \u2013 nuestra fortaleza, nuestra columna vertebral<\/td>\n<\/tr>\n<\/tbody>\n<\/table>\n<\/div><\/div><\/div><\/div><\/div><\/div><\/div><\/div>","protected":false},"excerpt":{"rendered":"<p>I Integrity &amp; Transparency in our Words &amp; our Actions C Committed to give our best through careful analysis &amp; logical thought S Sincere in our Efforts to Delight our Customers A Agile &amp; Flexible in our Ability to Adapt to Change G Growth Focussed in our Approach, Sustainably &amp; Inclusively R Responsible in our [&hellip;]<\/p>","protected":false},"author":1,"featured_media":0,"parent":83,"menu_order":0,"comment_status":"closed","ping_status":"closed","template":"","meta":{"footnotes":""},"class_list":["post-87","page","type-page","status-publish","hentry"],"_links":{"self":[{"href":"https:\/\/icsagroup.com\/es\/wp-json\/wp\/v2\/pages\/87","targetHints":{"allow":["GET"]}}],"collection":[{"href":"https:\/\/icsagroup.com\/es\/wp-json\/wp\/v2\/pages"}],"about":[{"href":"https:\/\/icsagroup.com\/es\/wp-json\/wp\/v2\/types\/page"}],"author":[{"embeddable":true,"href":"https:\/\/icsagroup.com\/es\/wp-json\/wp\/v2\/users\/1"}],"replies":[{"embeddable":true,"href":"https:\/\/icsagroup.com\/es\/wp-json\/wp\/v2\/comments?post=87"}],"version-history":[{"count":75,"href":"https:\/\/icsagroup.com\/es\/wp-json\/wp\/v2\/pages\/87\/revisions"}],"predecessor-version":[{"id":710,"href":"https:\/\/icsagroup.com\/es\/wp-json\/wp\/v2\/pages\/87\/revisions\/710"}],"up":[{"embeddable":true,"href":"https:\/\/icsagroup.com\/es\/wp-json\/wp\/v2\/pages\/83"}],"wp:attachment":[{"href":"https:\/\/icsagroup.com\/es\/wp-json\/wp\/v2\/media?parent=87"}],"curies":[{"name":"wp","href":"https:\/\/api.w.org\/{rel}","templated":true}]}}