{"id":89,"date":"2022-02-09T16:05:45","date_gmt":"2022-02-09T16:05:45","guid":{"rendered":"https:\/\/codesandideas.in\/icsa-wp\/?page_id=89"},"modified":"2022-07-28T05:51:44","modified_gmt":"2022-07-28T05:51:44","slug":"history","status":"publish","type":"page","link":"https:\/\/icsagroup.com\/es\/about-us\/history\/","title":{"rendered":"Nuestra historia"},"content":{"rendered":"<div id=\"pl-89\"  class=\"panel-layout\" ><div id=\"pg-89-0\"  class=\"panel-grid panel-no-style\" ><div id=\"pgc-89-0-0\"  class=\"panel-grid-cell\" ><div id=\"panel-89-0-0-0\" class=\"so-panel widget widget_sow-image panel-first-child\" data-index=\"0\" ><div class=\"so-widget-sow-image so-widget-sow-image-default-d6014b76747a-89\">\n\n<div class=\"sow-image-container\">\n\t\t<img decoding=\"async\" src=\"https:\/\/icsagroup.com\/wp-content\/uploads\/2022\/02\/K.-J.-SEETHARAMAN.png\" width=\"710\" height=\"650\" srcset=\"https:\/\/icsagroup.com\/wp-content\/uploads\/2022\/02\/K.-J.-SEETHARAMAN.png 710w, https:\/\/icsagroup.com\/wp-content\/uploads\/2022\/02\/K.-J.-SEETHARAMAN-300x275.png 300w\" sizes=\"auto, (max-width: 710px) 100vw, 710px\" title=\"K. J. SEETHARAMAN\" alt=\"\" loading=\"lazy\" \t\tclass=\"so-widget-image\"\/>\n\t<\/div>\n\n<\/div><\/div><div id=\"panel-89-0-0-1\" class=\"so-panel widget widget_sow-editor panel-last-child\" data-index=\"1\" ><div class=\"so-widget-sow-editor so-widget-sow-editor-base\"><div class=\"siteorigin-widget-tinymce textwidget\">\n  <p style=\"text-align: center;\"><strong>K. J. SEETHARAMAN<\/strong><br \/>\n31 mar. 1938 \u2013 06 dic. 1993<\/p>\n<\/div><\/div><\/div><\/div><div id=\"pgc-89-0-1\"  class=\"panel-grid-cell\" ><div id=\"panel-89-0-1-0\" class=\"so-panel widget widget_sow-image panel-first-child\" data-index=\"2\" ><div class=\"so-widget-sow-image so-widget-sow-image-default-d6014b76747a-89\">\n\n<div class=\"sow-image-container\">\n\t\t<img decoding=\"async\" src=\"https:\/\/icsagroup.com\/wp-content\/uploads\/2022\/02\/K.-S.-JANAKIRAMAN.png\" width=\"710\" height=\"650\" srcset=\"https:\/\/icsagroup.com\/wp-content\/uploads\/2022\/02\/K.-S.-JANAKIRAMAN.png 710w, https:\/\/icsagroup.com\/wp-content\/uploads\/2022\/02\/K.-S.-JANAKIRAMAN-300x275.png 300w\" sizes=\"auto, (max-width: 710px) 100vw, 710px\" title=\"K. S. JANAKIRAMAN\" alt=\"\" loading=\"lazy\" \t\tclass=\"so-widget-image\"\/>\n\t<\/div>\n\n<\/div><\/div><div id=\"panel-89-0-1-1\" class=\"so-panel widget widget_sow-editor panel-last-child\" data-index=\"3\" ><div class=\"so-widget-sow-editor so-widget-sow-editor-base\"><div class=\"siteorigin-widget-tinymce textwidget\">\n  <p style=\"text-align: center;\"><strong>K. S. JANAKIRAMAN<\/strong><br \/>\n24 dic. 1912 \u2013 20 dic. 1974<\/p>\n<\/div><\/div><\/div><\/div><div id=\"pgc-89-0-2\"  class=\"panel-grid-cell\" ><div id=\"panel-89-0-2-0\" class=\"so-panel widget widget_sow-image panel-first-child\" data-index=\"4\" ><div class=\"so-widget-sow-image so-widget-sow-image-default-d6014b76747a-89\">\n\n<div class=\"sow-image-container\">\n\t\t<img decoding=\"async\" src=\"https:\/\/icsagroup.com\/wp-content\/uploads\/2022\/02\/K.-J.-RAMASWAMY.png\" width=\"710\" height=\"650\" srcset=\"https:\/\/icsagroup.com\/wp-content\/uploads\/2022\/02\/K.-J.-RAMASWAMY.png 710w, https:\/\/icsagroup.com\/wp-content\/uploads\/2022\/02\/K.-J.-RAMASWAMY-300x275.png 300w\" sizes=\"auto, (max-width: 710px) 100vw, 710px\" title=\"K. J. RAMASWAMY\" alt=\"\" loading=\"lazy\" \t\tclass=\"so-widget-image\"\/>\n\t<\/div>\n\n<\/div><\/div><div id=\"panel-89-0-2-1\" class=\"so-panel widget widget_sow-editor panel-last-child\" data-index=\"5\" ><div class=\"so-widget-sow-editor so-widget-sow-editor-base\"><div class=\"siteorigin-widget-tinymce textwidget\">\n  <p style=\"text-align: center;\"><strong>K. J. RAMASWAMY<\/strong><br \/>\n07 mar. 1946 \u2013 30 jul. 2018<\/p>\n<\/div><\/div><\/div><\/div><\/div><div id=\"pg-89-1\"  class=\"panel-grid panel-no-style\" ><div id=\"pgc-89-1-0\"  class=\"panel-grid-cell\" ><div id=\"panel-89-1-0-0\" class=\"so-panel widget widget_sow-editor panel-first-child panel-last-child\" data-index=\"6\" ><div class=\"so-widget-sow-editor so-widget-sow-editor-base\"><div class=\"siteorigin-widget-tinymce textwidget\">\n  <p style=\"text-align: center;\">International Clearing and Shipping Agency (India) Private Limited es la empresa insignia del grupo ICSA. La historia de ICSA comienza en 1931, mucho antes de que la India obtuviera su independencia, cuando ICSA inici\u00f3 humildemente como una oficina de despacho aduanero para mercanc\u00edas importadas de otros pa\u00edses. En 1936, nuestro fundador, Shri K.S. Janakiraman, un caballero muy perspicaz y emprendedor, compr\u00f3 esta empresa a los anteriores propietarios e inici\u00f3 as\u00ed el camino empresarial para las generaciones venideras. En las \u00faltimas d\u00e9cadas, el grupo ICSA ha contado con grandes l\u00edderes tanto de la familia como de profesionales externos.<\/p>\n<p style=\"text-align: center;\">ICSA fue pionera en el negocio de agencias mar\u00edtimas y responsable de introducir el transporte mar\u00edtimo en contenedores en el sur de la India. En 1949, ICSA obtuvo su primer nombramiento directo como agente de Gdynia America Shipping Lines (posteriormente convertida en East India Shipping Company, que fue posteriormente adquirida por Polish Ocean Lines) y, en 1954, ICSA tambi\u00e9n fue nombrada agente general de Mitsui Line de Jap\u00f3n a lo largo de la costa este de la India. Esto marca el inicio de los grandes avances del grupo en la industria mar\u00edtima.<\/p>\n<p style=\"text-align: center;\">A lo largo de las d\u00e9cadas, ICSA ha pasado de una fortaleza a otra y ha sido responsable de muchos hitos pioneros en el sur de la India en el sector de los servicios mar\u00edtimos. Actualmente, la empresa est\u00e1 dirigida por la tercera generaci\u00f3n de l\u00edderes, que han sabido conducir al grupo con \u00e9xito y consolidar su posici\u00f3n de liderazgo en los \u00e1mbitos de la navegaci\u00f3n, la log\u00edstica y la movilidad.<\/p>\n<\/div><\/div><\/div><\/div><\/div><\/div>","protected":false},"excerpt":{"rendered":"<p>K. J. SEETHARAMAN MAR 31, 1938 &#8211; DEC 06, 1993 K. S. JANAKIRAMAN DEC 24, 1912 &#8211; DEC 20, 1974 K. J. RAMASWAMY MAR 07, 1946 &#8211; JUL 30, 2018 International Clearing and Shipping Agency (India) Private Limited is the flagship company of the ICSA group. The Story of the ICSA begins in 1931, way [&hellip;]<\/p>","protected":false},"author":1,"featured_media":0,"parent":83,"menu_order":0,"comment_status":"closed","ping_status":"closed","template":"","meta":{"footnotes":""},"class_list":["post-89","page","type-page","status-publish","hentry"],"_links":{"self":[{"href":"https:\/\/icsagroup.com\/es\/wp-json\/wp\/v2\/pages\/89","targetHints":{"allow":["GET"]}}],"collection":[{"href":"https:\/\/icsagroup.com\/es\/wp-json\/wp\/v2\/pages"}],"about":[{"href":"https:\/\/icsagroup.com\/es\/wp-json\/wp\/v2\/types\/page"}],"author":[{"embeddable":true,"href":"https:\/\/icsagroup.com\/es\/wp-json\/wp\/v2\/users\/1"}],"replies":[{"embeddable":true,"href":"https:\/\/icsagroup.com\/es\/wp-json\/wp\/v2\/comments?post=89"}],"version-history":[{"count":32,"href":"https:\/\/icsagroup.com\/es\/wp-json\/wp\/v2\/pages\/89\/revisions"}],"predecessor-version":[{"id":1007,"href":"https:\/\/icsagroup.com\/es\/wp-json\/wp\/v2\/pages\/89\/revisions\/1007"}],"up":[{"embeddable":true,"href":"https:\/\/icsagroup.com\/es\/wp-json\/wp\/v2\/pages\/83"}],"wp:attachment":[{"href":"https:\/\/icsagroup.com\/es\/wp-json\/wp\/v2\/media?parent=89"}],"curies":[{"name":"wp","href":"https:\/\/api.w.org\/{rel}","templated":true}]}}