{"id":91,"date":"2022-02-09T16:06:05","date_gmt":"2022-02-09T16:06:05","guid":{"rendered":"https:\/\/codesandideas.in\/icsa-wp\/?page_id=91"},"modified":"2022-03-10T19:01:21","modified_gmt":"2022-03-10T19:01:21","slug":"milestone","status":"publish","type":"page","link":"https:\/\/icsagroup.com\/es\/about-us\/milestone\/","title":{"rendered":"Hitos"},"content":{"rendered":"<div class=\"timeline-wrapper position-relative\">\n\t\t<div class=\"timeline position-relative\">\n\t\t\t<div class=\"line\"><\/div>\n\t\t\t<div class=\"entries\">\n\n\t\t\t\t\n\t\t\t\t\t<div class=\"entry\">\n\t\t\t\t\t\t<div class=\"fw-bold title fs-1 big\">1931<\/div>\n\t\t\t\t\t\t<div class=\"body\">\n\t\t\t\t\t\t\t<p class=\"fs-4\">Fundaci\u00f3n de International Clearing &amp; Shipping Agency<\/p>\n\t\t\t\t\t\t<\/div>\n\t\t\t\t\t<\/div>\n\t\t\t\t\n\t\t\t\t\t<div class=\"entry\">\n\t\t\t\t\t\t<div class=\"fw-bold title fs-1 big\">1936<\/div>\n\t\t\t\t\t\t<div class=\"body\">\n\t\t\t\t\t\t\t<p class=\"fs-4\">Incorporaci\u00f3n de \u00abEl Arquitecto\u00bb K.S. Janakiraman<\/p>\n\t\t\t\t\t\t<\/div>\n\t\t\t\t\t<\/div>\n\t\t\t\t\n\t\t\t\t\t<div class=\"entry\">\n\t\t\t\t\t\t<div class=\"fw-bold title fs-1 big\">1949<\/div>\n\t\t\t\t\t\t<div class=\"body\">\n\t\t\t\t\t\t\t<p class=\"fs-4\">Primer nombramiento como agente de Gdynia America Shipping Line de Polonia<\/p>\n\t\t\t\t\t\t<\/div>\n\t\t\t\t\t<\/div>\n\t\t\t\t\n\t\t\t\t\t<div class=\"entry\">\n\t\t\t\t\t\t<div class=\"fw-bold title fs-1 big\">1951<\/div>\n\t\t\t\t\t\t<div class=\"body\">\n\t\t\t\t\t\t\t<p class=\"fs-4\">Nombramiento como agente de Mitsui Line de Tokio<\/p>\n\t\t\t\t\t\t<\/div>\n\t\t\t\t\t<\/div>\n\t\t\t\t\n\t\t\t\t\t<div class=\"entry\">\n\t\t\t\t\t\t<div class=\"fw-bold title fs-1 big\">1998<\/div>\n\t\t\t\t\t\t<div class=\"body\">\n\t\t\t\t\t\t\t<p class=\"fs-4\">Inicio de operaciones de la divisi\u00f3n de transporte por carretera<\/p>\n\t\t\t\t\t\t<\/div>\n\t\t\t\t\t<\/div>\n\t\t\t\t\n\t\t\t\t\t<div class=\"entry\">\n\t\t\t\t\t\t<div class=\"fw-bold title fs-1 big\">2000<\/div>\n\t\t\t\t\t\t<div class=\"body\">\n\t\t\t\t\t\t\t<p class=\"fs-4\">ICSA obtiene certificaciones IATA<\/p>\n\t\t\t\t\t\t<\/div>\n\t\t\t\t\t<\/div>\n\t\t\t\t\n\t\t\t\t\t<div class=\"entry\">\n\t\t\t\t\t\t<div class=\"fw-bold title fs-1 big\">2003<\/div>\n\t\t\t\t\t\t<div class=\"body\">\n\t\t\t\t\t\t\t<p class=\"fs-4\">ICSA es certificada como Operador de Transporte Multimodal<\/p>\n\t\t\t\t\t\t<\/div>\n\t\t\t\t\t<\/div>\n\t\t\t\t\n\t\t\t\t\t<div class=\"entry\">\n\t\t\t\t\t\t<div class=\"fw-bold title fs-1 big\">2009<\/div>\n\t\t\t\t\t\t<div class=\"body\">\n\t\t\t\t\t\t\t<p class=\"fs-4\">Inicio de operaciones del terminal portuario ITV en los puertos DP World Chennai y Vallarpadam<\/p>\n\t\t\t\t\t\t<\/div>\n\t\t\t\t\t<\/div>\n\t\t\t\t\n\t\t\t\t\t<div class=\"entry\">\n\t\t\t\t\t\t<div class=\"fw-bold title fs-1 big\">2015<\/div>\n\t\t\t\t\t\t<div class=\"body\">\n\t\t\t\t\t\t\t<p class=\"fs-4\">Inicio de sus propias operaciones CFS<\/p>\n\t\t\t\t\t\t<\/div>\n\t\t\t\t\t<\/div>\n\t\t\t\t\n\t\t\t\t\t<div class=\"entry\">\n\t\t\t\t\t\t<div class=\"fw-bold title fs-1 big\">2018<\/div>\n\t\t\t\t\t\t<div class=\"body\">\n\t\t\t\t\t\t\t<p class=\"fs-4\">Certificaci\u00f3n como Operador Econ\u00f3mico Autorizado (OEA) para log\u00edstica<\/p>\n\t\t\t\t\t\t<\/div>\n\t\t\t\t\t<\/div>\n\t\t\t\t\n\t\t\t<\/div>\n\t\t<\/div>\n\t<\/div>\n\t<br>\n\t<br>\n\t<br>\n\t<br>","protected":false},"excerpt":{"rendered":"","protected":false},"author":1,"featured_media":0,"parent":83,"menu_order":0,"comment_status":"closed","ping_status":"closed","template":"","meta":{"footnotes":""},"class_list":["post-91","page","type-page","status-publish","hentry"],"_links":{"self":[{"href":"https:\/\/icsagroup.com\/es\/wp-json\/wp\/v2\/pages\/91","targetHints":{"allow":["GET"]}}],"collection":[{"href":"https:\/\/icsagroup.com\/es\/wp-json\/wp\/v2\/pages"}],"about":[{"href":"https:\/\/icsagroup.com\/es\/wp-json\/wp\/v2\/types\/page"}],"author":[{"embeddable":true,"href":"https:\/\/icsagroup.com\/es\/wp-json\/wp\/v2\/users\/1"}],"replies":[{"embeddable":true,"href":"https:\/\/icsagroup.com\/es\/wp-json\/wp\/v2\/comments?post=91"}],"version-history":[{"count":5,"href":"https:\/\/icsagroup.com\/es\/wp-json\/wp\/v2\/pages\/91\/revisions"}],"predecessor-version":[{"id":528,"href":"https:\/\/icsagroup.com\/es\/wp-json\/wp\/v2\/pages\/91\/revisions\/528"}],"up":[{"embeddable":true,"href":"https:\/\/icsagroup.com\/es\/wp-json\/wp\/v2\/pages\/83"}],"wp:attachment":[{"href":"https:\/\/icsagroup.com\/es\/wp-json\/wp\/v2\/media?parent=91"}],"curies":[{"name":"wp","href":"https:\/\/api.w.org\/{rel}","templated":true}]}}