{"id":93,"date":"2022-02-09T16:06:18","date_gmt":"2022-02-09T16:06:18","guid":{"rendered":"https:\/\/codesandideas.in\/icsa-wp\/?page_id=93"},"modified":"2022-05-03T05:40:20","modified_gmt":"2022-05-03T05:40:20","slug":"business-approach","status":"publish","type":"page","link":"https:\/\/icsagroup.com\/es\/about-us\/business-approach\/","title":{"rendered":"Enfoque empresarial"},"content":{"rendered":"<div id=\"pl-93\"  class=\"panel-layout\" ><div id=\"pg-93-0\"  class=\"panel-grid panel-has-style\" ><div class=\"siteorigin-panels-stretch panel-row-style panel-row-style-for-93-0\" data-stretch-type=\"full\" ><div id=\"pgc-93-0-0\"  class=\"panel-grid-cell\" ><div id=\"panel-93-0-0-0\" class=\"so-panel widget widget_sow-editor panel-first-child panel-last-child\" data-index=\"0\" ><div class=\"text-center title-color-blue panel-widget-style panel-widget-style-for-93-0-0-0\" ><div class=\"so-widget-sow-editor so-widget-sow-editor-base\"><div class=\"siteorigin-widget-tinymce textwidget\">\n  <h5>En ICSA nos esforzamos por aportar un valor significativo y resolver los desaf\u00edos log\u00edsticos de nuestros clientes. Creemos firmemente que todos los retos y problemas pueden resolverse con la actitud y el enfoque correctos. En ICSA dominamos este enfoque. Nuestro mantra empresarial es ofrecer la mejor plataforma donde Personas | Desempe\u00f1o | Asociaci\u00f3n est\u00e9n perfectamente equilibrados e integrados de forma coherente con nuestro nivel de servicio y nuestras propuestas.<\/h5>\n<\/div><\/div><\/div><\/div><\/div><div id=\"pgc-93-0-1\"  class=\"panel-grid-cell\" ><div id=\"panel-93-0-1-0\" class=\"so-panel widget widget_sow-image panel-first-child panel-last-child\" data-index=\"1\" ><div class=\"so-widget-sow-image so-widget-sow-image-default-4b231843ec72-93\">\n\n<div class=\"sow-image-container\">\n\t\t<img decoding=\"async\" src=\"https:\/\/icsagroup.com\/wp-content\/uploads\/2022\/02\/Mask-Group-1.png\" width=\"662\" height=\"619\" srcset=\"https:\/\/icsagroup.com\/wp-content\/uploads\/2022\/02\/Mask-Group-1.png 662w, https:\/\/icsagroup.com\/wp-content\/uploads\/2022\/02\/Mask-Group-1-300x281.png 300w\" sizes=\"auto, (max-width: 662px) 100vw, 662px\" title=\"Mask Group 1\" alt=\"\" loading=\"lazy\" \t\tclass=\"so-widget-image\"\/>\n\t<\/div>\n\n<\/div><\/div><\/div><\/div><\/div><div id=\"pg-93-1\"  class=\"panel-grid panel-no-style\" ><div id=\"pgc-93-1-0\"  class=\"panel-grid-cell\" ><div id=\"panel-93-1-0-0\" class=\"so-panel widget widget_sow-editor panel-first-child\" data-index=\"2\" ><div class=\"so-widget-sow-editor so-widget-sow-editor-base\">  <div class=\"section-title text-left mt-3 mb-4\">\n    <h2>Personas<\/h2>\n  <\/div>\n<div class=\"siteorigin-widget-tinymce textwidget\">\n  <p>En ICSA creemos firmemente en formar y empoderar a nuestra gente para que sean embajadores de nuestra visi\u00f3n y misi\u00f3n, diferenci\u00e1ndonos as\u00ed de la competencia. Fomentamos que nuestro personal sea l\u00f3gico y anal\u00edtico en su proceso de pensamiento, transparente y honesto en sus acciones, emp\u00e1tico y comprometido en la relaci\u00f3n con las distintas partes interesadas.<\/p>\n<p><strong>EN ICSA, NUESTRA GENTE ES NUESTRA FORTALEZA.<\/strong><\/p>\n<\/div><\/div><\/div><div id=\"panel-93-1-0-1\" class=\"so-panel widget widget_media_image panel-last-child\" data-index=\"3\" ><img loading=\"lazy\" decoding=\"async\" width=\"300\" height=\"267\" src=\"https:\/\/icsagroup.com\/wp-content\/uploads\/2022\/02\/People-300x267.jpg\" class=\"image wp-image-260  attachment-medium size-medium\" alt=\"\" style=\"max-width: 100%; height: auto;\" srcset=\"https:\/\/icsagroup.com\/wp-content\/uploads\/2022\/02\/People-300x267.jpg 300w, https:\/\/icsagroup.com\/wp-content\/uploads\/2022\/02\/People-768x682.jpg 768w, https:\/\/icsagroup.com\/wp-content\/uploads\/2022\/02\/People.jpg 806w\" sizes=\"auto, (max-width: 300px) 100vw, 300px\" \/><\/div><\/div><div id=\"pgc-93-1-1\"  class=\"panel-grid-cell\" ><div id=\"panel-93-1-1-0\" class=\"so-panel widget widget_media_image panel-first-child\" data-index=\"4\" ><div class=\"panel-widget-style panel-widget-style-for-93-1-1-0\" ><img loading=\"lazy\" decoding=\"async\" width=\"300\" height=\"267\" src=\"https:\/\/icsagroup.com\/wp-content\/uploads\/2022\/02\/Performance-300x267.jpg\" class=\"image wp-image-259  attachment-medium size-medium\" alt=\"\" style=\"max-width: 100%; height: auto;\" srcset=\"https:\/\/icsagroup.com\/wp-content\/uploads\/2022\/02\/Performance-300x267.jpg 300w, https:\/\/icsagroup.com\/wp-content\/uploads\/2022\/02\/Performance-768x682.jpg 768w, https:\/\/icsagroup.com\/wp-content\/uploads\/2022\/02\/Performance.jpg 806w\" sizes=\"auto, (max-width: 300px) 100vw, 300px\" \/><\/div><\/div><div id=\"panel-93-1-1-1\" class=\"so-panel widget widget_sow-editor panel-last-child\" data-index=\"5\" ><div class=\"so-widget-sow-editor so-widget-sow-editor-base\">  <div class=\"section-title text-left mt-3 mb-4\">\n    <h2>Desempe\u00f1o<\/h2>\n  <\/div>\n<div class=\"siteorigin-widget-tinymce textwidget\">\n  <p>Ser efectivos, eficientes e innovadores es nuestro principal objetivo en materia de desempe\u00f1o. Nos enorgullece nuestro extenso legado y la sabidur\u00eda colectiva para comprender, identificar, planificar y ejecutar a la perfecci\u00f3n las soluciones log\u00edsticas adecuadas para nuestros clientes. Prometemos estar a su lado en todo momento.<\/p>\n<p><strong>ESA ES UNA PROMESA ICSA.<\/strong><\/p>\n<\/div><\/div><\/div><\/div><div id=\"pgc-93-1-2\"  class=\"panel-grid-cell\" ><div id=\"panel-93-1-2-0\" class=\"so-panel widget widget_sow-editor panel-first-child\" data-index=\"6\" ><div class=\"so-widget-sow-editor so-widget-sow-editor-base\">  <div class=\"section-title text-left mt-3 mb-4\">\n    <h2>Asociaci\u00f3n<\/h2>\n  <\/div>\n<div class=\"siteorigin-widget-tinymce textwidget\">\n  <p>Comprender la fortaleza de nuestra red y formar asociaciones inteligentes para ofrecer las mejores soluciones disponibles desempe\u00f1a un papel clave en nuestra propuesta. Nuestra fortaleza radica en la capacidad de conectar todos los puntos y colaborar con diversos socios, tanto a nivel nacional como internacional, para ofrecerle resultados \u00f3ptimos.<\/p>\n<p><strong>EN ICSA, CREAMOS ASOCIACIONES GANADORAS.<\/strong><\/p>\n<\/div><\/div><\/div><div id=\"panel-93-1-2-1\" class=\"so-panel widget widget_media_image panel-last-child\" data-index=\"7\" ><img loading=\"lazy\" decoding=\"async\" width=\"300\" height=\"267\" src=\"https:\/\/icsagroup.com\/wp-content\/uploads\/2022\/02\/Partnerships-300x267.jpg\" class=\"image wp-image-261  attachment-medium size-medium\" alt=\"\" style=\"max-width: 100%; height: auto;\" srcset=\"https:\/\/icsagroup.com\/wp-content\/uploads\/2022\/02\/Partnerships-300x267.jpg 300w, https:\/\/icsagroup.com\/wp-content\/uploads\/2022\/02\/Partnerships-768x682.jpg 768w, https:\/\/icsagroup.com\/wp-content\/uploads\/2022\/02\/Partnerships.jpg 806w\" sizes=\"auto, (max-width: 300px) 100vw, 300px\" \/><\/div><\/div><\/div><\/div>","protected":false},"excerpt":{"rendered":"<p>At ICSA, we strive towards adding immense value and solving our customers&#8217; logistics challenges. We strongly believe all challenges and problems can be solved with the right attitude and approach towards it. At\u00a0 ICSA, we excel in this approach. Our Business mantra is to provide the best platform People | Performance | Partnership is perfectly\u00a0 [&hellip;]<\/p>","protected":false},"author":1,"featured_media":0,"parent":83,"menu_order":0,"comment_status":"closed","ping_status":"closed","template":"","meta":{"footnotes":""},"class_list":["post-93","page","type-page","status-publish","hentry"],"_links":{"self":[{"href":"https:\/\/icsagroup.com\/es\/wp-json\/wp\/v2\/pages\/93","targetHints":{"allow":["GET"]}}],"collection":[{"href":"https:\/\/icsagroup.com\/es\/wp-json\/wp\/v2\/pages"}],"about":[{"href":"https:\/\/icsagroup.com\/es\/wp-json\/wp\/v2\/types\/page"}],"author":[{"embeddable":true,"href":"https:\/\/icsagroup.com\/es\/wp-json\/wp\/v2\/users\/1"}],"replies":[{"embeddable":true,"href":"https:\/\/icsagroup.com\/es\/wp-json\/wp\/v2\/comments?post=93"}],"version-history":[{"count":42,"href":"https:\/\/icsagroup.com\/es\/wp-json\/wp\/v2\/pages\/93\/revisions"}],"predecessor-version":[{"id":886,"href":"https:\/\/icsagroup.com\/es\/wp-json\/wp\/v2\/pages\/93\/revisions\/886"}],"up":[{"embeddable":true,"href":"https:\/\/icsagroup.com\/es\/wp-json\/wp\/v2\/pages\/83"}],"wp:attachment":[{"href":"https:\/\/icsagroup.com\/es\/wp-json\/wp\/v2\/media?parent=93"}],"curies":[{"name":"wp","href":"https:\/\/api.w.org\/{rel}","templated":true}]}}