{"id":11,"date":"2022-02-09T13:46:47","date_gmt":"2022-02-09T13:46:47","guid":{"rendered":"https:\/\/codesandideas.in\/icsa-wp\/?page_id=11"},"modified":"2022-04-07T06:15:17","modified_gmt":"2022-04-07T06:15:17","slug":"freight-forwarding","status":"publish","type":"page","link":"https:\/\/icsagroup.com\/fr\/services\/shipping\/freight-forwarding\/","title":{"rendered":"Transit de fret"},"content":{"rendered":"<div id=\"pl-11\"  class=\"panel-layout\" ><div id=\"pg-11-0\"  class=\"panel-grid panel-has-style\" ><div class=\"siteorigin-panels-stretch panel-row-style panel-row-style-for-11-0\" data-stretch-type=\"full\" ><div id=\"pgc-11-0-0\"  class=\"panel-grid-cell\" ><div id=\"panel-11-0-0-0\" class=\"so-panel widget widget_media_image panel-first-child panel-last-child\" data-index=\"0\" ><img loading=\"lazy\" decoding=\"async\" width=\"1747\" height=\"1111\" src=\"https:\/\/icsagroup.com\/wp-content\/uploads\/2022\/02\/page-header-scaled-e1646977576981.jpg\" class=\"image wp-image-57  attachment-full size-full\" alt=\"\" style=\"max-width: 100%; height: auto;\" srcset=\"https:\/\/icsagroup.com\/wp-content\/uploads\/2022\/02\/page-header-scaled-e1646977576981.jpg 1747w, https:\/\/icsagroup.com\/wp-content\/uploads\/2022\/02\/page-header-scaled-e1646977576981-300x191.jpg 300w, https:\/\/icsagroup.com\/wp-content\/uploads\/2022\/02\/page-header-scaled-e1646977576981-1024x651.jpg 1024w, https:\/\/icsagroup.com\/wp-content\/uploads\/2022\/02\/page-header-scaled-e1646977576981-768x488.jpg 768w, https:\/\/icsagroup.com\/wp-content\/uploads\/2022\/02\/page-header-scaled-e1646977576981-1536x977.jpg 1536w\" sizes=\"auto, (max-width: 1747px) 100vw, 1747px\" \/><\/div><\/div><\/div><\/div><div id=\"pg-11-1\"  class=\"panel-grid panel-no-style\" ><div id=\"pgc-11-1-0\"  class=\"panel-grid-cell\" ><div id=\"panel-11-1-0-0\" class=\"so-panel widget widget_sow-editor panel-first-child panel-last-child\" data-index=\"1\" ><div class=\"so-widget-sow-editor so-widget-sow-editor-base\"><div class=\"siteorigin-widget-tinymce textwidget\">\n  <p>Fort de sa vaste exp\u00e9rience dans le domaine des lignes conteneuris\u00e9es, ICSA a d\u00e9velopp\u00e9 un service interne de fret solide. Nous proposons les meilleurs tarifs de fret pour un large choix de routes maritimes et de transport a\u00e9rien afin de respecter les d\u00e9lais de livraison et les attentes budg\u00e9taires de nos clients, avec une transparence totale dans les transactions et op\u00e9rations, sans frais cach\u00e9s.<\/p>\n<p>ICSA est un op\u00e9rateur de transport multimodal enregistr\u00e9 et certifi\u00e9, notre Document de Transport Multimodal \u00e9tant couvert par une assurance de premier ordre. Nous sommes \u00e9galement des agents accr\u00e9dit\u00e9s IATA et disposons de stocks de lettres de transport a\u00e9rien (Airway Bills) pour toutes les principales compagnies a\u00e9riennes en Inde. Nous entretenons d\u2019excellentes relations et une r\u00e9putation solide aupr\u00e8s des principales compagnies maritimes et a\u00e9riennes du march\u00e9.<\/p>\n<\/div><\/div><\/div><\/div><div id=\"pgc-11-1-1\"  class=\"panel-grid-cell\" ><div id=\"panel-11-1-1-0\" class=\"so-panel widget widget_sow-editor panel-first-child panel-last-child\" data-index=\"2\" ><div class=\"so-widget-sow-editor so-widget-sow-editor-base\"><div class=\"siteorigin-widget-tinymce textwidget\">\n  <ul>\n<li aria-level=\"1\">Large s\u00e9lection de services maritimes pour r\u00e9pondre aux d\u00e9lais de livraison et attentes de co\u00fbts des clients<\/li>\n<li aria-level=\"1\">Transparence totale dans les transactions et op\u00e9rations, sans frais cach\u00e9s<\/li>\n<li aria-level=\"1\">Options d\u2019acheminement sur mesure pour le meilleur rapport \u00ab co\u00fbt-valeur \u00bb<\/li>\n<li aria-level=\"1\">Engagement pour une communication de qualit\u00e9 et un support de service \u00e0 chaque \u00e9tape<\/li>\n<li aria-level=\"1\">Application constante de coh\u00e9rence, fiabilit\u00e9 et flexibilit\u00e9 dans des solutions durables<\/li>\n<\/ul>\n<\/div><\/div><\/div><\/div><\/div><div id=\"pg-11-2\"  class=\"panel-grid panel-no-style\" ><div id=\"pgc-11-2-0\"  class=\"panel-grid-cell\" ><div id=\"panel-11-2-0-0\" class=\"so-panel widget widget_sow-editor panel-first-child panel-last-child\" data-index=\"3\" ><div class=\"so-widget-sow-editor so-widget-sow-editor-base\"><div class=\"siteorigin-widget-tinymce textwidget\">\n  <table>\n<tbody>\n<thead>\n<tr>\n<th><b>Fret Maritime &amp; Fret A\u00e9rien<\/b>\n<\/th>\n<th><b>Cargaison en Vrac, Cargaison Break Bulk et Cargaison Hors Gabarit (OD Cargo)<\/b>\n<\/th>\n<\/tr>\n<\/thead>\n<\/tbody>\n<tbody>\n<tr>\n<td><span style=\"font-weight: 400;\">Services FCL \u00e0 destination et en provenance de sites dans le monde entier via des contrats de fret globaux<\/span><\/td>\n<td><span style=\"font-weight: 400;\">Gestion logistique int\u00e9gr\u00e9e de bout en bout<\/span><\/td>\n<\/tr>\n<tr>\n<td><span style=\"font-weight: 400;\">Consolidation LCL directe vers et depuis diverses destinations<\/span><\/td>\n<td><span style=\"font-weight: 400;\">Assurer l\u2019excellence op\u00e9rationnelle et la planification pr\u00e9cise des exp\u00e9ditions<\/span><\/td>\n<\/tr>\n<tr>\n<td><span style=\"font-weight: 400;\">Tarifs a\u00e9riens comp\u00e9titifs et disponibilit\u00e9 des capacit\u00e9s aupr\u00e8s des compagnies a\u00e9riennes<\/span><\/td>\n<td><span style=\"font-weight: 400;\">R\u00e9seau mondial d\u2019agents avec acc\u00e8s exclusif \u00e0 des navires break bulk sp\u00e9cialis\u00e9s et \u00e0 des \u00e9quipements tels que conteneurs Open Top 20\u2019 et 40\u2019, Flat Racks, plates-formes lourdes, etc.<\/span><\/td>\n<\/tr>\n<tr>\n<td><span style=\"font-weight: 400;\">R\u00e9seau mondial d\u2019agents et de bureaux de qualit\u00e9<\/span><\/td>\n<td><span style=\"font-weight: 400;\">Services d\u2019affr\u00e8tement et de courtage maritime<\/span><\/td>\n<\/tr>\n<tr>\n<td><span style=\"font-weight: 400;\">Services DDP, DDU et porte-\u00e0-porte<\/span><\/td>\n<td><span style=\"font-weight: 400;\">Solutions sp\u00e9cialis\u00e9es pour le transport de vrac (barges, transbordeurs, navigation c\u00f4ti\u00e8re)<\/span><\/td>\n<\/tr>\n<tr>\n<td><span style=\"font-weight: 400;\">Services de consolidation \u00e0 l\u2019import (fret maritime \/ fret a\u00e9rien)<\/span><\/td>\n<td><span style=\"font-weight: 400;\">\u00c9quipements sp\u00e9cialis\u00e9s de manutention (grues et grappins)<\/span><\/td>\n<\/tr>\n<tr>\n<td><span style=\"font-weight: 400;\">Services de transbordement et Switch B\/L via un r\u00e9seau mondial d\u2019agents<\/span><\/td>\n<td><span style=\"font-weight: 400;\">Solutions de manutention de vrac liquide (terminaux de stockage de liquides, navires-citernes)<\/span><\/td>\n<\/tr>\n<\/tbody>\n<\/table>\n<\/div><\/div><\/div><\/div><\/div><div id=\"pg-11-3\"  class=\"panel-grid panel-no-style\" ><div id=\"pgc-11-3-0\"  class=\"panel-grid-cell\" ><div id=\"panel-11-3-0-0\" class=\"so-panel widget widget_sow-editor panel-first-child panel-last-child\" data-index=\"4\" ><div class=\"title-center panel-widget-style panel-widget-style-for-11-3-0-0\" ><div class=\"so-widget-sow-editor so-widget-sow-editor-base\">  <div class=\"section-title text-center mt-3 mb-4\">\n    <h2>Door to Door<\/h2>\n  <\/div>\n<div class=\"siteorigin-widget-tinymce textwidget\">\n  <p>We are members of leading global freight forwarding networks, which adds strengths to our global offering. Through our smart partnerships with like-minded companies in over 100countries, we offer door-to-door services, including first &amp; last-mile connectivity to minimize our customers' need to interact with multiple agencies, cater to your total logistics requirements &amp; simplify your supply chain.<\/p>\n<p>At ICSA, we can offer you the best experience and tailor-made routing options with the best cost-to-value options. Our commitment to quality communications and service support at every step of the way.<\/p>\n<p style=\"text-align: left;\">\t<div class=\"mt-2\">\n\t\t<ul class=\"list-unstyled m-0 p-0 dd-logos owl-carousel\">\n\t\t\t\t\t\t\t<li><a data-fancybox='group' href='https:\/\/icsagroup.com\/wp-content\/uploads\/2022\/04\/cgli-certificate.jpg'><img decoding=\"async\" src=\"https:\/\/icsagroup.com\/wp-content\/uploads\/2022\/02\/5.-c.jpg\" \/><\/a><\/li>\n\t\t\t\t\t\t\t<li><a data-fancybox='group' href='https:\/\/icsagroup.com\/wp-content\/uploads\/2022\/04\/wca-certificate.jpg'><img decoding=\"async\" src=\"https:\/\/icsagroup.com\/wp-content\/uploads\/2022\/02\/6.-wca.jpg\" \/><\/a><\/li>\n\t\t\t\t\t\t\t<li><a data-fancybox='group' href='https:\/\/icsagroup.com\/wp-content\/uploads\/2022\/02\/7.-amtoi.jpg'><img decoding=\"async\" src=\"https:\/\/icsagroup.com\/wp-content\/uploads\/2022\/02\/7.-amtoi.jpg\" \/><\/a><\/li>\n\t\t\t\t\t\t\t<li><a data-fancybox='group' href='https:\/\/icsagroup.com\/wp-content\/uploads\/2022\/02\/2.-aeo.jpg'><img decoding=\"async\" src=\"https:\/\/icsagroup.com\/wp-content\/uploads\/2022\/02\/2.-aeo.jpg\" \/><\/a><\/li>\n\t\t\t\t\t\t\t<li><a data-fancybox='group' href='https:\/\/icsagroup.com\/wp-content\/uploads\/2022\/04\/iso-certificate.jpg'><img decoding=\"async\" src=\"https:\/\/icsagroup.com\/wp-content\/uploads\/2022\/02\/1.-iso.jpg\" \/><\/a><\/li>\n\t\t\t\t\t<\/ul>\n\t<\/div>\n\n<\/p>\n<\/div><\/div><\/div><\/div><\/div><\/div><\/div>","protected":false},"excerpt":{"rendered":"<p>ICSA, with its vast experience in the Container line business, has developed a solid in-house Freight Desk. We offer the best freight rates to a wide selection of shipping routes and air freight to meet client delivery times and cost expectations with total transparency in transactions &amp; operations with no hidden costs. ICSA is a [&hellip;]<\/p>","protected":false},"author":1,"featured_media":0,"parent":9,"menu_order":0,"comment_status":"closed","ping_status":"closed","template":"","meta":{"footnotes":""},"class_list":["post-11","page","type-page","status-publish","hentry"],"_links":{"self":[{"href":"https:\/\/icsagroup.com\/fr\/wp-json\/wp\/v2\/pages\/11","targetHints":{"allow":["GET"]}}],"collection":[{"href":"https:\/\/icsagroup.com\/fr\/wp-json\/wp\/v2\/pages"}],"about":[{"href":"https:\/\/icsagroup.com\/fr\/wp-json\/wp\/v2\/types\/page"}],"author":[{"embeddable":true,"href":"https:\/\/icsagroup.com\/fr\/wp-json\/wp\/v2\/users\/1"}],"replies":[{"embeddable":true,"href":"https:\/\/icsagroup.com\/fr\/wp-json\/wp\/v2\/comments?post=11"}],"version-history":[{"count":62,"href":"https:\/\/icsagroup.com\/fr\/wp-json\/wp\/v2\/pages\/11\/revisions"}],"predecessor-version":[{"id":777,"href":"https:\/\/icsagroup.com\/fr\/wp-json\/wp\/v2\/pages\/11\/revisions\/777"}],"up":[{"embeddable":true,"href":"https:\/\/icsagroup.com\/fr\/wp-json\/wp\/v2\/pages\/9"}],"wp:attachment":[{"href":"https:\/\/icsagroup.com\/fr\/wp-json\/wp\/v2\/media?parent=11"}],"curies":[{"name":"wp","href":"https:\/\/api.w.org\/{rel}","templated":true}]}}