{"id":23,"date":"2022-02-09T13:47:56","date_gmt":"2022-02-09T13:47:56","guid":{"rendered":"https:\/\/codesandideas.in\/icsa-wp\/?page_id=23"},"modified":"2025-05-06T10:50:41","modified_gmt":"2025-05-06T10:50:41","slug":"custom-clearances","status":"publish","type":"page","link":"https:\/\/icsagroup.com\/fr\/services\/logistics\/custom-clearances\/","title":{"rendered":"D\u00e9douanement"},"content":{"rendered":"<div id=\"pl-23\"  class=\"panel-layout\" ><div id=\"pg-23-0\"  class=\"panel-grid panel-no-style\" ><div id=\"pgc-23-0-0\"  class=\"panel-grid-cell\" ><div id=\"panel-23-0-0-0\" class=\"so-panel widget widget_media_image panel-first-child\" data-index=\"0\" ><img loading=\"lazy\" decoding=\"async\" width=\"300\" height=\"169\" src=\"https:\/\/icsagroup.com\/wp-content\/uploads\/2024\/06\/banner-300x169.png\" class=\"image wp-image-1176  attachment-medium size-medium\" alt=\"\" style=\"max-width: 100%; height: auto;\" srcset=\"https:\/\/icsagroup.com\/wp-content\/uploads\/2024\/06\/banner-300x169.png 300w, https:\/\/icsagroup.com\/wp-content\/uploads\/2024\/06\/banner-1024x577.png 1024w, https:\/\/icsagroup.com\/wp-content\/uploads\/2024\/06\/banner-768x432.png 768w, https:\/\/icsagroup.com\/wp-content\/uploads\/2024\/06\/banner.png 1499w\" sizes=\"auto, (max-width: 300px) 100vw, 300px\" \/><\/div><div id=\"panel-23-0-0-1\" class=\"so-panel widget widget_sow-editor panel-last-child\" data-index=\"1\" ><div class=\"so-widget-sow-editor so-widget-sow-editor-base\"><div class=\"siteorigin-widget-tinymce textwidget\">\n  <p>Le d\u00e9douanement est au c\u0153ur des activit\u00e9s du groupe depuis sa cr\u00e9ation. Au cours des 92 derni\u00e8res ann\u00e9es, l\u2019entreprise a soigneusement cultiv\u00e9 et b\u00e2ti une r\u00e9putation irr\u00e9prochable d\u2019honn\u00eatet\u00e9, d\u2019int\u00e9grit\u00e9 et de transparence dans ses relations avec les autorit\u00e9s douani\u00e8res, gagnant leur respect et entretenant d\u2019excellents rapports avec elles. Associ\u00e9e \u00e0 ses valeurs fondamentales et \u00e0 une \u00e9quipe hautement exp\u00e9riment\u00e9e et professionnelle, cette approche lui permet d\u2019offrir certains des d\u00e9lais de d\u00e9douanement les plus rapides et les plus efficaces de l\u2019industrie, s\u2019affirmant ainsi comme un acteur majeur du pays.<\/p>\n<p>ICSA a \u00e9t\u00e9 reconnue comme le Meilleur Agent en Douane en 2021 par le programme Gati Shakti du gouvernement indien, une distinction prestigieuse remise \u00e0 notre Directeur G\u00e9n\u00e9ral par l\u2019Honorable Ministre du Commerce et de l\u2019Industrie.<\/p>\n<p>La technologie est au c\u0153ur de notre offre et ICSA est d\u00e9j\u00e0 connect\u00e9e en ligne avec les Douanes, pleinement \u00e9quip\u00e9e pour traiter les documents \u00e9lectroniquement. Afin d\u2019am\u00e9liorer encore la qualit\u00e9 des services et de se diff\u00e9rencier de la concurrence, ICSA fournit \u00e0 ses clients des rapports p\u00e9riodiques de suivi \u00e9tape par \u00e9tape, adapt\u00e9s sp\u00e9cifiquement \u00e0 leurs besoins. ICSA assure toujours des services de d\u00e9douanement rapides et flexibles pour tous ses clients.<\/p>\n<p>Un leadership exp\u00e9riment\u00e9 et comp\u00e9tent constitue la force motrice de l\u2019organisation, garantissant les meilleures solutions logistiques. Un bilan impeccable depuis neuf d\u00e9cennies avec les Ports \/ CFS et les Douanes. Des clients de longue date avec des relations d\u00e9passant souvent 30 ans.<\/p>\n<p>&nbsp;<\/p>\n<h5 style=\"text-align: center; color: #2b2e71; line-height: 1.5;\"><strong>Personnel actuel et capacit\u00e9s en d\u00e9douanement<\/strong><br \/>\n<strong>73 personnes autoris\u00e9es par les Douanes, comprenant 5 titulaires de licence (FORM-F)<\/strong><br \/>\n<strong>9 d\u00e9tenteurs de procuration (FORM-G POA), 26 Seniors (FORM-G) et 33 Juniors (FORM-H). <\/strong><\/h5>\n<\/div><\/div><\/div><\/div><\/div><\/div>","protected":false},"excerpt":{"rendered":"<p>Custom Clearance has been at the core of the group&#8217;s activities since its inception. Over the last 92 years, the Company has carefully nurtured &amp; built an impeccable reputation of honesty, integrity &amp; transparency in its dealing with Customs authorities and gained their respect and enjoy an excellent rapport with them. Combined with its core [&hellip;]<\/p>","protected":false},"author":1,"featured_media":0,"parent":21,"menu_order":0,"comment_status":"closed","ping_status":"closed","template":"","meta":{"footnotes":""},"class_list":["post-23","page","type-page","status-publish","hentry"],"_links":{"self":[{"href":"https:\/\/icsagroup.com\/fr\/wp-json\/wp\/v2\/pages\/23","targetHints":{"allow":["GET"]}}],"collection":[{"href":"https:\/\/icsagroup.com\/fr\/wp-json\/wp\/v2\/pages"}],"about":[{"href":"https:\/\/icsagroup.com\/fr\/wp-json\/wp\/v2\/types\/page"}],"author":[{"embeddable":true,"href":"https:\/\/icsagroup.com\/fr\/wp-json\/wp\/v2\/users\/1"}],"replies":[{"embeddable":true,"href":"https:\/\/icsagroup.com\/fr\/wp-json\/wp\/v2\/comments?post=23"}],"version-history":[{"count":38,"href":"https:\/\/icsagroup.com\/fr\/wp-json\/wp\/v2\/pages\/23\/revisions"}],"predecessor-version":[{"id":1264,"href":"https:\/\/icsagroup.com\/fr\/wp-json\/wp\/v2\/pages\/23\/revisions\/1264"}],"up":[{"embeddable":true,"href":"https:\/\/icsagroup.com\/fr\/wp-json\/wp\/v2\/pages\/21"}],"wp:attachment":[{"href":"https:\/\/icsagroup.com\/fr\/wp-json\/wp\/v2\/media?parent=23"}],"curies":[{"name":"wp","href":"https:\/\/api.w.org\/{rel}","templated":true}]}}