{"id":33,"date":"2022-02-09T13:49:25","date_gmt":"2022-02-09T13:49:25","guid":{"rendered":"https:\/\/codesandideas.in\/icsa-wp\/?page_id=33"},"modified":"2026-03-28T05:24:43","modified_gmt":"2026-03-28T05:24:43","slug":"projects-break-bulk","status":"publish","type":"page","link":"https:\/\/icsagroup.com\/fr\/services\/shipping\/projects-break-bulk\/","title":{"rendered":"Projets et Marchandises Conventionnelles"},"content":{"rendered":"<div id=\"pl-33\"  class=\"panel-layout\" ><div id=\"pg-33-0\"  class=\"panel-grid panel-no-style\" ><div id=\"pgc-33-0-0\"  class=\"panel-grid-cell\" ><div id=\"panel-33-0-0-0\" class=\"so-panel widget widget_media_image panel-first-child panel-last-child\" data-index=\"0\" ><img loading=\"lazy\" decoding=\"async\" width=\"1000\" height=\"563\" src=\"https:\/\/icsagroup.com\/wp-content\/uploads\/2024\/04\/ICSA-Projects-Break-Bulk-Picture-V1-min.jpeg\" class=\"image wp-image-1142  attachment-full size-full\" alt=\"\" style=\"max-width: 100%; height: auto;\" srcset=\"https:\/\/icsagroup.com\/wp-content\/uploads\/2024\/04\/ICSA-Projects-Break-Bulk-Picture-V1-min.jpeg 1000w, https:\/\/icsagroup.com\/wp-content\/uploads\/2024\/04\/ICSA-Projects-Break-Bulk-Picture-V1-min-300x169.jpeg 300w, https:\/\/icsagroup.com\/wp-content\/uploads\/2024\/04\/ICSA-Projects-Break-Bulk-Picture-V1-min-768x432.jpeg 768w\" sizes=\"auto, (max-width: 1000px) 100vw, 1000px\" \/><\/div><\/div><\/div><div id=\"pg-33-1\"  class=\"panel-grid panel-no-style\" ><div id=\"pgc-33-1-0\"  class=\"panel-grid-cell\" ><div id=\"panel-33-1-0-0\" class=\"so-panel widget widget_media_image panel-first-child panel-last-child\" data-index=\"1\" ><img loading=\"lazy\" decoding=\"async\" width=\"300\" height=\"300\" src=\"https:\/\/icsagroup.com\/wp-content\/uploads\/2024\/03\/ICSA-web-site-min-300x300.png\" class=\"image wp-image-1136  attachment-medium size-medium\" alt=\"\" style=\"max-width: 100%; height: auto;\" srcset=\"https:\/\/icsagroup.com\/wp-content\/uploads\/2024\/03\/ICSA-web-site-min-300x300.png 300w, https:\/\/icsagroup.com\/wp-content\/uploads\/2024\/03\/ICSA-web-site-min-150x150.png 150w, https:\/\/icsagroup.com\/wp-content\/uploads\/2024\/03\/ICSA-web-site-min-768x768.png 768w, https:\/\/icsagroup.com\/wp-content\/uploads\/2024\/03\/ICSA-web-site-min.png 1000w\" sizes=\"auto, (max-width: 300px) 100vw, 300px\" \/><\/div><\/div><div id=\"pgc-33-1-1\"  class=\"panel-grid-cell\" ><div id=\"panel-33-1-1-0\" class=\"so-panel widget widget_sow-editor panel-first-child panel-last-child\" data-index=\"2\" ><div class=\"so-widget-sow-editor so-widget-sow-editor-base\"><div class=\"siteorigin-widget-tinymce textwidget\">\n  <p>La division Projets d\u2019ICSA poss\u00e8de une expertise approfondie dans la planification et l\u2019ex\u00e9cution de grands projets ainsi que dans le transport de cargaisons hors gabarit (ODC \u2013 Over Dimensional Cargo). L\u2019exp\u00e9rience acquise nous permet de fournir des solutions int\u00e9gr\u00e9es pour l\u2019ensemble de vos projets et mouvements ODC.<\/p>\n<p>ICSA se distingue par son approche syst\u00e9matique et sa gestion point \u00e0 point, planifiant les itin\u00e9raires et les points de transfert afin d\u2019assurer la prise en charge et la livraison ponctuelle des colis hors norme et des cargaisons de projet.<\/p>\n<p>Qu\u2019il s\u2019agisse de pales d\u2019\u00e9oliennes, de turbines \u00e0 gaz, de g\u00e9n\u00e9rateurs ou de chaudi\u00e8res, chaque ODC et projet suit un processus en \u00ab quatre \u00e9tapes \u00bb comme d\u00e9crit ci-dessous.<\/p>\n<\/div><\/div><\/div><\/div><\/div><div id=\"pg-33-2\"  class=\"panel-grid panel-has-style\" ><div class=\"has-project-columns panel-row-style panel-row-style-for-33-2\" ><div id=\"pgc-33-2-0\"  class=\"panel-grid-cell\" ><div id=\"panel-33-2-0-0\" class=\"so-panel widget widget_sow-editor panel-first-child panel-last-child\" data-index=\"3\" ><div class=\"so-widget-sow-editor so-widget-sow-editor-base\">  <div class=\"section-title text-left mt-3 mb-4\">\n    <h2>Planification et Conception :<\/h2>\n  <\/div>\n<div class=\"siteorigin-widget-tinymce textwidget\">\n  <ul>\n<li>Compr\u00e9hension de l\u2019activit\u00e9, de ses besoins et exigences<\/li>\n<li>\u00c9tude des dimensions et des limitations des mouvements ODC<\/li>\n<li>Planification de pr\u00e9cision<\/li>\n<li>Identification des ressources n\u00e9cessaires au transport<\/li>\n<li>R\u00e9alisation d\u2019\u00e9tudes de parcours et s\u00e9lection de transporteurs fiables<\/li>\n<li>Tarification personnalis\u00e9e et \u00e9conomique<\/li>\n<li>\u00c9laboration du plan optimal approuv\u00e9 par toutes les parties prenantes<\/li>\n<\/ul>\n<\/div><\/div><\/div><\/div><div id=\"pgc-33-2-1\"  class=\"panel-grid-cell\" ><div id=\"panel-33-2-1-0\" class=\"so-panel widget widget_sow-editor panel-first-child panel-last-child\" data-index=\"4\" ><div class=\"so-widget-sow-editor so-widget-sow-editor-base\">  <div class=\"section-title text-left mt-3 mb-4\">\n    <h2>Strat\u00e9gie et Ex\u00e9cution :<\/h2>\n  <\/div>\n<div class=\"siteorigin-widget-tinymce textwidget\">\n  <ul>\n<li>Gestion logistique int\u00e9gr\u00e9e de bout en bout<\/li>\n<li>Ex\u00e9cution des projets via une planification rigoureuse et garantie de prise en charge &amp; livraison ponctuelle<\/li>\n<li>Organisation d\u2019escortes de s\u00e9curit\u00e9 pour la cargaison sensible<\/li>\n<li>Gestion sur site &amp; coordination avec les clients<\/li>\n<li>D\u00e9cisions imm\u00e9diates et plans alternatifs<\/li>\n<li>Garantie d\u2019un arrimage et calage corrects, avec fourniture de bois de saisissage ad\u00e9quat<\/li>\n<\/ul>\n<\/div><\/div><\/div><\/div><\/div><\/div><div id=\"pg-33-3\"  class=\"panel-grid panel-has-style\" ><div class=\"has-project-columns panel-row-style panel-row-style-for-33-3\" ><div id=\"pgc-33-3-0\"  class=\"panel-grid-cell\" ><div id=\"panel-33-3-0-0\" class=\"so-panel widget widget_sow-editor panel-first-child panel-last-child\" data-index=\"5\" ><div class=\"so-widget-sow-editor so-widget-sow-editor-base\">  <div class=\"section-title text-left mt-3 mb-4\">\n    <h2>Transport et Infrastructure :<\/h2>\n  <\/div>\n<div class=\"siteorigin-widget-tinymce textwidget\">\n  <ul>\n<li>Acc\u00e8s \u00e0 un vaste r\u00e9seau de camions et remorques sophistiqu\u00e9s tels que remorques surbaiss\u00e9es, remorques sur\u00e9lev\u00e9es, multi-essieux, v\u00e9hicules lourds et v\u00e9hicules sp\u00e9cialement con\u00e7us pour les transports ODC<\/li>\n<li>\u00c9quipements sp\u00e9cialis\u00e9s de manutention (grues &amp; palans, pinces &amp; grappins)<\/li>\n<\/ul>\n<\/div><\/div><\/div><\/div><div id=\"pgc-33-3-1\"  class=\"panel-grid-cell\" ><div id=\"panel-33-3-1-0\" class=\"so-panel widget widget_sow-editor panel-first-child panel-last-child\" data-index=\"6\" ><div class=\"so-widget-sow-editor so-widget-sow-editor-base\">  <div class=\"section-title text-left mt-3 mb-4\">\n    <h2>Exp\u00e9dition et Fret :<\/h2>\n  <\/div>\n<div class=\"siteorigin-widget-tinymce textwidget\">\n  <ul>\n<li>Worldwide network of professional Agents with exclusive access to specialized break bulk ships and equipment like 20\u2019and 40 \u2018Open tops, Flat racks, Heavy Duty and Mafi, etc.<\/li>\n<li>Services d\u2019affr\u00e8tement maritime et a\u00e9rien<\/li>\n<li>Solutions sp\u00e9cialis\u00e9es pour le transport de vrac (barges, transbordeurs, navigation c\u00f4ti\u00e8re)<\/li>\n<\/ul>\n<\/div><\/div><\/div><\/div><\/div><\/div><div id=\"pg-33-4\"  class=\"panel-grid panel-no-style\" ><div id=\"pgc-33-4-0\"  class=\"panel-grid-cell\" ><div id=\"panel-33-4-0-0\" class=\"so-panel widget widget_text panel-first-child panel-last-child\" data-index=\"7\" >\t\t\t<div class=\"textwidget\">\t<div class=\"image-gallery px-5 mb-5\">\n\t\t<div class=\"owl-carousel gallery-carousel\">\n\t\t\t\t\t<\/div>\n\t<\/div>\n\n\n<\/div>\n\t\t<\/div><\/div><\/div><\/div>","protected":false},"excerpt":{"rendered":"<p>ICSA Projects division has extensive knowledge and expertise in planning and executing large Projects and OD Cargo movement. Wisdom gained by experience helps us to provide integrated solutions to all your Projects and OD Cargo movements. ICSA prides itself on its systematic approach and point-to-point management with planning routes and transfer points to ensure prompt [&hellip;]<\/p>","protected":false},"author":1,"featured_media":0,"parent":9,"menu_order":0,"comment_status":"closed","ping_status":"closed","template":"","meta":{"footnotes":""},"class_list":["post-33","page","type-page","status-publish","hentry"],"_links":{"self":[{"href":"https:\/\/icsagroup.com\/fr\/wp-json\/wp\/v2\/pages\/33","targetHints":{"allow":["GET"]}}],"collection":[{"href":"https:\/\/icsagroup.com\/fr\/wp-json\/wp\/v2\/pages"}],"about":[{"href":"https:\/\/icsagroup.com\/fr\/wp-json\/wp\/v2\/types\/page"}],"author":[{"embeddable":true,"href":"https:\/\/icsagroup.com\/fr\/wp-json\/wp\/v2\/users\/1"}],"replies":[{"embeddable":true,"href":"https:\/\/icsagroup.com\/fr\/wp-json\/wp\/v2\/comments?post=33"}],"version-history":[{"count":28,"href":"https:\/\/icsagroup.com\/fr\/wp-json\/wp\/v2\/pages\/33\/revisions"}],"predecessor-version":[{"id":1336,"href":"https:\/\/icsagroup.com\/fr\/wp-json\/wp\/v2\/pages\/33\/revisions\/1336"}],"up":[{"embeddable":true,"href":"https:\/\/icsagroup.com\/fr\/wp-json\/wp\/v2\/pages\/9"}],"wp:attachment":[{"href":"https:\/\/icsagroup.com\/fr\/wp-json\/wp\/v2\/media?parent=33"}],"curies":[{"name":"wp","href":"https:\/\/api.w.org\/{rel}","templated":true}]}}