{"id":37,"date":"2022-02-09T13:51:23","date_gmt":"2022-02-09T13:51:23","guid":{"rendered":"https:\/\/codesandideas.in\/icsa-wp\/?page_id=37"},"modified":"2024-03-21T17:18:47","modified_gmt":"2024-03-21T17:18:47","slug":"icsa-your-preferred-partner","status":"publish","type":"page","link":"https:\/\/icsagroup.com\/fr\/services\/shipping\/icsa-your-preferred-partner\/","title":{"rendered":"ICSA &#8211; Your Preferred Partner"},"content":{"rendered":"<div id=\"pl-37\"  class=\"panel-layout\" ><div id=\"pg-37-0\"  class=\"panel-grid panel-no-style\" ><div id=\"pgc-37-0-0\"  class=\"panel-grid-cell\" ><div id=\"panel-37-0-0-0\" class=\"so-panel widget widget_sow-editor panel-first-child panel-last-child\" data-index=\"0\" ><div class=\"so-widget-sow-editor so-widget-sow-editor-base\"><div class=\"siteorigin-widget-tinymce textwidget\">\n  \t<div class=\"mt-3 partners-wrapper\">\n\t\t<ul class=\"list-unstyled m-0 p-0 partner-grid\">\n\t\t\t<li>\n\t\t\t\t<div class=\"image\"><img decoding=\"async\" src=\"https:\/\/icsagroup.com\/wp-content\/themes\/icsa\/images\/partner-icon-1.svg\" alt=\"\"><\/div>\n\t\t\t\t<div class=\"content\">\n\t\t\t\t\t<h3>Exp\u00e9rience<\/h3>\n\t\t\t\t\t<p>90 Years of Corporate Experience<\/p>\n\t\t\t\t<\/div>\n\t\t\t<\/li>\n\t\t\t<li>\n\t\t\t\t<div class=\"image\"><img decoding=\"async\" src=\"https:\/\/icsagroup.com\/wp-content\/uploads\/2022\/03\/partner-icon-2.svg\" alt=\"\"><\/div>\n\t\t\t\t<div class=\"content\">\n\t\t\t\t\t<h3>Norme d\u2019excellence<\/h3>\n\t\t\t\t\t<p>ne soci\u00e9t\u00e9 certifi\u00e9e conform\u00e9ment \u00e0 son engagement en mati\u00e8re de qualit\u00e9, d\u2019environnement et d\u2019OSHAS\n\t\t\t\t\t<\/p>\n\t\t\t\t<\/div>\n\t\t\t<\/li>\n\t\t\t<li>\n\t\t\t\t<div class=\"image\"><img decoding=\"async\" src=\"https:\/\/icsagroup.com\/wp-content\/uploads\/2022\/03\/partner-icon-3.svg\" alt=\"\"><\/div>\n\t\t\t\t<div class=\"content\">\n\t\t\t\t\t<h3>\u00c9thique et valeurs solides<\/h3>\n\t\t\t\t\t<p>Instaurer la confiance gr\u00e2ce \u00e0 une transparence totale<\/p>\n\t\t\t\t<\/div>\n\t\t\t<\/li>\n\t\t\t<li>\n\t\t\t\t<div class=\"image\"><img decoding=\"async\" src=\"https:\/\/icsagroup.com\/wp-content\/uploads\/2022\/03\/partner-icon-4.svg\" alt=\"\"><\/div>\n\t\t\t\t<div class=\"content\">\n\t\t\t\t\t<h3>Rentabilit\u00e9<\/h3>\n\t\t\t\t\t<p>Des solutions personnalis\u00e9es et innovantes<\/p>\n\t\t\t\t<\/div>\n\t\t\t<\/li>\n\t\t\t<li>\n\t\t\t\t<div class=\"image\"><img decoding=\"async\" src=\"https:\/\/icsagroup.com\/wp-content\/uploads\/2022\/03\/partner-icon-5.svg\" alt=\"\"><\/div>\n\t\t\t\t<div class=\"content\">\n\t\t\t\t\t<h3>Partenariats intelligents<\/h3>\n\t\t\t\t\t<p>D\u00e9veloppement de partenariats strat\u00e9giques \u00e0 l\u2019\u00e9chelle mondiale<\/p>\n\t\t\t\t<\/div>\n\t\t\t<\/li>\n\t\t\t<li>\n\t\t\t\t<div class=\"image\"><img decoding=\"async\" src=\"https:\/\/icsagroup.com\/wp-content\/uploads\/2022\/03\/partner-icon-6.svg\" alt=\"\"><\/div>\n\t\t\t\t<div class=\"content\">\n\t\t\t\t\t<h3>Esprit d\u2019\u00e9quipe solide<\/h3>\n\t\t\t\t\t<p>Empowering and Nurturing\n\t\t\t\t\t\tour People<\/p>\n\t\t\t\t<\/div>\n\t\t\t<\/li>\n\t\t<\/ul>\n\t<\/div>\n\n\n<\/div><\/div><\/div><\/div><\/div><\/div>","protected":false},"excerpt":{"rendered":"<p>Experience 90 Years of Corporate Experience Cost &#8211; Effective Customized &#038; Innovative Solution Standard of Excellence A Company Certified in line with its Commitment to Quality, Environment, and OSHAS Smart Partnerships Building Strategic Partnerships Globally Strong Ethics &#038; Values Building Trust Through 100% Transparency Solid Teamwork Empowering and Nurturing our People<\/p>","protected":false},"author":1,"featured_media":0,"parent":9,"menu_order":0,"comment_status":"closed","ping_status":"closed","template":"","meta":{"footnotes":""},"class_list":["post-37","page","type-page","status-publish","hentry"],"_links":{"self":[{"href":"https:\/\/icsagroup.com\/fr\/wp-json\/wp\/v2\/pages\/37","targetHints":{"allow":["GET"]}}],"collection":[{"href":"https:\/\/icsagroup.com\/fr\/wp-json\/wp\/v2\/pages"}],"about":[{"href":"https:\/\/icsagroup.com\/fr\/wp-json\/wp\/v2\/types\/page"}],"author":[{"embeddable":true,"href":"https:\/\/icsagroup.com\/fr\/wp-json\/wp\/v2\/users\/1"}],"replies":[{"embeddable":true,"href":"https:\/\/icsagroup.com\/fr\/wp-json\/wp\/v2\/comments?post=37"}],"version-history":[{"count":3,"href":"https:\/\/icsagroup.com\/fr\/wp-json\/wp\/v2\/pages\/37\/revisions"}],"predecessor-version":[{"id":468,"href":"https:\/\/icsagroup.com\/fr\/wp-json\/wp\/v2\/pages\/37\/revisions\/468"}],"up":[{"embeddable":true,"href":"https:\/\/icsagroup.com\/fr\/wp-json\/wp\/v2\/pages\/9"}],"wp:attachment":[{"href":"https:\/\/icsagroup.com\/fr\/wp-json\/wp\/v2\/media?parent=37"}],"curies":[{"name":"wp","href":"https:\/\/api.w.org\/{rel}","templated":true}]}}