{"id":85,"date":"2022-02-09T16:05:07","date_gmt":"2022-02-09T16:05:07","guid":{"rendered":"https:\/\/codesandideas.in\/icsa-wp\/?page_id=85"},"modified":"2022-07-04T11:08:01","modified_gmt":"2022-07-04T11:08:01","slug":"who-we-are","status":"publish","type":"page","link":"https:\/\/icsagroup.com\/fr\/about-us\/who-we-are\/","title":{"rendered":"Qui nous sommes"},"content":{"rendered":"<div id=\"pl-85\"  class=\"panel-layout\" ><div id=\"pg-85-0\"  class=\"panel-grid panel-has-style\" ><div class=\"panel-row-style panel-row-style-for-85-0\" ><div id=\"pgc-85-0-0\"  class=\"panel-grid-cell\" ><div id=\"panel-85-0-0-0\" class=\"so-panel widget widget_media_image panel-first-child panel-last-child\" data-index=\"0\" ><img loading=\"lazy\" decoding=\"async\" width=\"853\" height=\"431\" src=\"https:\/\/icsagroup.com\/wp-content\/uploads\/2022\/04\/icsa-who-we-are.jpeg\" class=\"image wp-image-783  attachment-full size-full\" alt=\"\" style=\"max-width: 100%; height: auto;\" srcset=\"https:\/\/icsagroup.com\/wp-content\/uploads\/2022\/04\/icsa-who-we-are.jpeg 853w, https:\/\/icsagroup.com\/wp-content\/uploads\/2022\/04\/icsa-who-we-are-300x152.jpeg 300w, https:\/\/icsagroup.com\/wp-content\/uploads\/2022\/04\/icsa-who-we-are-768x388.jpeg 768w\" sizes=\"auto, (max-width: 853px) 100vw, 853px\" \/><\/div><\/div><\/div><\/div><div id=\"pg-85-1\"  class=\"panel-grid panel-has-style\" ><div class=\"panel-row-style panel-row-style-for-85-1\" ><div id=\"pgc-85-1-0\"  class=\"panel-grid-cell\" ><div id=\"panel-85-1-0-0\" class=\"so-panel widget widget_sow-editor panel-first-child panel-last-child\" data-index=\"1\" ><div class=\"so-widget-sow-editor so-widget-sow-editor-base\"><div class=\"siteorigin-widget-tinymce textwidget\">\n  <p>ICSA est un prestataire de services logistiques int\u00e9gr\u00e9s de longue date et bien \u00e9tabli, dont le si\u00e8ge est situ\u00e9 \u00e0 Chennai, avec des succursales dans plus de 10 grandes villes en Inde. Au cours des 90 derni\u00e8res ann\u00e9es depuis sa cr\u00e9ation, ICSA est devenue un acteur majeur dans le domaine de la logistique maritime et de la mobilit\u00e9.<\/p>\n<p>L\u2019organisation recherche constamment des opportunit\u00e9s passionnantes pour concevoir et mettre en \u0153uvre des solutions innovantes, en combinant des moyens maritimes et terrestres. ICSA croit au d\u00e9veloppement de r\u00e9seaux strat\u00e9giques et de partenariats solides \u00e0 l\u2019\u00e9chelle mondiale afin d\u2019ouvrir de nouvelles voies. Nous donnons la priorit\u00e9 \u00e0 nos ressources, notre exp\u00e9rience et notre expertise pour offrir un aper\u00e7u unique des opportunit\u00e9s de march\u00e9.<\/p>\n<\/div><\/div><\/div><\/div><div id=\"pgc-85-1-1\"  class=\"panel-grid-cell\" ><div id=\"panel-85-1-1-0\" class=\"so-panel widget widget_sow-editor panel-first-child panel-last-child\" data-index=\"2\" ><div class=\"so-widget-sow-editor so-widget-sow-editor-base\"><div class=\"siteorigin-widget-tinymce textwidget\">\n  <p>ICSA jouit d\u2019un grand respect aupr\u00e8s des autorit\u00e9s douani\u00e8res et maritimes indiennes. En collaboration avec elles, l\u2019entreprise a \u00e9t\u00e9 pionni\u00e8re dans de nombreuses initiatives gouvernementales majeures et a jou\u00e9 un r\u00f4le de premier plan dans leur mise en \u0153uvre au b\u00e9n\u00e9fice du commerce. Le gouvernement de l\u2019Inde a officiellement reconnu la contribution du groupe \u00e0 l\u2019industrie.<\/p>\n<p>Au cours des neuf derni\u00e8res d\u00e9cennies, ICSA a d\u00e9velopp\u00e9 de nombreuses opportunit\u00e9s de type \u00ab greenfield \u00bb et a b\u00e2ti des relations solides et tr\u00e8s fid\u00e8les avec nos clients, qui constituent la pierre angulaire de notre succ\u00e8s. Nous croyons fermement \u00e0 l\u2019\u00e9tablissement de relations durables avec nos clients et parties prenantes. La transparence et l\u2019\u00e9thique doivent primer pour instaurer la confiance, et ICSA est fi\u00e8re d\u2019avoir construit de telles relations au fil des d\u00e9cennies.<\/p>\n<\/div><\/div><\/div><\/div><\/div><\/div><\/div>","protected":false},"excerpt":{"rendered":"<p>ICSA is a long-standing and well-established Integrated Logistics Service Provider Headquartered in Chennai, with branches over 10 major cities in India. Over the last 90 years since its beginning, ICSA today has evolved into a leading player in Shipping Logistics and Mobility. The organisation is always looking for exciting opportunities to design and implement innovative [&hellip;]<\/p>","protected":false},"author":1,"featured_media":0,"parent":83,"menu_order":0,"comment_status":"closed","ping_status":"closed","template":"","meta":{"footnotes":""},"class_list":["post-85","page","type-page","status-publish","hentry"],"_links":{"self":[{"href":"https:\/\/icsagroup.com\/fr\/wp-json\/wp\/v2\/pages\/85","targetHints":{"allow":["GET"]}}],"collection":[{"href":"https:\/\/icsagroup.com\/fr\/wp-json\/wp\/v2\/pages"}],"about":[{"href":"https:\/\/icsagroup.com\/fr\/wp-json\/wp\/v2\/types\/page"}],"author":[{"embeddable":true,"href":"https:\/\/icsagroup.com\/fr\/wp-json\/wp\/v2\/users\/1"}],"replies":[{"embeddable":true,"href":"https:\/\/icsagroup.com\/fr\/wp-json\/wp\/v2\/comments?post=85"}],"version-history":[{"count":68,"href":"https:\/\/icsagroup.com\/fr\/wp-json\/wp\/v2\/pages\/85\/revisions"}],"predecessor-version":[{"id":329,"href":"https:\/\/icsagroup.com\/fr\/wp-json\/wp\/v2\/pages\/85\/revisions\/329"}],"up":[{"embeddable":true,"href":"https:\/\/icsagroup.com\/fr\/wp-json\/wp\/v2\/pages\/83"}],"wp:attachment":[{"href":"https:\/\/icsagroup.com\/fr\/wp-json\/wp\/v2\/media?parent=85"}],"curies":[{"name":"wp","href":"https:\/\/api.w.org\/{rel}","templated":true}]}}