{"id":87,"date":"2022-02-09T16:05:32","date_gmt":"2022-02-09T16:05:32","guid":{"rendered":"https:\/\/codesandideas.in\/icsa-wp\/?page_id=87"},"modified":"2022-03-28T11:19:53","modified_gmt":"2022-03-28T11:19:53","slug":"vision-mission-quality-policy-philosophy","status":"publish","type":"page","link":"https:\/\/icsagroup.com\/fr\/about-us\/vision-mission-quality-policy-philosophy\/","title":{"rendered":"Vision, Mission, Politique Qualit\u00e9 &amp; Philosophie"},"content":{"rendered":"<div id=\"pl-87\"  class=\"panel-layout\" ><div id=\"pg-87-0\"  class=\"panel-grid panel-has-style\" ><div class=\"panel-row-style panel-row-style-for-87-0\" ><div id=\"pgc-87-0-0\"  class=\"panel-grid-cell\" ><div id=\"panel-87-0-0-0\" class=\"so-panel widget widget_sow-editor panel-first-child panel-last-child\" data-index=\"0\" ><div class=\"title-left panel-widget-style panel-widget-style-for-87-0-0-0\" ><div class=\"so-widget-sow-editor so-widget-sow-editor-base\"><div class=\"siteorigin-widget-tinymce textwidget\">\n  \t<div class=\"vm-grid d-flex gap-5 flex-column mb-5 mt-3\">\n\t\t\t\t\t<div class=\"vm-item\">\n\t\t\t\t<h3 class=\"fw-bold\">Notre Vision<\/h3>\n\t\t\t\t<div class=\"d-flex jusitify-content-between content\">\n\t\t\t\t\t<div class=\"icon\"><img decoding=\"async\" src=\"https:\/\/icsagroup.com\/wp-content\/uploads\/2022\/03\/1.png\" alt=\"\"><\/div>\n\t\t\t\t\t<div class=\"text\">Devenir une marque embl\u00e9matique avec une pr\u00e9sence mondiale, offrant des solutions sp\u00e9cifiques pour relever les d\u00e9fis logistiques uniques de nos clients, gr\u00e2ce \u00e0 une approche logique et analytique, associant de mani\u00e8re optimale les personnes, les processus et la technologie.  <\/div>\n\t\t\t\t<\/div>\n\t\t\t<\/div>\n\t\t\t\t\t<div class=\"vm-item\">\n\t\t\t\t<h3 class=\"fw-bold\">Notre Mission<\/h3>\n\t\t\t\t<div class=\"d-flex jusitify-content-between content\">\n\t\t\t\t\t<div class=\"icon\"><img decoding=\"async\" src=\"https:\/\/icsagroup.com\/wp-content\/uploads\/2022\/03\/2.png\" alt=\"\"><\/div>\n\t\t\t\t\t<div class=\"text\">Encourager et responsabiliser une \u00e9quipe motiv\u00e9e de professionnels hautement qualifi\u00e9s, en se concentrant sur l\u2019\u00e9tablissement de relations \u00e0 long terme, en adoptant une approche consultative afin de garantir la transparence et la r\u00e9activit\u00e9 avec tous nos partenaires, assurant ainsi une croissance durable et inclusive, au b\u00e9n\u00e9fice mutuel de toutes nos parties prenantes.<\/div>\n\t\t\t\t<\/div>\n\t\t\t<\/div>\n\t\t\t\t\t<div class=\"vm-item\">\n\t\t\t\t<h3 class=\"fw-bold\">Politique Qualit\u00e9<\/h3>\n\t\t\t\t<div class=\"d-flex jusitify-content-between content\">\n\t\t\t\t\t<div class=\"icon\"><img decoding=\"async\" src=\"https:\/\/icsagroup.com\/wp-content\/uploads\/2022\/03\/3.png\" alt=\"\"><\/div>\n\t\t\t\t\t<div class=\"text\">Nous nous engageons \u00e0 offrir \u00e0 chacun de nos clients une proposition de valeur unique, gr\u00e2ce \u00e0 des solutions rentables et de premier ordre, en utilisant efficacement la technologie et l\u2019innovation, afin de les satisfaire pleinement \u00e0 chaque occasion. <\/div>\n\t\t\t\t<\/div>\n\t\t\t<\/div>\n\t\t\t<\/div>\n\n\n<\/div><\/div><\/div><\/div><\/div><\/div><\/div><div id=\"pg-87-1\"  class=\"panel-grid panel-has-style\" ><div class=\"siteorigin-panels-stretch panel-row-style panel-row-style-for-87-1\" data-stretch-type=\"full\" ><div id=\"pgc-87-1-0\"  class=\"panel-grid-cell\" ><div id=\"panel-87-1-0-0\" class=\"so-panel widget widget_sow-editor panel-first-child panel-last-child\" data-index=\"1\" ><div class=\"title-center panel-widget-style panel-widget-style-for-87-1-0-0\" ><div class=\"so-widget-sow-editor so-widget-sow-editor-base\">  <div class=\"section-title text-center mt-3 mb-4\">\n    <h2>VALEURS FONDAMENTALES<\/h2>\n  <\/div>\n<div class=\"siteorigin-widget-tinymce textwidget\">\n  <table class=\"icsa-group-table mt-5\">\n<tbody>\n<tr>\n<td>I<\/td>\n<td>Int\u00e9grit\u00e9 et transparence dans nos paroles et nos actions<\/td>\n<\/tr>\n<tr>\n<td>C<\/td>\n<td>Engag\u00e9s \u00e0 donner le meilleur de nous-m\u00eames gr\u00e2ce \u00e0 une analyse approfondie et une r\u00e9flexion logique<\/td>\n<\/tr>\n<tr>\n<td>S<\/td>\n<td>Sinc\u00e8res dans nos efforts pour ravir nos clients<\/td>\n<\/tr>\n<tr>\n<td>A<\/td>\n<td>Agiles et flexibles dans notre capacit\u00e9 \u00e0 nous adapter au changement<\/td>\n<\/tr>\n<tr>\n<td>G<\/td>\n<td>Orient\u00e9s vers la croissance dans notre approche \u2013 de mani\u00e8re durable et inclusive<\/td>\n<\/tr>\n<tr>\n<td>R<\/td>\n<td>Responsables dans nos actions \u2013 envers la soci\u00e9t\u00e9 et nos employ\u00e9s<\/td>\n<\/tr>\n<tr>\n<td>O<\/td>\n<td>Innovants et cr\u00e9atifs dans notre pens\u00e9e, en sortant des sentiers battus<\/td>\n<\/tr>\n<tr>\n<td>U<\/td>\n<td>In\u00e9branlables dans nos efforts pour surmonter les adversit\u00e9s<\/td>\n<\/tr>\n<tr>\n<td>P<\/td>\n<td>Personnel professionnel et motiv\u00e9 \u2013 notre force, notre colonne vert\u00e9brale<\/td>\n<\/tr>\n<\/tbody>\n<\/table>\n<\/div><\/div><\/div><\/div><\/div><\/div><\/div><\/div>","protected":false},"excerpt":{"rendered":"<p>I Integrity &amp; Transparency in our Words &amp; our Actions C Committed to give our best through careful analysis &amp; logical thought S Sincere in our Efforts to Delight our Customers A Agile &amp; Flexible in our Ability to Adapt to Change G Growth Focussed in our Approach, Sustainably &amp; Inclusively R Responsible in our [&hellip;]<\/p>","protected":false},"author":1,"featured_media":0,"parent":83,"menu_order":0,"comment_status":"closed","ping_status":"closed","template":"","meta":{"footnotes":""},"class_list":["post-87","page","type-page","status-publish","hentry"],"_links":{"self":[{"href":"https:\/\/icsagroup.com\/fr\/wp-json\/wp\/v2\/pages\/87","targetHints":{"allow":["GET"]}}],"collection":[{"href":"https:\/\/icsagroup.com\/fr\/wp-json\/wp\/v2\/pages"}],"about":[{"href":"https:\/\/icsagroup.com\/fr\/wp-json\/wp\/v2\/types\/page"}],"author":[{"embeddable":true,"href":"https:\/\/icsagroup.com\/fr\/wp-json\/wp\/v2\/users\/1"}],"replies":[{"embeddable":true,"href":"https:\/\/icsagroup.com\/fr\/wp-json\/wp\/v2\/comments?post=87"}],"version-history":[{"count":75,"href":"https:\/\/icsagroup.com\/fr\/wp-json\/wp\/v2\/pages\/87\/revisions"}],"predecessor-version":[{"id":710,"href":"https:\/\/icsagroup.com\/fr\/wp-json\/wp\/v2\/pages\/87\/revisions\/710"}],"up":[{"embeddable":true,"href":"https:\/\/icsagroup.com\/fr\/wp-json\/wp\/v2\/pages\/83"}],"wp:attachment":[{"href":"https:\/\/icsagroup.com\/fr\/wp-json\/wp\/v2\/media?parent=87"}],"curies":[{"name":"wp","href":"https:\/\/api.w.org\/{rel}","templated":true}]}}