{"id":89,"date":"2022-02-09T16:05:45","date_gmt":"2022-02-09T16:05:45","guid":{"rendered":"https:\/\/codesandideas.in\/icsa-wp\/?page_id=89"},"modified":"2022-07-28T05:51:44","modified_gmt":"2022-07-28T05:51:44","slug":"history","status":"publish","type":"page","link":"https:\/\/icsagroup.com\/fr\/about-us\/history\/","title":{"rendered":"Notre histoire"},"content":{"rendered":"<div id=\"pl-89\"  class=\"panel-layout\" ><div id=\"pg-89-0\"  class=\"panel-grid panel-no-style\" ><div id=\"pgc-89-0-0\"  class=\"panel-grid-cell\" ><div id=\"panel-89-0-0-0\" class=\"so-panel widget widget_sow-image panel-first-child\" data-index=\"0\" ><div class=\"so-widget-sow-image so-widget-sow-image-default-d6014b76747a-89\">\n\n<div class=\"sow-image-container\">\n\t\t<img decoding=\"async\" src=\"https:\/\/icsagroup.com\/wp-content\/uploads\/2022\/02\/K.-J.-SEETHARAMAN.png\" width=\"710\" height=\"650\" srcset=\"https:\/\/icsagroup.com\/wp-content\/uploads\/2022\/02\/K.-J.-SEETHARAMAN.png 710w, https:\/\/icsagroup.com\/wp-content\/uploads\/2022\/02\/K.-J.-SEETHARAMAN-300x275.png 300w\" sizes=\"auto, (max-width: 710px) 100vw, 710px\" title=\"K. J. SEETHARAMAN\" alt=\"\" loading=\"lazy\" \t\tclass=\"so-widget-image\"\/>\n\t<\/div>\n\n<\/div><\/div><div id=\"panel-89-0-0-1\" class=\"so-panel widget widget_sow-editor panel-last-child\" data-index=\"1\" ><div class=\"so-widget-sow-editor so-widget-sow-editor-base\"><div class=\"siteorigin-widget-tinymce textwidget\">\n  <p style=\"text-align: center;\"><strong>K. J. SEETHARAMAN<\/strong><br \/>\n31 mars 1938 \u2013 06 d\u00e9c. 1993<\/p>\n<\/div><\/div><\/div><\/div><div id=\"pgc-89-0-1\"  class=\"panel-grid-cell\" ><div id=\"panel-89-0-1-0\" class=\"so-panel widget widget_sow-image panel-first-child\" data-index=\"2\" ><div class=\"so-widget-sow-image so-widget-sow-image-default-d6014b76747a-89\">\n\n<div class=\"sow-image-container\">\n\t\t<img decoding=\"async\" src=\"https:\/\/icsagroup.com\/wp-content\/uploads\/2022\/02\/K.-S.-JANAKIRAMAN.png\" width=\"710\" height=\"650\" srcset=\"https:\/\/icsagroup.com\/wp-content\/uploads\/2022\/02\/K.-S.-JANAKIRAMAN.png 710w, https:\/\/icsagroup.com\/wp-content\/uploads\/2022\/02\/K.-S.-JANAKIRAMAN-300x275.png 300w\" sizes=\"auto, (max-width: 710px) 100vw, 710px\" title=\"K. S. JANAKIRAMAN\" alt=\"\" loading=\"lazy\" \t\tclass=\"so-widget-image\"\/>\n\t<\/div>\n\n<\/div><\/div><div id=\"panel-89-0-1-1\" class=\"so-panel widget widget_sow-editor panel-last-child\" data-index=\"3\" ><div class=\"so-widget-sow-editor so-widget-sow-editor-base\"><div class=\"siteorigin-widget-tinymce textwidget\">\n  <p style=\"text-align: center;\"><strong>K. S. JANAKIRAMAN<\/strong><br \/>\n24 d\u00e9c. 1912 \u2013 20 d\u00e9c. 1974<\/p>\n<\/div><\/div><\/div><\/div><div id=\"pgc-89-0-2\"  class=\"panel-grid-cell\" ><div id=\"panel-89-0-2-0\" class=\"so-panel widget widget_sow-image panel-first-child\" data-index=\"4\" ><div class=\"so-widget-sow-image so-widget-sow-image-default-d6014b76747a-89\">\n\n<div class=\"sow-image-container\">\n\t\t<img decoding=\"async\" src=\"https:\/\/icsagroup.com\/wp-content\/uploads\/2022\/02\/K.-J.-RAMASWAMY.png\" width=\"710\" height=\"650\" srcset=\"https:\/\/icsagroup.com\/wp-content\/uploads\/2022\/02\/K.-J.-RAMASWAMY.png 710w, https:\/\/icsagroup.com\/wp-content\/uploads\/2022\/02\/K.-J.-RAMASWAMY-300x275.png 300w\" sizes=\"auto, (max-width: 710px) 100vw, 710px\" title=\"K. J. RAMASWAMY\" alt=\"\" loading=\"lazy\" \t\tclass=\"so-widget-image\"\/>\n\t<\/div>\n\n<\/div><\/div><div id=\"panel-89-0-2-1\" class=\"so-panel widget widget_sow-editor panel-last-child\" data-index=\"5\" ><div class=\"so-widget-sow-editor so-widget-sow-editor-base\"><div class=\"siteorigin-widget-tinymce textwidget\">\n  <p style=\"text-align: center;\"><strong>K. J. RAMASWAMY<\/strong><br \/>\n07 mars 1946 \u2013 30 juil. 2018<\/p>\n<\/div><\/div><\/div><\/div><\/div><div id=\"pg-89-1\"  class=\"panel-grid panel-no-style\" ><div id=\"pgc-89-1-0\"  class=\"panel-grid-cell\" ><div id=\"panel-89-1-0-0\" class=\"so-panel widget widget_sow-editor panel-first-child panel-last-child\" data-index=\"6\" ><div class=\"so-widget-sow-editor so-widget-sow-editor-base\"><div class=\"siteorigin-widget-tinymce textwidget\">\n  <p style=\"text-align: center;\">International Clearing and Shipping Agency (India) Private Limited est l\u2019entreprise phare du groupe ICSA. L\u2019histoire de l\u2019ICSA commence en 1931, bien avant que l\u2019Inde n\u2019obtienne son ind\u00e9pendance, lorsque l\u2019ICSA fit ses d\u00e9buts modestes en tant que bureau de d\u00e9douanement pour les marchandises import\u00e9es d\u2019autres pays. En 1936, notre fondateur, Shri K.S. Janakiraman, un gentleman tr\u00e8s avis\u00e9 et entreprenant, acheta cette soci\u00e9t\u00e9 aux anciens propri\u00e9taires et lan\u00e7a ainsi l\u2019aventure entrepreneuriale pour les g\u00e9n\u00e9rations \u00e0 venir. Au cours des derni\u00e8res d\u00e9cennies, le groupe ICSA a vu \u00e9merger de nombreux dirigeants \u00e9minents issus de la famille ainsi que des professionnels ext\u00e9rieurs.<\/p>\n<p style=\"text-align: center;\">ICSA fut pionnier dans le secteur des agences maritimes et responsable de l\u2019introduction du transport maritime conteneuris\u00e9 dans le sud de l\u2019Inde. En 1949, ICSA obtint sa premi\u00e8re nomination directe en tant qu\u2019agent pour Gdynia America Shipping Lines (devenue plus tard East India Shipping Company, puis reprise par Polish Ocean Lines) et, en 1954, ICSA fut \u00e9galement nomm\u00e9 agent g\u00e9n\u00e9ral pour Mitsui Line du Japon sur la c\u00f4te Est de l\u2019Inde. Cela marque le d\u00e9but des grands progr\u00e8s du groupe dans l\u2019industrie maritime.<\/p>\n<p style=\"text-align: center;\">Au fil des d\u00e9cennies, ICSA a grandi de succ\u00e8s en succ\u00e8s et a \u00e9t\u00e9 \u00e0 l\u2019origine de nombreuses premi\u00e8res dans le sud de l\u2019Inde en mati\u00e8re de services maritimes. Actuellement, l\u2019entreprise est dirig\u00e9e par la troisi\u00e8me g\u00e9n\u00e9ration de dirigeants, qui ont su orienter le groupe avec succ\u00e8s et consolider sa position de leader dans les domaines de la navigation, de la logistique et de la mobilit\u00e9.<\/p>\n<\/div><\/div><\/div><\/div><\/div><\/div>","protected":false},"excerpt":{"rendered":"<p>K. J. SEETHARAMAN MAR 31, 1938 &#8211; DEC 06, 1993 K. S. JANAKIRAMAN DEC 24, 1912 &#8211; DEC 20, 1974 K. J. RAMASWAMY MAR 07, 1946 &#8211; JUL 30, 2018 International Clearing and Shipping Agency (India) Private Limited is the flagship company of the ICSA group. The Story of the ICSA begins in 1931, way [&hellip;]<\/p>","protected":false},"author":1,"featured_media":0,"parent":83,"menu_order":0,"comment_status":"closed","ping_status":"closed","template":"","meta":{"footnotes":""},"class_list":["post-89","page","type-page","status-publish","hentry"],"_links":{"self":[{"href":"https:\/\/icsagroup.com\/fr\/wp-json\/wp\/v2\/pages\/89","targetHints":{"allow":["GET"]}}],"collection":[{"href":"https:\/\/icsagroup.com\/fr\/wp-json\/wp\/v2\/pages"}],"about":[{"href":"https:\/\/icsagroup.com\/fr\/wp-json\/wp\/v2\/types\/page"}],"author":[{"embeddable":true,"href":"https:\/\/icsagroup.com\/fr\/wp-json\/wp\/v2\/users\/1"}],"replies":[{"embeddable":true,"href":"https:\/\/icsagroup.com\/fr\/wp-json\/wp\/v2\/comments?post=89"}],"version-history":[{"count":32,"href":"https:\/\/icsagroup.com\/fr\/wp-json\/wp\/v2\/pages\/89\/revisions"}],"predecessor-version":[{"id":1007,"href":"https:\/\/icsagroup.com\/fr\/wp-json\/wp\/v2\/pages\/89\/revisions\/1007"}],"up":[{"embeddable":true,"href":"https:\/\/icsagroup.com\/fr\/wp-json\/wp\/v2\/pages\/83"}],"wp:attachment":[{"href":"https:\/\/icsagroup.com\/fr\/wp-json\/wp\/v2\/media?parent=89"}],"curies":[{"name":"wp","href":"https:\/\/api.w.org\/{rel}","templated":true}]}}