{"id":91,"date":"2022-02-09T16:06:05","date_gmt":"2022-02-09T16:06:05","guid":{"rendered":"https:\/\/codesandideas.in\/icsa-wp\/?page_id=91"},"modified":"2022-03-10T19:01:21","modified_gmt":"2022-03-10T19:01:21","slug":"milestone","status":"publish","type":"page","link":"https:\/\/icsagroup.com\/fr\/about-us\/milestone\/","title":{"rendered":"\u00c9tapes cl\u00e9s"},"content":{"rendered":"<div class=\"timeline-wrapper position-relative\">\n\t\t<div class=\"timeline position-relative\">\n\t\t\t<div class=\"line\"><\/div>\n\t\t\t<div class=\"entries\">\n\n\t\t\t\t\n\t\t\t\t\t<div class=\"entry\">\n\t\t\t\t\t\t<div class=\"fw-bold title fs-1 big\">1931<\/div>\n\t\t\t\t\t\t<div class=\"body\">\n\t\t\t\t\t\t\t<p class=\"fs-4\">Cr\u00e9ation de l\u2019International Clearing &amp; Shipping Agency<\/p>\n\t\t\t\t\t\t<\/div>\n\t\t\t\t\t<\/div>\n\t\t\t\t\n\t\t\t\t\t<div class=\"entry\">\n\t\t\t\t\t\t<div class=\"fw-bold title fs-1 big\">1936<\/div>\n\t\t\t\t\t\t<div class=\"body\">\n\t\t\t\t\t\t\t<p class=\"fs-4\">Entr\u00e9e de \u00ab l\u2019Architecte \u00bb K.S. Janakiraman<\/p>\n\t\t\t\t\t\t<\/div>\n\t\t\t\t\t<\/div>\n\t\t\t\t\n\t\t\t\t\t<div class=\"entry\">\n\t\t\t\t\t\t<div class=\"fw-bold title fs-1 big\">1949<\/div>\n\t\t\t\t\t\t<div class=\"body\">\n\t\t\t\t\t\t\t<p class=\"fs-4\">Premi\u00e8re nomination en tant qu\u2019agent pour Gdynia America Shipping Line de Pologne<\/p>\n\t\t\t\t\t\t<\/div>\n\t\t\t\t\t<\/div>\n\t\t\t\t\n\t\t\t\t\t<div class=\"entry\">\n\t\t\t\t\t\t<div class=\"fw-bold title fs-1 big\">1951<\/div>\n\t\t\t\t\t\t<div class=\"body\">\n\t\t\t\t\t\t\t<p class=\"fs-4\">Nomination en tant qu\u2019agent pour Mitsui Line de Tokyo<\/p>\n\t\t\t\t\t\t<\/div>\n\t\t\t\t\t<\/div>\n\t\t\t\t\n\t\t\t\t\t<div class=\"entry\">\n\t\t\t\t\t\t<div class=\"fw-bold title fs-1 big\">1998<\/div>\n\t\t\t\t\t\t<div class=\"body\">\n\t\t\t\t\t\t\t<p class=\"fs-4\">Lancement des op\u00e9rations de la division transport routier<\/p>\n\t\t\t\t\t\t<\/div>\n\t\t\t\t\t<\/div>\n\t\t\t\t\n\t\t\t\t\t<div class=\"entry\">\n\t\t\t\t\t\t<div class=\"fw-bold title fs-1 big\">2000<\/div>\n\t\t\t\t\t\t<div class=\"body\">\n\t\t\t\t\t\t\t<p class=\"fs-4\">ICSA obtient les certifications IATA<\/p>\n\t\t\t\t\t\t<\/div>\n\t\t\t\t\t<\/div>\n\t\t\t\t\n\t\t\t\t\t<div class=\"entry\">\n\t\t\t\t\t\t<div class=\"fw-bold title fs-1 big\">2003<\/div>\n\t\t\t\t\t\t<div class=\"body\">\n\t\t\t\t\t\t\t<p class=\"fs-4\">ICSA est certifi\u00e9e comme Op\u00e9rateur de Transport Multimodal<\/p>\n\t\t\t\t\t\t<\/div>\n\t\t\t\t\t<\/div>\n\t\t\t\t\n\t\t\t\t\t<div class=\"entry\">\n\t\t\t\t\t\t<div class=\"fw-bold title fs-1 big\">2009<\/div>\n\t\t\t\t\t\t<div class=\"body\">\n\t\t\t\t\t\t\t<p class=\"fs-4\">D\u00e9but des op\u00e9rations du terminal portuaire ITV aux ports DP World Chennai et Vallarpadam<\/p>\n\t\t\t\t\t\t<\/div>\n\t\t\t\t\t<\/div>\n\t\t\t\t\n\t\t\t\t\t<div class=\"entry\">\n\t\t\t\t\t\t<div class=\"fw-bold title fs-1 big\">2015<\/div>\n\t\t\t\t\t\t<div class=\"body\">\n\t\t\t\t\t\t\t<p class=\"fs-4\">Lancement de ses propres op\u00e9rations CFS<\/p>\n\t\t\t\t\t\t<\/div>\n\t\t\t\t\t<\/div>\n\t\t\t\t\n\t\t\t\t\t<div class=\"entry\">\n\t\t\t\t\t\t<div class=\"fw-bold title fs-1 big\">2018<\/div>\n\t\t\t\t\t\t<div class=\"body\">\n\t\t\t\t\t\t\t<p class=\"fs-4\">Certification en tant qu\u2019Op\u00e9rateur \u00c9conomique Agr\u00e9\u00e9 (OEA) pour la logistique<\/p>\n\t\t\t\t\t\t<\/div>\n\t\t\t\t\t<\/div>\n\t\t\t\t\n\t\t\t<\/div>\n\t\t<\/div>\n\t<\/div>\n\t<br>\n\t<br>\n\t<br>\n\t<br>","protected":false},"excerpt":{"rendered":"","protected":false},"author":1,"featured_media":0,"parent":83,"menu_order":0,"comment_status":"closed","ping_status":"closed","template":"","meta":{"footnotes":""},"class_list":["post-91","page","type-page","status-publish","hentry"],"_links":{"self":[{"href":"https:\/\/icsagroup.com\/fr\/wp-json\/wp\/v2\/pages\/91","targetHints":{"allow":["GET"]}}],"collection":[{"href":"https:\/\/icsagroup.com\/fr\/wp-json\/wp\/v2\/pages"}],"about":[{"href":"https:\/\/icsagroup.com\/fr\/wp-json\/wp\/v2\/types\/page"}],"author":[{"embeddable":true,"href":"https:\/\/icsagroup.com\/fr\/wp-json\/wp\/v2\/users\/1"}],"replies":[{"embeddable":true,"href":"https:\/\/icsagroup.com\/fr\/wp-json\/wp\/v2\/comments?post=91"}],"version-history":[{"count":5,"href":"https:\/\/icsagroup.com\/fr\/wp-json\/wp\/v2\/pages\/91\/revisions"}],"predecessor-version":[{"id":528,"href":"https:\/\/icsagroup.com\/fr\/wp-json\/wp\/v2\/pages\/91\/revisions\/528"}],"up":[{"embeddable":true,"href":"https:\/\/icsagroup.com\/fr\/wp-json\/wp\/v2\/pages\/83"}],"wp:attachment":[{"href":"https:\/\/icsagroup.com\/fr\/wp-json\/wp\/v2\/media?parent=91"}],"curies":[{"name":"wp","href":"https:\/\/api.w.org\/{rel}","templated":true}]}}