{"id":93,"date":"2022-02-09T16:06:18","date_gmt":"2022-02-09T16:06:18","guid":{"rendered":"https:\/\/codesandideas.in\/icsa-wp\/?page_id=93"},"modified":"2022-05-03T05:40:20","modified_gmt":"2022-05-03T05:40:20","slug":"business-approach","status":"publish","type":"page","link":"https:\/\/icsagroup.com\/fr\/about-us\/business-approach\/","title":{"rendered":"Approche commerciale"},"content":{"rendered":"<div id=\"pl-93\"  class=\"panel-layout\" ><div id=\"pg-93-0\"  class=\"panel-grid panel-has-style\" ><div class=\"siteorigin-panels-stretch panel-row-style panel-row-style-for-93-0\" data-stretch-type=\"full\" ><div id=\"pgc-93-0-0\"  class=\"panel-grid-cell\" ><div id=\"panel-93-0-0-0\" class=\"so-panel widget widget_sow-editor panel-first-child panel-last-child\" data-index=\"0\" ><div class=\"text-center title-color-blue panel-widget-style panel-widget-style-for-93-0-0-0\" ><div class=\"so-widget-sow-editor so-widget-sow-editor-base\"><div class=\"siteorigin-widget-tinymce textwidget\">\n  <h5>Chez ICSA, nous nous effor\u00e7ons d\u2019apporter une valeur ajout\u00e9e consid\u00e9rable et de r\u00e9soudre les d\u00e9fis logistiques de nos clients. Nous croyons fermement que tous les d\u00e9fis et probl\u00e8mes peuvent \u00eatre r\u00e9solus avec la bonne attitude et la bonne approche. Chez ICSA, nous excellons dans cette approche. Notre mantra commercial est de fournir la meilleure plateforme o\u00f9 Personnes | Performance | Partenariat sont parfaitement \u00e9quilibr\u00e9s et int\u00e9gr\u00e9s de mani\u00e8re coh\u00e9rente avec notre niveau de service et notre offre.<\/h5>\n<\/div><\/div><\/div><\/div><\/div><div id=\"pgc-93-0-1\"  class=\"panel-grid-cell\" ><div id=\"panel-93-0-1-0\" class=\"so-panel widget widget_sow-image panel-first-child panel-last-child\" data-index=\"1\" ><div class=\"so-widget-sow-image so-widget-sow-image-default-4b231843ec72-93\">\n\n<div class=\"sow-image-container\">\n\t\t<img decoding=\"async\" src=\"https:\/\/icsagroup.com\/wp-content\/uploads\/2022\/02\/Mask-Group-1.png\" width=\"662\" height=\"619\" srcset=\"https:\/\/icsagroup.com\/wp-content\/uploads\/2022\/02\/Mask-Group-1.png 662w, https:\/\/icsagroup.com\/wp-content\/uploads\/2022\/02\/Mask-Group-1-300x281.png 300w\" sizes=\"auto, (max-width: 662px) 100vw, 662px\" title=\"Mask Group 1\" alt=\"\" loading=\"lazy\" \t\tclass=\"so-widget-image\"\/>\n\t<\/div>\n\n<\/div><\/div><\/div><\/div><\/div><div id=\"pg-93-1\"  class=\"panel-grid panel-no-style\" ><div id=\"pgc-93-1-0\"  class=\"panel-grid-cell\" ><div id=\"panel-93-1-0-0\" class=\"so-panel widget widget_sow-editor panel-first-child\" data-index=\"2\" ><div class=\"so-widget-sow-editor so-widget-sow-editor-base\">  <div class=\"section-title text-left mt-3 mb-4\">\n    <h2>Personnes<\/h2>\n  <\/div>\n<div class=\"siteorigin-widget-tinymce textwidget\">\n  <p>ICSA croit fermement \u00e0 l\u2019importance de former et d\u2019habiliter nos collaborateurs afin qu\u2019ils deviennent les ambassadeurs de notre vision et de notre mission, nous diff\u00e9renciant ainsi de nos concurrents. Nous encourageons nos collaborateurs \u00e0 adopter un raisonnement logique et analytique, \u00e0 \u00eatre transparents et honn\u00eates dans leurs actions, \u00e0 faire preuve d\u2019empathie et \u00e0 s\u2019engager pleinement aupr\u00e8s des diff\u00e9rentes parties prenantes.<\/p>\n<p><strong>CHEZ ICSA, NOS GENS SONT NOTRE FORCE.<\/strong><\/p>\n<\/div><\/div><\/div><div id=\"panel-93-1-0-1\" class=\"so-panel widget widget_media_image panel-last-child\" data-index=\"3\" ><img loading=\"lazy\" decoding=\"async\" width=\"300\" height=\"267\" src=\"https:\/\/icsagroup.com\/wp-content\/uploads\/2022\/02\/People-300x267.jpg\" class=\"image wp-image-260  attachment-medium size-medium\" alt=\"\" style=\"max-width: 100%; height: auto;\" srcset=\"https:\/\/icsagroup.com\/wp-content\/uploads\/2022\/02\/People-300x267.jpg 300w, https:\/\/icsagroup.com\/wp-content\/uploads\/2022\/02\/People-768x682.jpg 768w, https:\/\/icsagroup.com\/wp-content\/uploads\/2022\/02\/People.jpg 806w\" sizes=\"auto, (max-width: 300px) 100vw, 300px\" \/><\/div><\/div><div id=\"pgc-93-1-1\"  class=\"panel-grid-cell\" ><div id=\"panel-93-1-1-0\" class=\"so-panel widget widget_media_image panel-first-child\" data-index=\"4\" ><div class=\"panel-widget-style panel-widget-style-for-93-1-1-0\" ><img loading=\"lazy\" decoding=\"async\" width=\"300\" height=\"267\" src=\"https:\/\/icsagroup.com\/wp-content\/uploads\/2022\/02\/Performance-300x267.jpg\" class=\"image wp-image-259  attachment-medium size-medium\" alt=\"\" style=\"max-width: 100%; height: auto;\" srcset=\"https:\/\/icsagroup.com\/wp-content\/uploads\/2022\/02\/Performance-300x267.jpg 300w, https:\/\/icsagroup.com\/wp-content\/uploads\/2022\/02\/Performance-768x682.jpg 768w, https:\/\/icsagroup.com\/wp-content\/uploads\/2022\/02\/Performance.jpg 806w\" sizes=\"auto, (max-width: 300px) 100vw, 300px\" \/><\/div><\/div><div id=\"panel-93-1-1-1\" class=\"so-panel widget widget_sow-editor panel-last-child\" data-index=\"5\" ><div class=\"so-widget-sow-editor so-widget-sow-editor-base\">  <div class=\"section-title text-left mt-3 mb-4\">\n    <h2>Performance<\/h2>\n  <\/div>\n<div class=\"siteorigin-widget-tinymce textwidget\">\n  <p>\u00catre efficace, efficient et innovant constitue notre principal objectif en mati\u00e8re de performance. Nous sommes fiers de notre vaste h\u00e9ritage et de la sagesse accumul\u00e9e, qui nous permettent de comprendre, d\u2019identifier, de planifier et d\u2019ex\u00e9cuter parfaitement les bonnes solutions logistiques pour nos clients. Nous vous promettons de vous accompagner tout au long du processus.<\/p>\n<p><strong>C\u2019EST UNE PROMESSE ICSA.<\/strong><\/p>\n<\/div><\/div><\/div><\/div><div id=\"pgc-93-1-2\"  class=\"panel-grid-cell\" ><div id=\"panel-93-1-2-0\" class=\"so-panel widget widget_sow-editor panel-first-child\" data-index=\"6\" ><div class=\"so-widget-sow-editor so-widget-sow-editor-base\">  <div class=\"section-title text-left mt-3 mb-4\">\n    <h2>Partenariat<\/h2>\n  <\/div>\n<div class=\"siteorigin-widget-tinymce textwidget\">\n  <p>Comprendre la force de notre r\u00e9seau et \u00e9tablir des partenariats intelligents afin de fournir les meilleures solutions disponibles joue un r\u00f4le d\u00e9terminant dans notre offre. Notre force r\u00e9side dans notre capacit\u00e9 \u00e0 relier tous les points et \u00e0 collaborer avec divers partenaires, tant au niveau national qu\u2019international, pour vous offrir des r\u00e9sultats optimaux.<\/p>\n<p><strong>CHEZ ICSA, NOUS CR\u00c9ONS DES PARTENARIATS GAGNANTS.<\/strong><\/p>\n<\/div><\/div><\/div><div id=\"panel-93-1-2-1\" class=\"so-panel widget widget_media_image panel-last-child\" data-index=\"7\" ><img loading=\"lazy\" decoding=\"async\" width=\"300\" height=\"267\" src=\"https:\/\/icsagroup.com\/wp-content\/uploads\/2022\/02\/Partnerships-300x267.jpg\" class=\"image wp-image-261  attachment-medium size-medium\" alt=\"\" style=\"max-width: 100%; height: auto;\" srcset=\"https:\/\/icsagroup.com\/wp-content\/uploads\/2022\/02\/Partnerships-300x267.jpg 300w, https:\/\/icsagroup.com\/wp-content\/uploads\/2022\/02\/Partnerships-768x682.jpg 768w, https:\/\/icsagroup.com\/wp-content\/uploads\/2022\/02\/Partnerships.jpg 806w\" sizes=\"auto, (max-width: 300px) 100vw, 300px\" \/><\/div><\/div><\/div><\/div>","protected":false},"excerpt":{"rendered":"<p>At ICSA, we strive towards adding immense value and solving our customers&#8217; logistics challenges. We strongly believe all challenges and problems can be solved with the right attitude and approach towards it. At\u00a0 ICSA, we excel in this approach. Our Business mantra is to provide the best platform People | Performance | Partnership is perfectly\u00a0 [&hellip;]<\/p>","protected":false},"author":1,"featured_media":0,"parent":83,"menu_order":0,"comment_status":"closed","ping_status":"closed","template":"","meta":{"footnotes":""},"class_list":["post-93","page","type-page","status-publish","hentry"],"_links":{"self":[{"href":"https:\/\/icsagroup.com\/fr\/wp-json\/wp\/v2\/pages\/93","targetHints":{"allow":["GET"]}}],"collection":[{"href":"https:\/\/icsagroup.com\/fr\/wp-json\/wp\/v2\/pages"}],"about":[{"href":"https:\/\/icsagroup.com\/fr\/wp-json\/wp\/v2\/types\/page"}],"author":[{"embeddable":true,"href":"https:\/\/icsagroup.com\/fr\/wp-json\/wp\/v2\/users\/1"}],"replies":[{"embeddable":true,"href":"https:\/\/icsagroup.com\/fr\/wp-json\/wp\/v2\/comments?post=93"}],"version-history":[{"count":42,"href":"https:\/\/icsagroup.com\/fr\/wp-json\/wp\/v2\/pages\/93\/revisions"}],"predecessor-version":[{"id":886,"href":"https:\/\/icsagroup.com\/fr\/wp-json\/wp\/v2\/pages\/93\/revisions\/886"}],"up":[{"embeddable":true,"href":"https:\/\/icsagroup.com\/fr\/wp-json\/wp\/v2\/pages\/83"}],"wp:attachment":[{"href":"https:\/\/icsagroup.com\/fr\/wp-json\/wp\/v2\/media?parent=93"}],"curies":[{"name":"wp","href":"https:\/\/api.w.org\/{rel}","templated":true}]}}